{"id":3528,"date":"2023-08-16T14:01:59","date_gmt":"2023-08-16T12:01:59","guid":{"rendered":"https:\/\/prixbrandstore.com\/privacy-policy\/"},"modified":"2025-07-25T03:25:08","modified_gmt":"2025-07-25T01:25:08","slug":"privacy-policy","status":"publish","type":"page","link":"https:\/\/prixbrandstore.com\/de\/privacy-policy\/","title":{"rendered":"Privacy policy"},"content":{"rendered":"\t\t<div data-elementor-type=\"wp-page\" data-elementor-id=\"3528\" class=\"elementor elementor-3528 elementor-25\" data-elementor-post-type=\"page\">\n\t\t\t\t<div class=\"elementor-element elementor-element-3f79948 e-flex e-con-boxed e-con e-parent\" data-id=\"3f79948\" data-element_type=\"container\" data-e-type=\"container\" data-settings=\"{&quot;background_background&quot;:&quot;gradient&quot;}\">\n\t\t\t\t\t<div class=\"e-con-inner\">\n\t\t<div class=\"elementor-element elementor-element-565061e e-flex e-con-boxed e-con e-child\" data-id=\"565061e\" data-element_type=\"container\" data-e-type=\"container\" data-settings=\"{&quot;background_background&quot;:&quot;classic&quot;}\">\n\t\t\t\t\t<div class=\"e-con-inner\">\n\t\t\t\t<div class=\"elementor-element elementor-element-49ca91c elementor-widget elementor-widget-heading\" data-id=\"49ca91c\" data-element_type=\"widget\" data-e-type=\"widget\" data-widget_type=\"heading.default\">\n\t\t\t\t<div class=\"elementor-widget-container\">\n\t\t\t\t\t<h1 class=\"elementor-heading-title elementor-size-default\">Datenschutzerkl\u00e4rung<\/h1>\t\t\t\t<\/div>\n\t\t\t\t<\/div>\n\t\t\t\t<div class=\"elementor-element elementor-element-d1e7170 elementor-widget elementor-widget-text-editor\" data-id=\"d1e7170\" data-element_type=\"widget\" data-e-type=\"widget\" data-widget_type=\"text-editor.default\">\n\t\t\t\t<div class=\"elementor-widget-container\">\n\t\t\t\t\t\t\t\t\t<p data-start=\"70\" data-end=\"121\"><strong data-start=\"97\" data-end=\"121\">Begriffsbestimmungen<\/strong><\/p><p data-start=\"123\" data-end=\"361\">a. <strong data-start=\"126\" data-end=\"153\">Datenschutzbestimmungen<\/strong>: diese Datenschutzbestimmungen;<br data-start=\"185\" data-end=\"188\" \/>b. <strong data-start=\"191\" data-end=\"203\">Benutzer<\/strong>: jeder Nutzer der Website;<br data-start=\"230\" data-end=\"233\" \/>c. <strong data-start=\"236\" data-end=\"262\">Verantwortliche Partei<\/strong>: Prix Brandstore, <a class=\"cursor-pointer\" rel=\"noopener\" data-start=\"281\" data-end=\"304\">info@prixbrandstore.com<\/a>;<br data-start=\"305\" data-end=\"308\" \/>d. <strong data-start=\"311\" data-end=\"322\">Website<\/strong>: die Website unter prixbrandstore.com.<\/p><p data-start=\"363\" data-end=\"382\"><strong>1 Allgemeines<\/strong><\/p><p data-start=\"383\" data-end=\"643\">1.1 Diese Datenschutzbestimmungen beschreiben, wie die Verantwortliche Partei die personenbezogenen Daten ihrer Benutzer verarbeitet.<br data-start=\"516\" data-end=\"519\" \/>1.2 Die von der Verantwortlichen Partei verarbeiteten personenbezogenen Daten sind Name, (E-Mail-)Adresse und Telefonnummer.<\/p><p data-start=\"645\" data-end=\"697\"><strong>2 Erhebung und Nutzung personenbezogener Daten<\/strong><\/p><p data-start=\"698\" data-end=\"1926\">2.1 Die Verantwortliche Partei erhebt personenbezogene Daten eines Benutzers, wenn dieser der Verantwortlichen Partei solche Daten \u00fcber die Website zur Verf\u00fcgung gestellt hat [z.\u202fB. durch eine Kontaktaufnahme mit einer Anfrage zu den Dienstleistungen oder Produkten der Verantwortlichen Partei, durch eine Bestellung bei der Verantwortlichen Partei oder durch die Anmeldung zum Newsletter der Verantwortlichen Partei].<br data-start=\"1116\" data-end=\"1119\" \/>2.2 Die Verantwortliche Partei verwendet diese personenbezogenen Daten f\u00fcr den Zweck, zu dem der Benutzer die Daten bereitgestellt hat:<br data-start=\"1254\" data-end=\"1257\" \/>2.2.1 Wenn der Benutzer Informationen \u00fcber Dienstleistungen und Produkte anfordert, verarbeitet die Verantwortliche Partei die personenbezogenen Daten zur Erf\u00fcllung dieser Anfrage.<br data-start=\"1437\" data-end=\"1440\" \/>2.2.2 Wenn der Benutzer sich f\u00fcr den Newsletter angemeldet hat, verwendet die Verantwortliche Partei die personenbezogenen Daten, um diesen Newsletter zu versenden.<br data-start=\"1604\" data-end=\"1607\" \/>2.3 Dar\u00fcber hinaus kann die Verantwortliche Partei personenbezogene Daten verwenden, um ihre Benutzer \u00fcber Produkte oder Dienstleistungen zu informieren, die f\u00fcr den jeweiligen Benutzer interessant sein k\u00f6nnten. Wenn der Benutzer dem widersprechen m\u00f6chte, kann er oder sie eine E-Mail an <a class=\"cursor-pointer\" rel=\"noopener\" data-start=\"1895\" data-end=\"1918\">info@prixbrandstore.com<\/a> senden.<\/p><p data-start=\"1928\" data-end=\"1956\"><strong>3 Weitergabe an Dritte<\/strong><\/p><p data-start=\"1957\" data-end=\"2513\">3.1 Die Verantwortliche Partei wird personenbezogene Daten ihrer Benutzer nicht an Dritte weitergeben, es sei denn:<br data-start=\"2072\" data-end=\"2075\" \/>3.1.1 die Weitergabe erfolgt an einen Auftragsverarbeiter, der von der Verantwortlichen Partei f\u00fcr die in diesen Datenschutzbestimmungen genannten Zwecke beauftragt wurde und mit dem ein Vertrag besteht, der angemessene technische und organisatorische Sicherheitsma\u00dfnahmen f\u00fcr die Verarbeitung gew\u00e4hrleistet; oder<br data-start=\"2388\" data-end=\"2391\" \/>3.1.2 die Verantwortliche Partei gesetzlich verpflichtet ist, personenbezogene Daten an zust\u00e4ndige Beh\u00f6rden weiterzugeben.<\/p><p data-start=\"2515\" data-end=\"2530\"><strong>4 Cookies<\/strong><\/p><p data-start=\"2531\" data-end=\"3408\">4.1 prixbrandstore.com verwendet Cookies, um die Funktionalit\u00e4t bestimmter Seiten der Website zu optimieren. Cookies sind kleine Textdateien, die von einer Webseite auf dem Computer des Besuchers gespeichert werden. Ein solcher Cookie speichert Informationen wie bestimmte Einstellungen oder Pr\u00e4ferenzen des Besuchers. Dies erm\u00f6glicht es Prix Brandstore, den Besucher bei einem n\u00e4chsten Besuch besser zu bedienen.<br data-start=\"2944\" data-end=\"2947\" \/>4.2 Der Besucher kann selbst bestimmen, wie mit Cookies umgegangen wird. Er kann seinen Browser so einstellen, dass Cookies zugelassen, abgelehnt oder teilweise erlaubt werden. Im letzteren Fall kann festgelegt werden, von welchen Websites Cookies akzeptiert werden. F\u00fcr alle anderen Websites wird die Verwendung dann untersagt. Diese M\u00f6glichkeit bieten die meisten modernen Browser.<br data-start=\"3330\" data-end=\"3333\" \/>4.3 Cookies k\u00f6nnen jederzeit \u00fcber den Browser vom Computer gel\u00f6scht werden.<\/p><p data-start=\"3410\" data-end=\"3459\"><strong>5 \u00c4nderung\/L\u00f6schung personenbezogener Daten<\/strong><\/p><p data-start=\"3460\" data-end=\"3944\">5.1 Der Benutzer hat das Recht auf Einsicht, Berichtigung, Erg\u00e4nzung, L\u00f6schung und Sperrung seiner personenbezogenen Daten gem\u00e4\u00df den Bestimmungen der Datenschutz-Grundverordnung (DSGVO).<br data-start=\"3646\" data-end=\"3649\" \/>5.2 Wenn der Benutzer eines dieser Rechte aus\u00fcben m\u00f6chte oder Fragen zu diesen Datenschutzbestimmungen hat, kann er die Verantwortliche Partei unter <a class=\"cursor-pointer\" rel=\"noopener\" data-start=\"3798\" data-end=\"3821\">info@prixbrandstore.com<\/a> kontaktieren.<br data-start=\"3835\" data-end=\"3838\" \/>5.3 Benutzer k\u00f6nnen sich vom Newsletter abmelden, indem sie eine E-Mail an <a class=\"cursor-pointer\" rel=\"noopener\" data-start=\"3913\" data-end=\"3936\">info@prixbrandstore.com<\/a> senden.<\/p><p data-start=\"3946\" data-end=\"3972\"><strong>6 Aufbewahrungsfrist<\/strong><\/p><p data-start=\"3973\" data-end=\"4198\">6.1 Die Verantwortliche Partei speichert personenbezogene Daten so lange, wie sie dies im Rahmen ihrer Dienstleistungen f\u00fcr relevant h\u00e4lt, es sei denn, gesetzliche Vorschriften verpflichten sie zu einer l\u00e4ngeren Aufbewahrung.<\/p><p data-start=\"4200\" data-end=\"4218\"><strong>7 Sicherheit<\/strong><\/p><p data-start=\"4219\" data-end=\"4474\">7.1 Die Verantwortliche Partei hat angemessene technische und organisatorische Ma\u00dfnahmen getroffen, um die personenbezogenen Daten der Benutzer vor Verlust oder unrechtm\u00e4\u00dfiger Verarbeitung zu sch\u00fctzen, einschlie\u00dflich SSL-Verschl\u00fcsselung auf ihrer Website.<\/p><p data-start=\"4476\" data-end=\"4522\"><strong>8 \u00c4nderungen der Datenschutzbestimmungen<\/strong><\/p><p data-start=\"4523\" data-end=\"4818\">8.1 Die Verantwortliche Partei beh\u00e4lt sich das Recht vor, diese Datenschutzbestimmungen zu \u00e4ndern. \u00c4nderungen werden auf dieser Seite bekannt gegeben. Die Verantwortliche Partei empfiehlt den Benutzern daher, diese Seite regelm\u00e4\u00dfig zu \u00fcberpr\u00fcfen, um sich \u00fcber m\u00f6gliche \u00c4nderungen zu informieren.<\/p>\t\t\t\t\t\t\t\t<\/div>\n\t\t\t\t<\/div>\n\t\t\t\t\t<\/div>\n\t\t\t\t<\/div>\n\t\t\t\t\t<\/div>\n\t\t\t\t<\/div>\n\t\t\t\t<\/div>\n\t\t","protected":false},"excerpt":{"rendered":"<p>Datenschutzerkl\u00e4rung Begriffsbestimmungen a. Datenschutzbestimmungen: diese Datenschutzbestimmungen;b. Benutzer: jeder Nutzer der Website;c. Verantwortliche Partei: Prix Brandstore, info@prixbrandstore.com;d. Website: die Website unter prixbrandstore.com. 1 Allgemeines 1.1 Diese Datenschutzbestimmungen beschreiben, wie die Verantwortliche Partei die personenbezogenen Daten ihrer Benutzer verarbeitet.1.2 Die von der Verantwortlichen Partei verarbeiteten personenbezogenen Daten sind Name, (E-Mail-)Adresse und Telefonnummer. 2 Erhebung und Nutzung personenbezogener [&hellip;]<\/p>\n","protected":false},"author":2,"featured_media":0,"parent":0,"menu_order":39,"comment_status":"closed","ping_status":"closed","template":"elementor_header_footer","meta":{"footnotes":""},"class_list":["post-3528","page","type-page","status-publish","hentry"],"yoast_head":"<!-- This site is optimized with the Yoast SEO plugin v27.3 - https:\/\/yoast.com\/product\/yoast-seo-wordpress\/ -->\n<title>Privacy Policy | Prix d&#039;Ami Brand Store Customer Data<\/title>\n<meta name=\"description\" content=\"Learn how Prix d&#039;Ami Brand Store collects, uses and protects your personal information and shopping data. Read here...\" \/>\n<meta name=\"robots\" content=\"index, follow, max-snippet:-1, max-image-preview:large, max-video-preview:-1\" \/>\n<link rel=\"canonical\" href=\"https:\/\/prixbrandstore.com\/de\/privacy-policy\/\" \/>\n<meta property=\"og:locale\" content=\"de_DE\" \/>\n<meta property=\"og:type\" content=\"article\" \/>\n<meta property=\"og:title\" content=\"Privacy Policy | Prix d&#039;Ami Brand Store Customer Data\" \/>\n<meta property=\"og:description\" content=\"Learn how Prix d&#039;Ami Brand Store collects, uses and protects your personal information and shopping data. Read here...\" \/>\n<meta property=\"og:url\" content=\"https:\/\/prixbrandstore.com\/de\/privacy-policy\/\" \/>\n<meta property=\"og:site_name\" content=\"Prix Brandstore\" \/>\n<meta property=\"article:modified_time\" content=\"2025-07-25T01:25:08+00:00\" \/>\n<meta name=\"twitter:card\" content=\"summary_large_image\" \/>\n<meta name=\"twitter:label1\" content=\"Gesch\u00e4tzte Lesezeit\" \/>\n\t<meta name=\"twitter:data1\" content=\"4\u00a0Minute\" \/>\n<script type=\"application\/ld+json\" class=\"yoast-schema-graph\">{\"@context\":\"https:\\\/\\\/schema.org\",\"@graph\":[{\"@type\":\"WebPage\",\"@id\":\"https:\\\/\\\/prixbrandstore.com\\\/de\\\/privacy-policy\\\/\",\"url\":\"https:\\\/\\\/prixbrandstore.com\\\/de\\\/privacy-policy\\\/\",\"name\":\"Privacy Policy | Prix d'Ami Brand Store Customer Data\",\"isPartOf\":{\"@id\":\"https:\\\/\\\/prixbrandstore.com\\\/de\\\/#website\"},\"datePublished\":\"2023-08-16T12:01:59+00:00\",\"dateModified\":\"2025-07-25T01:25:08+00:00\",\"description\":\"Learn how Prix d'Ami Brand Store collects, uses and protects your personal information and shopping data. Read here...\",\"breadcrumb\":{\"@id\":\"https:\\\/\\\/prixbrandstore.com\\\/de\\\/privacy-policy\\\/#breadcrumb\"},\"inLanguage\":\"de\",\"potentialAction\":[{\"@type\":\"ReadAction\",\"target\":[\"https:\\\/\\\/prixbrandstore.com\\\/de\\\/privacy-policy\\\/\"]}]},{\"@type\":\"BreadcrumbList\",\"@id\":\"https:\\\/\\\/prixbrandstore.com\\\/de\\\/privacy-policy\\\/#breadcrumb\",\"itemListElement\":[{\"@type\":\"ListItem\",\"position\":1,\"name\":\"Home\",\"item\":\"https:\\\/\\\/prixbrandstore.com\\\/de\\\/\"},{\"@type\":\"ListItem\",\"position\":2,\"name\":\"Privacy policy\"}]},{\"@type\":\"WebSite\",\"@id\":\"https:\\\/\\\/prixbrandstore.com\\\/de\\\/#website\",\"url\":\"https:\\\/\\\/prixbrandstore.com\\\/de\\\/\",\"name\":\"Prix Brandstore\",\"description\":\"\",\"publisher\":{\"@id\":\"https:\\\/\\\/prixbrandstore.com\\\/de\\\/#organization\"},\"potentialAction\":[{\"@type\":\"SearchAction\",\"target\":{\"@type\":\"EntryPoint\",\"urlTemplate\":\"https:\\\/\\\/prixbrandstore.com\\\/de\\\/?s={search_term_string}\"},\"query-input\":{\"@type\":\"PropertyValueSpecification\",\"valueRequired\":true,\"valueName\":\"search_term_string\"}}],\"inLanguage\":\"de\"},{\"@type\":\"Organization\",\"@id\":\"https:\\\/\\\/prixbrandstore.com\\\/de\\\/#organization\",\"name\":\"Prix Brandstore\",\"url\":\"https:\\\/\\\/prixbrandstore.com\\\/de\\\/\",\"logo\":{\"@type\":\"ImageObject\",\"inLanguage\":\"de\",\"@id\":\"https:\\\/\\\/prixbrandstore.com\\\/de\\\/#\\\/schema\\\/logo\\\/image\\\/\",\"url\":\"https:\\\/\\\/prixbrandstore.com\\\/wp-content\\\/uploads\\\/2023\\\/08\\\/Final_PrixBS_LOGO-BLACK.png\",\"contentUrl\":\"https:\\\/\\\/prixbrandstore.com\\\/wp-content\\\/uploads\\\/2023\\\/08\\\/Final_PrixBS_LOGO-BLACK.png\",\"width\":1253,\"height\":635,\"caption\":\"Prix Brandstore\"},\"image\":{\"@id\":\"https:\\\/\\\/prixbrandstore.com\\\/de\\\/#\\\/schema\\\/logo\\\/image\\\/\"}}]}<\/script>\n<!-- \/ Yoast SEO plugin. -->","yoast_head_json":{"title":"Privacy Policy | Prix d'Ami Brand Store Customer Data","description":"Learn how Prix d'Ami Brand Store collects, uses and protects your personal information and shopping data. Read here...","robots":{"index":"index","follow":"follow","max-snippet":"max-snippet:-1","max-image-preview":"max-image-preview:large","max-video-preview":"max-video-preview:-1"},"canonical":"https:\/\/prixbrandstore.com\/de\/privacy-policy\/","og_locale":"de_DE","og_type":"article","og_title":"Privacy Policy | Prix d'Ami Brand Store Customer Data","og_description":"Learn how Prix d'Ami Brand Store collects, uses and protects your personal information and shopping data. Read here...","og_url":"https:\/\/prixbrandstore.com\/de\/privacy-policy\/","og_site_name":"Prix Brandstore","article_modified_time":"2025-07-25T01:25:08+00:00","twitter_card":"summary_large_image","twitter_misc":{"Gesch\u00e4tzte Lesezeit":"4\u00a0Minute"},"schema":{"@context":"https:\/\/schema.org","@graph":[{"@type":"WebPage","@id":"https:\/\/prixbrandstore.com\/de\/privacy-policy\/","url":"https:\/\/prixbrandstore.com\/de\/privacy-policy\/","name":"Privacy Policy | Prix d'Ami Brand Store Customer Data","isPartOf":{"@id":"https:\/\/prixbrandstore.com\/de\/#website"},"datePublished":"2023-08-16T12:01:59+00:00","dateModified":"2025-07-25T01:25:08+00:00","description":"Learn how Prix d'Ami Brand Store collects, uses and protects your personal information and shopping data. Read here...","breadcrumb":{"@id":"https:\/\/prixbrandstore.com\/de\/privacy-policy\/#breadcrumb"},"inLanguage":"de","potentialAction":[{"@type":"ReadAction","target":["https:\/\/prixbrandstore.com\/de\/privacy-policy\/"]}]},{"@type":"BreadcrumbList","@id":"https:\/\/prixbrandstore.com\/de\/privacy-policy\/#breadcrumb","itemListElement":[{"@type":"ListItem","position":1,"name":"Home","item":"https:\/\/prixbrandstore.com\/de\/"},{"@type":"ListItem","position":2,"name":"Privacy policy"}]},{"@type":"WebSite","@id":"https:\/\/prixbrandstore.com\/de\/#website","url":"https:\/\/prixbrandstore.com\/de\/","name":"Prix Brandstore","description":"","publisher":{"@id":"https:\/\/prixbrandstore.com\/de\/#organization"},"potentialAction":[{"@type":"SearchAction","target":{"@type":"EntryPoint","urlTemplate":"https:\/\/prixbrandstore.com\/de\/?s={search_term_string}"},"query-input":{"@type":"PropertyValueSpecification","valueRequired":true,"valueName":"search_term_string"}}],"inLanguage":"de"},{"@type":"Organization","@id":"https:\/\/prixbrandstore.com\/de\/#organization","name":"Prix Brandstore","url":"https:\/\/prixbrandstore.com\/de\/","logo":{"@type":"ImageObject","inLanguage":"de","@id":"https:\/\/prixbrandstore.com\/de\/#\/schema\/logo\/image\/","url":"https:\/\/prixbrandstore.com\/wp-content\/uploads\/2023\/08\/Final_PrixBS_LOGO-BLACK.png","contentUrl":"https:\/\/prixbrandstore.com\/wp-content\/uploads\/2023\/08\/Final_PrixBS_LOGO-BLACK.png","width":1253,"height":635,"caption":"Prix Brandstore"},"image":{"@id":"https:\/\/prixbrandstore.com\/de\/#\/schema\/logo\/image\/"}}]}},"_links":{"self":[{"href":"https:\/\/prixbrandstore.com\/de\/wp-json\/wp\/v2\/pages\/3528","targetHints":{"allow":["GET"]}}],"collection":[{"href":"https:\/\/prixbrandstore.com\/de\/wp-json\/wp\/v2\/pages"}],"about":[{"href":"https:\/\/prixbrandstore.com\/de\/wp-json\/wp\/v2\/types\/page"}],"author":[{"embeddable":true,"href":"https:\/\/prixbrandstore.com\/de\/wp-json\/wp\/v2\/users\/2"}],"replies":[{"embeddable":true,"href":"https:\/\/prixbrandstore.com\/de\/wp-json\/wp\/v2\/comments?post=3528"}],"version-history":[{"count":4,"href":"https:\/\/prixbrandstore.com\/de\/wp-json\/wp\/v2\/pages\/3528\/revisions"}],"predecessor-version":[{"id":3540,"href":"https:\/\/prixbrandstore.com\/de\/wp-json\/wp\/v2\/pages\/3528\/revisions\/3540"}],"wp:attachment":[{"href":"https:\/\/prixbrandstore.com\/de\/wp-json\/wp\/v2\/media?parent=3528"}],"curies":[{"name":"wp","href":"https:\/\/api.w.org\/{rel}","templated":true}]}}