{"id":4019,"date":"2025-07-24T15:58:59","date_gmt":"2025-07-24T13:58:59","guid":{"rendered":"https:\/\/prixbrandstore.com\/product\/prix-dami-college-crop-t-shirt-schwarz\/"},"modified":"2025-07-24T15:58:59","modified_gmt":"2025-07-24T13:58:59","slug":"prix-dami-college-crop-t-shirt-schwarz","status":"publish","type":"product","link":"https:\/\/prixbrandstore.com\/de\/produkt\/prix-dami-college-crop-t-shirt-schwarz\/","title":{"rendered":"Prix d&#8217;Ami college &#8211; Crop-T-Shirt &#8211; Schwarz"},"content":{"rendered":"","protected":false},"excerpt":{"rendered":"<p><b>Normale Passform &#8211; wir empfehlen Ihre normale Gr\u00f6\u00dfe. F\u00fcr einen Oversized-Look empfehlen wir, eine Nummer gr\u00f6\u00dfer zu w\u00e4hlen.   <\/b><\/p>\n<ul>\n<li>Gek\u00fcrzte Passform<\/li>\n<li>Frauen<\/li>\n<li>100% Bio-Baumwolle (180 g\/m\u00b2)<\/li>\n<li>Prix d&#8217;Ami Bogenlogo auf der Brust in Rosa<\/li>\n<li>Saum mit Doppelfaden gen\u00e4ht<\/li>\n<li>Kettenstich-Schultern\u00e4hte<\/li>\n<li>1&#215;1 Rippenkragen<\/li>\n<li>Inneres Nackenband f\u00fcr zus\u00e4tzlichen Komfort<\/li>\n<li>Erh\u00e4ltlich in zwei Farben<\/li>\n<li>OEKO-TEX zertifiziert<\/li>\n<\/ul>\n<p>&nbsp;<\/p>\n<p><strong>Waschanleitung:<\/strong><\/p>\n<ul>\n<li>Bei 30 Grad waschen<\/li>\n<li>Von innen nach au\u00dfen waschen und b\u00fcgeln<\/li>\n<li>Nicht im Trockner trocknen<\/li>\n<li>Mit \u00e4hnlichen Farben waschen<\/li>\n<\/ul>\n","protected":false},"featured_media":2761,"comment_status":"open","ping_status":"closed","template":"","meta":[],"product_brand":[],"product_cat":[80,88],"product_tag":[],"class_list":{"0":"post-4019","1":"product","2":"type-product","3":"status-publish","4":"has-post-thumbnail","6":"product_cat-mode-de","7":"product_cat-t-shirts-de","9":"first","10":"instock","11":"taxable","12":"shipping-taxable","13":"purchasable","14":"product-type-variable"},"yoast_head":"<!-- This site is optimized with the Yoast SEO plugin v27.3 - https:\/\/yoast.com\/product\/yoast-seo-wordpress\/ -->\n<title>Prix d&#039;Ami college - Crop-T-Shirt - Schwarz - Prix Brandstore<\/title>\n<meta name=\"robots\" content=\"index, follow, max-snippet:-1, max-image-preview:large, max-video-preview:-1\" \/>\n<link rel=\"canonical\" href=\"https:\/\/prixbrandstore.com\/de\/produkt\/prix-dami-college-crop-t-shirt-schwarz\/\" \/>\n<meta property=\"og:locale\" content=\"de_DE\" \/>\n<meta property=\"og:type\" content=\"article\" \/>\n<meta property=\"og:title\" content=\"Prix d&#039;Ami college - Crop-T-Shirt - Schwarz - Prix Brandstore\" \/>\n<meta property=\"og:description\" content=\"Normale Passform - wir empfehlen Ihre normale Gr\u00f6\u00dfe. F\u00fcr einen Oversized-Look empfehlen wir, eine Nummer gr\u00f6\u00dfer zu w\u00e4hlen.    Gek\u00fcrzte Passform  Frauen  100% Bio-Baumwolle (180 g\/m\u00b2)  Prix d&#039;Ami Bogenlogo auf der Brust in Rosa  Saum mit Doppelfaden gen\u00e4ht  Kettenstich-Schultern\u00e4hte  1x1 Rippenkragen  Inneres Nackenband f\u00fcr zus\u00e4tzlichen Komfort  Erh\u00e4ltlich in zwei Farben  OEKO-TEX zertifiziert &nbsp; Waschanleitung:  Bei 30 Grad waschen  Von innen nach au\u00dfen waschen und b\u00fcgeln  Nicht im Trockner trocknen  Mit \u00e4hnlichen Farben waschen\" \/>\n<meta property=\"og:url\" content=\"https:\/\/prixbrandstore.com\/de\/produkt\/prix-dami-college-crop-t-shirt-schwarz\/\" \/>\n<meta property=\"og:site_name\" content=\"Prix Brandstore\" \/>\n<meta property=\"og:image\" content=\"https:\/\/prixbrandstore.com\/wp-content\/uploads\/2025\/07\/01-005-Black-4-2696-1-scaled.jpg\" \/>\n\t<meta property=\"og:image:width\" content=\"1659\" \/>\n\t<meta property=\"og:image:height\" content=\"2560\" \/>\n\t<meta property=\"og:image:type\" content=\"image\/jpeg\" \/>\n<meta name=\"twitter:card\" content=\"summary_large_image\" \/>\n<script type=\"application\/ld+json\" class=\"yoast-schema-graph\">{\"@context\":\"https:\\\/\\\/schema.org\",\"@graph\":[{\"@type\":\"WebPage\",\"@id\":\"https:\\\/\\\/prixbrandstore.com\\\/de\\\/produkt\\\/prix-dami-college-crop-t-shirt-schwarz\\\/\",\"url\":\"https:\\\/\\\/prixbrandstore.com\\\/de\\\/produkt\\\/prix-dami-college-crop-t-shirt-schwarz\\\/\",\"name\":\"Prix d'Ami college - Crop-T-Shirt - Schwarz - Prix Brandstore\",\"isPartOf\":{\"@id\":\"https:\\\/\\\/prixbrandstore.com\\\/de\\\/#website\"},\"primaryImageOfPage\":{\"@id\":\"https:\\\/\\\/prixbrandstore.com\\\/de\\\/produkt\\\/prix-dami-college-crop-t-shirt-schwarz\\\/#primaryimage\"},\"image\":{\"@id\":\"https:\\\/\\\/prixbrandstore.com\\\/de\\\/produkt\\\/prix-dami-college-crop-t-shirt-schwarz\\\/#primaryimage\"},\"thumbnailUrl\":\"https:\\\/\\\/prixbrandstore.com\\\/wp-content\\\/uploads\\\/2025\\\/07\\\/01-005-Black-4-2696-1-scaled.jpg\",\"datePublished\":\"2025-07-24T13:58:59+00:00\",\"breadcrumb\":{\"@id\":\"https:\\\/\\\/prixbrandstore.com\\\/de\\\/produkt\\\/prix-dami-college-crop-t-shirt-schwarz\\\/#breadcrumb\"},\"inLanguage\":\"de\",\"potentialAction\":[{\"@type\":\"ReadAction\",\"target\":[\"https:\\\/\\\/prixbrandstore.com\\\/de\\\/produkt\\\/prix-dami-college-crop-t-shirt-schwarz\\\/\"]}]},{\"@type\":\"ImageObject\",\"inLanguage\":\"de\",\"@id\":\"https:\\\/\\\/prixbrandstore.com\\\/de\\\/produkt\\\/prix-dami-college-crop-t-shirt-schwarz\\\/#primaryimage\",\"url\":\"https:\\\/\\\/prixbrandstore.com\\\/wp-content\\\/uploads\\\/2025\\\/07\\\/01-005-Black-4-2696-1-scaled.jpg\",\"contentUrl\":\"https:\\\/\\\/prixbrandstore.com\\\/wp-content\\\/uploads\\\/2025\\\/07\\\/01-005-Black-4-2696-1-scaled.jpg\",\"width\":1659,\"height\":2560},{\"@type\":\"BreadcrumbList\",\"@id\":\"https:\\\/\\\/prixbrandstore.com\\\/de\\\/produkt\\\/prix-dami-college-crop-t-shirt-schwarz\\\/#breadcrumb\",\"itemListElement\":[{\"@type\":\"ListItem\",\"position\":1,\"name\":\"Home\",\"item\":\"https:\\\/\\\/prixbrandstore.com\\\/de\\\/\"},{\"@type\":\"ListItem\",\"position\":2,\"name\":\"Shop\",\"item\":\"https:\\\/\\\/prixbrandstore.com\\\/de\\\/shop\\\/\"},{\"@type\":\"ListItem\",\"position\":3,\"name\":\"Prix d&#8217;Ami college &#8211; Crop-T-Shirt &#8211; Schwarz\"}]},{\"@type\":\"WebSite\",\"@id\":\"https:\\\/\\\/prixbrandstore.com\\\/de\\\/#website\",\"url\":\"https:\\\/\\\/prixbrandstore.com\\\/de\\\/\",\"name\":\"Prix Brandstore\",\"description\":\"\",\"publisher\":{\"@id\":\"https:\\\/\\\/prixbrandstore.com\\\/de\\\/#organization\"},\"potentialAction\":[{\"@type\":\"SearchAction\",\"target\":{\"@type\":\"EntryPoint\",\"urlTemplate\":\"https:\\\/\\\/prixbrandstore.com\\\/de\\\/?s={search_term_string}\"},\"query-input\":{\"@type\":\"PropertyValueSpecification\",\"valueRequired\":true,\"valueName\":\"search_term_string\"}}],\"inLanguage\":\"de\"},{\"@type\":\"Organization\",\"@id\":\"https:\\\/\\\/prixbrandstore.com\\\/de\\\/#organization\",\"name\":\"Prix Brandstore\",\"url\":\"https:\\\/\\\/prixbrandstore.com\\\/de\\\/\",\"logo\":{\"@type\":\"ImageObject\",\"inLanguage\":\"de\",\"@id\":\"https:\\\/\\\/prixbrandstore.com\\\/de\\\/#\\\/schema\\\/logo\\\/image\\\/\",\"url\":\"https:\\\/\\\/prixbrandstore.com\\\/wp-content\\\/uploads\\\/2023\\\/08\\\/Final_PrixBS_LOGO-BLACK.png\",\"contentUrl\":\"https:\\\/\\\/prixbrandstore.com\\\/wp-content\\\/uploads\\\/2023\\\/08\\\/Final_PrixBS_LOGO-BLACK.png\",\"width\":1253,\"height\":635,\"caption\":\"Prix Brandstore\"},\"image\":{\"@id\":\"https:\\\/\\\/prixbrandstore.com\\\/de\\\/#\\\/schema\\\/logo\\\/image\\\/\"}}]}<\/script>\n<!-- \/ Yoast SEO plugin. -->","yoast_head_json":{"title":"Prix d'Ami college - Crop-T-Shirt - Schwarz - Prix Brandstore","robots":{"index":"index","follow":"follow","max-snippet":"max-snippet:-1","max-image-preview":"max-image-preview:large","max-video-preview":"max-video-preview:-1"},"canonical":"https:\/\/prixbrandstore.com\/de\/produkt\/prix-dami-college-crop-t-shirt-schwarz\/","og_locale":"de_DE","og_type":"article","og_title":"Prix d'Ami college - Crop-T-Shirt - Schwarz - Prix Brandstore","og_description":"Normale Passform - wir empfehlen Ihre normale Gr\u00f6\u00dfe. F\u00fcr einen Oversized-Look empfehlen wir, eine Nummer gr\u00f6\u00dfer zu w\u00e4hlen.    Gek\u00fcrzte Passform  Frauen  100% Bio-Baumwolle (180 g\/m\u00b2)  Prix d'Ami Bogenlogo auf der Brust in Rosa  Saum mit Doppelfaden gen\u00e4ht  Kettenstich-Schultern\u00e4hte  1x1 Rippenkragen  Inneres Nackenband f\u00fcr zus\u00e4tzlichen Komfort  Erh\u00e4ltlich in zwei Farben  OEKO-TEX zertifiziert &nbsp; Waschanleitung:  Bei 30 Grad waschen  Von innen nach au\u00dfen waschen und b\u00fcgeln  Nicht im Trockner trocknen  Mit \u00e4hnlichen Farben waschen","og_url":"https:\/\/prixbrandstore.com\/de\/produkt\/prix-dami-college-crop-t-shirt-schwarz\/","og_site_name":"Prix Brandstore","og_image":[{"width":1659,"height":2560,"url":"https:\/\/prixbrandstore.com\/wp-content\/uploads\/2025\/07\/01-005-Black-4-2696-1-scaled.jpg","type":"image\/jpeg"}],"twitter_card":"summary_large_image","schema":{"@context":"https:\/\/schema.org","@graph":[{"@type":"WebPage","@id":"https:\/\/prixbrandstore.com\/de\/produkt\/prix-dami-college-crop-t-shirt-schwarz\/","url":"https:\/\/prixbrandstore.com\/de\/produkt\/prix-dami-college-crop-t-shirt-schwarz\/","name":"Prix d'Ami college - Crop-T-Shirt - Schwarz - Prix Brandstore","isPartOf":{"@id":"https:\/\/prixbrandstore.com\/de\/#website"},"primaryImageOfPage":{"@id":"https:\/\/prixbrandstore.com\/de\/produkt\/prix-dami-college-crop-t-shirt-schwarz\/#primaryimage"},"image":{"@id":"https:\/\/prixbrandstore.com\/de\/produkt\/prix-dami-college-crop-t-shirt-schwarz\/#primaryimage"},"thumbnailUrl":"https:\/\/prixbrandstore.com\/wp-content\/uploads\/2025\/07\/01-005-Black-4-2696-1-scaled.jpg","datePublished":"2025-07-24T13:58:59+00:00","breadcrumb":{"@id":"https:\/\/prixbrandstore.com\/de\/produkt\/prix-dami-college-crop-t-shirt-schwarz\/#breadcrumb"},"inLanguage":"de","potentialAction":[{"@type":"ReadAction","target":["https:\/\/prixbrandstore.com\/de\/produkt\/prix-dami-college-crop-t-shirt-schwarz\/"]}]},{"@type":"ImageObject","inLanguage":"de","@id":"https:\/\/prixbrandstore.com\/de\/produkt\/prix-dami-college-crop-t-shirt-schwarz\/#primaryimage","url":"https:\/\/prixbrandstore.com\/wp-content\/uploads\/2025\/07\/01-005-Black-4-2696-1-scaled.jpg","contentUrl":"https:\/\/prixbrandstore.com\/wp-content\/uploads\/2025\/07\/01-005-Black-4-2696-1-scaled.jpg","width":1659,"height":2560},{"@type":"BreadcrumbList","@id":"https:\/\/prixbrandstore.com\/de\/produkt\/prix-dami-college-crop-t-shirt-schwarz\/#breadcrumb","itemListElement":[{"@type":"ListItem","position":1,"name":"Home","item":"https:\/\/prixbrandstore.com\/de\/"},{"@type":"ListItem","position":2,"name":"Shop","item":"https:\/\/prixbrandstore.com\/de\/shop\/"},{"@type":"ListItem","position":3,"name":"Prix d&#8217;Ami college &#8211; Crop-T-Shirt &#8211; Schwarz"}]},{"@type":"WebSite","@id":"https:\/\/prixbrandstore.com\/de\/#website","url":"https:\/\/prixbrandstore.com\/de\/","name":"Prix Brandstore","description":"","publisher":{"@id":"https:\/\/prixbrandstore.com\/de\/#organization"},"potentialAction":[{"@type":"SearchAction","target":{"@type":"EntryPoint","urlTemplate":"https:\/\/prixbrandstore.com\/de\/?s={search_term_string}"},"query-input":{"@type":"PropertyValueSpecification","valueRequired":true,"valueName":"search_term_string"}}],"inLanguage":"de"},{"@type":"Organization","@id":"https:\/\/prixbrandstore.com\/de\/#organization","name":"Prix Brandstore","url":"https:\/\/prixbrandstore.com\/de\/","logo":{"@type":"ImageObject","inLanguage":"de","@id":"https:\/\/prixbrandstore.com\/de\/#\/schema\/logo\/image\/","url":"https:\/\/prixbrandstore.com\/wp-content\/uploads\/2023\/08\/Final_PrixBS_LOGO-BLACK.png","contentUrl":"https:\/\/prixbrandstore.com\/wp-content\/uploads\/2023\/08\/Final_PrixBS_LOGO-BLACK.png","width":1253,"height":635,"caption":"Prix Brandstore"},"image":{"@id":"https:\/\/prixbrandstore.com\/de\/#\/schema\/logo\/image\/"}}]}},"_links":{"self":[{"href":"https:\/\/prixbrandstore.com\/de\/wp-json\/wp\/v2\/product\/4019","targetHints":{"allow":["GET"]}}],"collection":[{"href":"https:\/\/prixbrandstore.com\/de\/wp-json\/wp\/v2\/product"}],"about":[{"href":"https:\/\/prixbrandstore.com\/de\/wp-json\/wp\/v2\/types\/product"}],"replies":[{"embeddable":true,"href":"https:\/\/prixbrandstore.com\/de\/wp-json\/wp\/v2\/comments?post=4019"}],"wp:featuredmedia":[{"embeddable":true,"href":"https:\/\/prixbrandstore.com\/de\/wp-json\/wp\/v2\/media\/2761"}],"wp:attachment":[{"href":"https:\/\/prixbrandstore.com\/de\/wp-json\/wp\/v2\/media?parent=4019"}],"wp:term":[{"taxonomy":"product_brand","embeddable":true,"href":"https:\/\/prixbrandstore.com\/de\/wp-json\/wp\/v2\/product_brand?post=4019"},{"taxonomy":"product_cat","embeddable":true,"href":"https:\/\/prixbrandstore.com\/de\/wp-json\/wp\/v2\/product_cat?post=4019"},{"taxonomy":"product_tag","embeddable":true,"href":"https:\/\/prixbrandstore.com\/de\/wp-json\/wp\/v2\/product_tag?post=4019"}],"curies":[{"name":"wp","href":"https:\/\/api.w.org\/{rel}","templated":true}]}}