{"id":3530,"date":"2023-08-16T14:01:59","date_gmt":"2023-08-16T12:01:59","guid":{"rendered":"https:\/\/prixbrandstore.com\/privacy-policy\/"},"modified":"2025-07-25T03:26:34","modified_gmt":"2025-07-25T01:26:34","slug":"privacy-policy","status":"publish","type":"page","link":"https:\/\/prixbrandstore.com\/es\/privacy-policy\/","title":{"rendered":"Privacy policy"},"content":{"rendered":"\t\t<div data-elementor-type=\"wp-page\" data-elementor-id=\"3530\" class=\"elementor elementor-3530 elementor-25\" data-elementor-post-type=\"page\">\n\t\t\t\t<div class=\"elementor-element elementor-element-3f79948 e-flex e-con-boxed e-con e-parent\" data-id=\"3f79948\" data-element_type=\"container\" data-e-type=\"container\" data-settings=\"{&quot;background_background&quot;:&quot;gradient&quot;}\">\n\t\t\t\t\t<div class=\"e-con-inner\">\n\t\t<div class=\"elementor-element elementor-element-565061e e-flex e-con-boxed e-con e-child\" data-id=\"565061e\" data-element_type=\"container\" data-e-type=\"container\" data-settings=\"{&quot;background_background&quot;:&quot;classic&quot;}\">\n\t\t\t\t\t<div class=\"e-con-inner\">\n\t\t\t\t<div class=\"elementor-element elementor-element-49ca91c elementor-widget elementor-widget-heading\" data-id=\"49ca91c\" data-element_type=\"widget\" data-e-type=\"widget\" data-widget_type=\"heading.default\">\n\t\t\t\t<div class=\"elementor-widget-container\">\n\t\t\t\t\t<h1 class=\"elementor-heading-title elementor-size-default\">Pol\u00edtica de Privacidad\n<\/h1>\t\t\t\t<\/div>\n\t\t\t\t<\/div>\n\t\t\t\t<div class=\"elementor-element elementor-element-d1e7170 elementor-widget elementor-widget-text-editor\" data-id=\"d1e7170\" data-element_type=\"widget\" data-e-type=\"widget\" data-widget_type=\"text-editor.default\">\n\t\t\t\t<div class=\"elementor-widget-container\">\n\t\t\t\t\t\t\t\t\t<p data-start=\"73\" data-end=\"118\"><strong data-start=\"102\" data-end=\"118\">Definiciones<\/strong><\/p><p data-start=\"120\" data-end=\"359\">a. <strong data-start=\"123\" data-end=\"149\">T\u00e9rminos de privacidad<\/strong>: estos t\u00e9rminos de privacidad;<br data-start=\"180\" data-end=\"183\" \/>b. <strong data-start=\"186\" data-end=\"197\">Usuario<\/strong>: cualquier usuario del Sitio web;<br data-start=\"231\" data-end=\"234\" \/>c. <strong data-start=\"237\" data-end=\"252\">Responsable<\/strong>: Prix Brandstore, <a class=\"cursor-pointer\" rel=\"noopener\" data-start=\"271\" data-end=\"294\">info@prixbrandstore.com<\/a>;<br data-start=\"295\" data-end=\"298\" \/>d. <strong data-start=\"301\" data-end=\"314\">Sitio web<\/strong>: el sitio web ubicado en prixbrandstore.com.<\/p><p data-start=\"361\" data-end=\"382\"><strong>1 Generalidades<\/strong><\/p><p data-start=\"383\" data-end=\"609\">1.1 Estos t\u00e9rminos de privacidad describen c\u00f3mo el Responsable trata los datos personales de sus Usuarios.<br data-start=\"489\" data-end=\"492\" \/>1.2 Los datos personales tratados por el Responsable son nombre, direcci\u00f3n (correo electr\u00f3nico) y n\u00famero de tel\u00e9fono.<\/p><p data-start=\"611\" data-end=\"657\"><strong>2 Recopilaci\u00f3n y uso de datos personales<\/strong><\/p><p data-start=\"658\" data-end=\"1575\">2.1 El Responsable recopila datos personales de un Usuario cuando este proporciona dichos datos al Responsable a trav\u00e9s del Sitio web [por ejemplo, al contactar para solicitar informaci\u00f3n sobre los servicios o productos del Responsable, realizar un pedido o suscribirse al bolet\u00edn informativo].<br data-start=\"952\" data-end=\"955\" \/>2.2 El Responsable utiliza estos datos personales para el fin por el cual el Usuario los ha proporcionado:<br data-start=\"1061\" data-end=\"1064\" \/>2.2.1 Si el Usuario solicita informaci\u00f3n sobre productos o servicios, el Responsable procesar\u00e1 los datos personales para responder a dicha solicitud.<br data-start=\"1213\" data-end=\"1216\" \/>2.2.2 Si el Usuario se ha suscrito al bolet\u00edn, el Responsable utilizar\u00e1 los datos personales para enviar dicho bolet\u00edn.<br data-start=\"1335\" data-end=\"1338\" \/>2.3 Adem\u00e1s, el Responsable puede utilizar los datos personales para informar al Usuario sobre productos o servicios que puedan ser de su inter\u00e9s. Si el Usuario no desea recibir esta informaci\u00f3n, puede contactar a <a class=\"cursor-pointer\" rel=\"noopener\" data-start=\"1551\" data-end=\"1574\">info@prixbrandstore.com<\/a>.<\/p><p data-start=\"1577\" data-end=\"1602\"><strong>3 Cesi\u00f3n a terceros<\/strong><\/p><p data-start=\"1603\" data-end=\"2093\">3.1 El Responsable no transferir\u00e1 los datos personales de sus Usuarios a terceros, salvo que:<br data-start=\"1696\" data-end=\"1699\" \/>3.1.1 la cesi\u00f3n se realice a un encargado del tratamiento contratado por el Responsable para los fines mencionados en estos t\u00e9rminos de privacidad, con quien se haya firmado un acuerdo que garantice suficientes medidas t\u00e9cnicas y organizativas de seguridad respecto al tratamiento; o<br data-start=\"1982\" data-end=\"1985\" \/>3.1.2 el Responsable est\u00e9 legalmente obligado a proporcionar datos personales a las autoridades competentes.<\/p><p data-start=\"2095\" data-end=\"2110\"><strong>4 Cookies<\/strong><\/p><p data-start=\"2111\" data-end=\"2878\">4.1 prixbrandstore.com utiliza cookies para optimizar la funcionalidad de ciertas p\u00e1ginas del sitio web. Las cookies son peque\u00f1os archivos de texto que una p\u00e1gina del sitio almacena en el ordenador del visitante. Estas cookies guardan informaci\u00f3n como las preferencias del visitante, lo que permite a Prix Brandstore ofrecer un mejor servicio en futuras visitas.<br data-start=\"2473\" data-end=\"2476\" \/>4.2 El visitante puede decidir c\u00f3mo gestionar las cookies. Puede configurar su navegador para permitir, rechazar o permitir parcialmente las cookies. En este \u00faltimo caso, se puede especificar qu\u00e9 sitios est\u00e1n autorizados a colocar cookies. Esta opci\u00f3n est\u00e1 disponible en la mayor\u00eda de los navegadores modernos.<br data-start=\"2786\" data-end=\"2789\" \/>4.3 Las cookies siempre se pueden eliminar del ordenador, tambi\u00e9n a trav\u00e9s del navegador.<\/p><p data-start=\"2880\" data-end=\"2932\"><strong>5 Modificaci\u00f3n\/eliminaci\u00f3n de datos personales<\/strong><\/p><p data-start=\"2933\" data-end=\"3408\">5.1 El Usuario tiene derecho a acceder, corregir, complementar, eliminar y restringir el tratamiento de sus datos personales, de acuerdo con el Reglamento General de Protecci\u00f3n de Datos (RGPD).<br data-start=\"3126\" data-end=\"3129\" \/>5.2 Si el Usuario desea ejercer alguno de estos derechos o tiene preguntas sobre estos t\u00e9rminos de privacidad, puede contactar al Responsable en <a class=\"cursor-pointer\" rel=\"noopener\" data-start=\"3274\" data-end=\"3297\">info@prixbrandstore.com<\/a>.<br data-start=\"3298\" data-end=\"3301\" \/>5.3 Los Usuarios pueden darse de baja del bolet\u00edn enviando un correo electr\u00f3nico a <a class=\"cursor-pointer\" rel=\"noopener\" data-start=\"3384\" data-end=\"3407\">info@prixbrandstore.com<\/a>.<\/p><p data-start=\"3410\" data-end=\"3441\"><strong>6 Per\u00edodo de conservaci\u00f3n<\/strong><\/p><p data-start=\"3442\" data-end=\"3637\">6.1 El Responsable conservar\u00e1 los datos personales mientras lo considere relevante para la prestaci\u00f3n de sus servicios, salvo que est\u00e9 legalmente obligado a conservarlos durante un per\u00edodo mayor.<\/p><p data-start=\"3639\" data-end=\"3656\"><strong>7 Seguridad<\/strong><\/p><p data-start=\"3657\" data-end=\"3865\">7.1 El Responsable ha implementado medidas t\u00e9cnicas y organizativas apropiadas para proteger los datos personales de los Usuarios contra p\u00e9rdida o tratamiento ilegal, incluyendo seguridad SSL en su sitio web.<\/p><p data-start=\"3867\" data-end=\"3912\"><strong>8 Cambios en los t\u00e9rminos de privacidad<\/strong><\/p><p data-start=\"3913\" data-end=\"4172\">8.1 El Responsable se reserva el derecho de modificar estos t\u00e9rminos de privacidad. Cualquier cambio ser\u00e1 publicado en esta p\u00e1gina. Por lo tanto, se recomienda al Usuario que consulte esta p\u00e1gina regularmente para comprobar si se han realizado modificaciones.<\/p>\t\t\t\t\t\t\t\t<\/div>\n\t\t\t\t<\/div>\n\t\t\t\t\t<\/div>\n\t\t\t\t<\/div>\n\t\t\t\t\t<\/div>\n\t\t\t\t<\/div>\n\t\t\t\t<\/div>\n\t\t","protected":false},"excerpt":{"rendered":"<p>Pol\u00edtica de Privacidad Definiciones a. T\u00e9rminos de privacidad: estos t\u00e9rminos de privacidad;b. Usuario: cualquier usuario del Sitio web;c. Responsable: Prix Brandstore, info@prixbrandstore.com;d. Sitio web: el sitio web ubicado en prixbrandstore.com. 1 Generalidades 1.1 Estos t\u00e9rminos de privacidad describen c\u00f3mo el Responsable trata los datos personales de sus Usuarios.1.2 Los datos personales tratados por el Responsable [&hellip;]<\/p>\n","protected":false},"author":2,"featured_media":0,"parent":0,"menu_order":40,"comment_status":"closed","ping_status":"closed","template":"elementor_header_footer","meta":{"footnotes":""},"class_list":["post-3530","page","type-page","status-publish","hentry"],"yoast_head":"<!-- This site is optimized with the Yoast SEO plugin v27.3 - https:\/\/yoast.com\/product\/yoast-seo-wordpress\/ -->\n<title>Privacy Policy | Prix d&#039;Ami Brand Store Customer Data<\/title>\n<meta name=\"description\" content=\"Learn how Prix d&#039;Ami Brand Store collects, uses and protects your personal information and shopping data. Read here...\" \/>\n<meta name=\"robots\" content=\"index, follow, max-snippet:-1, max-image-preview:large, max-video-preview:-1\" \/>\n<link rel=\"canonical\" href=\"https:\/\/prixbrandstore.com\/es\/privacy-policy\/\" \/>\n<meta property=\"og:locale\" content=\"es_ES\" \/>\n<meta property=\"og:type\" content=\"article\" \/>\n<meta property=\"og:title\" content=\"Privacy Policy | Prix d&#039;Ami Brand Store Customer Data\" \/>\n<meta property=\"og:description\" content=\"Learn how Prix d&#039;Ami Brand Store collects, uses and protects your personal information and shopping data. Read here...\" \/>\n<meta property=\"og:url\" content=\"https:\/\/prixbrandstore.com\/es\/privacy-policy\/\" \/>\n<meta property=\"og:site_name\" content=\"Prix Brandstore\" \/>\n<meta property=\"article:modified_time\" content=\"2025-07-25T01:26:34+00:00\" \/>\n<meta name=\"twitter:card\" content=\"summary_large_image\" \/>\n<meta name=\"twitter:label1\" content=\"Tiempo de lectura\" \/>\n\t<meta name=\"twitter:data1\" content=\"3 minuto\" \/>\n<script type=\"application\/ld+json\" class=\"yoast-schema-graph\">{\"@context\":\"https:\\\/\\\/schema.org\",\"@graph\":[{\"@type\":\"WebPage\",\"@id\":\"https:\\\/\\\/prixbrandstore.com\\\/es\\\/privacy-policy\\\/\",\"url\":\"https:\\\/\\\/prixbrandstore.com\\\/es\\\/privacy-policy\\\/\",\"name\":\"Privacy Policy | Prix d'Ami Brand Store Customer Data\",\"isPartOf\":{\"@id\":\"https:\\\/\\\/prixbrandstore.com\\\/es\\\/#website\"},\"datePublished\":\"2023-08-16T12:01:59+00:00\",\"dateModified\":\"2025-07-25T01:26:34+00:00\",\"description\":\"Learn how Prix d'Ami Brand Store collects, uses and protects your personal information and shopping data. Read here...\",\"breadcrumb\":{\"@id\":\"https:\\\/\\\/prixbrandstore.com\\\/es\\\/privacy-policy\\\/#breadcrumb\"},\"inLanguage\":\"es\",\"potentialAction\":[{\"@type\":\"ReadAction\",\"target\":[\"https:\\\/\\\/prixbrandstore.com\\\/es\\\/privacy-policy\\\/\"]}]},{\"@type\":\"BreadcrumbList\",\"@id\":\"https:\\\/\\\/prixbrandstore.com\\\/es\\\/privacy-policy\\\/#breadcrumb\",\"itemListElement\":[{\"@type\":\"ListItem\",\"position\":1,\"name\":\"Home\",\"item\":\"https:\\\/\\\/prixbrandstore.com\\\/es\\\/\"},{\"@type\":\"ListItem\",\"position\":2,\"name\":\"Privacy policy\"}]},{\"@type\":\"WebSite\",\"@id\":\"https:\\\/\\\/prixbrandstore.com\\\/es\\\/#website\",\"url\":\"https:\\\/\\\/prixbrandstore.com\\\/es\\\/\",\"name\":\"Prix Brandstore\",\"description\":\"\",\"publisher\":{\"@id\":\"https:\\\/\\\/prixbrandstore.com\\\/es\\\/#organization\"},\"potentialAction\":[{\"@type\":\"SearchAction\",\"target\":{\"@type\":\"EntryPoint\",\"urlTemplate\":\"https:\\\/\\\/prixbrandstore.com\\\/es\\\/?s={search_term_string}\"},\"query-input\":{\"@type\":\"PropertyValueSpecification\",\"valueRequired\":true,\"valueName\":\"search_term_string\"}}],\"inLanguage\":\"es\"},{\"@type\":\"Organization\",\"@id\":\"https:\\\/\\\/prixbrandstore.com\\\/es\\\/#organization\",\"name\":\"Prix Brandstore\",\"url\":\"https:\\\/\\\/prixbrandstore.com\\\/es\\\/\",\"logo\":{\"@type\":\"ImageObject\",\"inLanguage\":\"es\",\"@id\":\"https:\\\/\\\/prixbrandstore.com\\\/es\\\/#\\\/schema\\\/logo\\\/image\\\/\",\"url\":\"https:\\\/\\\/prixbrandstore.com\\\/wp-content\\\/uploads\\\/2023\\\/08\\\/Final_PrixBS_LOGO-BLACK.png\",\"contentUrl\":\"https:\\\/\\\/prixbrandstore.com\\\/wp-content\\\/uploads\\\/2023\\\/08\\\/Final_PrixBS_LOGO-BLACK.png\",\"width\":1253,\"height\":635,\"caption\":\"Prix Brandstore\"},\"image\":{\"@id\":\"https:\\\/\\\/prixbrandstore.com\\\/es\\\/#\\\/schema\\\/logo\\\/image\\\/\"}}]}<\/script>\n<!-- \/ Yoast SEO plugin. -->","yoast_head_json":{"title":"Privacy Policy | Prix d'Ami Brand Store Customer Data","description":"Learn how Prix d'Ami Brand Store collects, uses and protects your personal information and shopping data. Read here...","robots":{"index":"index","follow":"follow","max-snippet":"max-snippet:-1","max-image-preview":"max-image-preview:large","max-video-preview":"max-video-preview:-1"},"canonical":"https:\/\/prixbrandstore.com\/es\/privacy-policy\/","og_locale":"es_ES","og_type":"article","og_title":"Privacy Policy | Prix d'Ami Brand Store Customer Data","og_description":"Learn how Prix d'Ami Brand Store collects, uses and protects your personal information and shopping data. Read here...","og_url":"https:\/\/prixbrandstore.com\/es\/privacy-policy\/","og_site_name":"Prix Brandstore","article_modified_time":"2025-07-25T01:26:34+00:00","twitter_card":"summary_large_image","twitter_misc":{"Tiempo de lectura":"3 minuto"},"schema":{"@context":"https:\/\/schema.org","@graph":[{"@type":"WebPage","@id":"https:\/\/prixbrandstore.com\/es\/privacy-policy\/","url":"https:\/\/prixbrandstore.com\/es\/privacy-policy\/","name":"Privacy Policy | Prix d'Ami Brand Store Customer Data","isPartOf":{"@id":"https:\/\/prixbrandstore.com\/es\/#website"},"datePublished":"2023-08-16T12:01:59+00:00","dateModified":"2025-07-25T01:26:34+00:00","description":"Learn how Prix d'Ami Brand Store collects, uses and protects your personal information and shopping data. Read here...","breadcrumb":{"@id":"https:\/\/prixbrandstore.com\/es\/privacy-policy\/#breadcrumb"},"inLanguage":"es","potentialAction":[{"@type":"ReadAction","target":["https:\/\/prixbrandstore.com\/es\/privacy-policy\/"]}]},{"@type":"BreadcrumbList","@id":"https:\/\/prixbrandstore.com\/es\/privacy-policy\/#breadcrumb","itemListElement":[{"@type":"ListItem","position":1,"name":"Home","item":"https:\/\/prixbrandstore.com\/es\/"},{"@type":"ListItem","position":2,"name":"Privacy policy"}]},{"@type":"WebSite","@id":"https:\/\/prixbrandstore.com\/es\/#website","url":"https:\/\/prixbrandstore.com\/es\/","name":"Prix Brandstore","description":"","publisher":{"@id":"https:\/\/prixbrandstore.com\/es\/#organization"},"potentialAction":[{"@type":"SearchAction","target":{"@type":"EntryPoint","urlTemplate":"https:\/\/prixbrandstore.com\/es\/?s={search_term_string}"},"query-input":{"@type":"PropertyValueSpecification","valueRequired":true,"valueName":"search_term_string"}}],"inLanguage":"es"},{"@type":"Organization","@id":"https:\/\/prixbrandstore.com\/es\/#organization","name":"Prix Brandstore","url":"https:\/\/prixbrandstore.com\/es\/","logo":{"@type":"ImageObject","inLanguage":"es","@id":"https:\/\/prixbrandstore.com\/es\/#\/schema\/logo\/image\/","url":"https:\/\/prixbrandstore.com\/wp-content\/uploads\/2023\/08\/Final_PrixBS_LOGO-BLACK.png","contentUrl":"https:\/\/prixbrandstore.com\/wp-content\/uploads\/2023\/08\/Final_PrixBS_LOGO-BLACK.png","width":1253,"height":635,"caption":"Prix Brandstore"},"image":{"@id":"https:\/\/prixbrandstore.com\/es\/#\/schema\/logo\/image\/"}}]}},"_links":{"self":[{"href":"https:\/\/prixbrandstore.com\/es\/wp-json\/wp\/v2\/pages\/3530","targetHints":{"allow":["GET"]}}],"collection":[{"href":"https:\/\/prixbrandstore.com\/es\/wp-json\/wp\/v2\/pages"}],"about":[{"href":"https:\/\/prixbrandstore.com\/es\/wp-json\/wp\/v2\/types\/page"}],"author":[{"embeddable":true,"href":"https:\/\/prixbrandstore.com\/es\/wp-json\/wp\/v2\/users\/2"}],"replies":[{"embeddable":true,"href":"https:\/\/prixbrandstore.com\/es\/wp-json\/wp\/v2\/comments?post=3530"}],"version-history":[{"count":4,"href":"https:\/\/prixbrandstore.com\/es\/wp-json\/wp\/v2\/pages\/3530\/revisions"}],"predecessor-version":[{"id":3543,"href":"https:\/\/prixbrandstore.com\/es\/wp-json\/wp\/v2\/pages\/3530\/revisions\/3543"}],"wp:attachment":[{"href":"https:\/\/prixbrandstore.com\/es\/wp-json\/wp\/v2\/media?parent=3530"}],"curies":[{"name":"wp","href":"https:\/\/api.w.org\/{rel}","templated":true}]}}