{"id":926,"date":"2024-02-07T13:58:24","date_gmt":"2024-02-07T12:58:24","guid":{"rendered":"https:\/\/prixbrandstore.com\/mi-cuenta\/"},"modified":"2025-07-25T12:52:03","modified_gmt":"2025-07-25T10:52:03","slug":"mi-cuenta","status":"publish","type":"page","link":"https:\/\/prixbrandstore.com\/es\/mi-cuenta\/","title":{"rendered":"Mi cuenta"},"content":{"rendered":"\t\t<div data-elementor-type=\"wp-page\" data-elementor-id=\"926\" class=\"elementor elementor-926 elementor-292\" data-elementor-post-type=\"page\">\n\t\t\t\t<div class=\"elementor-element elementor-element-a3fbfff e-con-full login-container e-flex e-con e-parent\" data-id=\"a3fbfff\" data-element_type=\"container\" data-e-type=\"container\">\n\t\t<div class=\"elementor-element elementor-element-a329650 e-flex e-con-boxed e-con e-child\" data-id=\"a329650\" data-element_type=\"container\" data-e-type=\"container\">\n\t\t\t\t\t<div class=\"e-con-inner\">\n\t\t<div class=\"elementor-element elementor-element-c498f18 e-con-full log-in e-flex e-con e-child\" data-id=\"c498f18\" data-element_type=\"container\" data-e-type=\"container\" data-settings=\"{&quot;background_background&quot;:&quot;classic&quot;}\">\n\t\t\t\t<div class=\"elementor-element elementor-element-bee685b elementor-widget elementor-widget-heading\" data-id=\"bee685b\" data-element_type=\"widget\" data-e-type=\"widget\" data-widget_type=\"heading.default\">\n\t\t\t\t<div class=\"elementor-widget-container\">\n\t\t\t\t\t<h1 class=\"elementor-heading-title elementor-size-default\">Inicia sesi\u00f3n<\/h1>\t\t\t\t<\/div>\n\t\t\t\t<\/div>\n\t\t\t\t<div class=\"elementor-element elementor-element-14791ad elementor-widget elementor-widget-shortcode\" data-id=\"14791ad\" data-element_type=\"widget\" data-e-type=\"widget\" data-widget_type=\"shortcode.default\">\n\t\t\t\t<div class=\"elementor-widget-container\">\n\t\t\t\t\t\t\t<div class=\"elementor-shortcode\">\t<div id=\"magic-login-shortcode\">\n\t\t<div class=\"magic-login-form-header\">\n\t\t\t<p class=\"message\">Please enter your username or email address. You will receive an email message to log in.<\/p>\t\t<\/div>\n\t\t\t\t\t<form name=\"magicloginform\"\n\t\t\t\t  class=\"magic-login-inline-login-form \"\n\t\t\t\t  id=\"magicloginform\"\n\t\t\t\t  action=\"\"\n\t\t\t\t  method=\"post\"\n\t\t\t\t  autocomplete=\"off\"\n\t\t\t\t  data-ajax-url=\"https:\/\/prixbrandstore.com\/wp-admin\/admin-ajax.php\"\n\t\t\t\t  data-ajax-spinner=\"https:\/\/prixbrandstore.com\/wp-admin\/images\/spinner.gif\"\n\t\t\t\t  data-ajax-sending-msg=\"Sending...\"\n\t\t\t>\n\n\t\t\t\t\t\t\t\t\t<label for=\"user_login\">Username or Email Address<\/label>\n\t\t\t\t\t\t\t\t<input type=\"text\" name=\"log\" id=\"user_login\" class=\"input\" value=\"\" size=\"20\" autocapitalize=\"off\" autocomplete=\"username\" required \/>\n\t\t\t\t\t\t\t\t\t\t\t\t\t<input type=\"hidden\" name=\"redirect_to\" value=\"https:\/\/prixbrandstore.com\/es\/wp-json\/wp\/v2\/pages\/926\" \/>\n\t\t\t\t\t\t\t\t<input type=\"hidden\" name=\"testcookie\" value=\"1\" \/>\n\t\t\t\t\t\t\t\t<input type=\"submit\" name=\"wp-submit\" id=\"wp-submit\" class=\"magic-login-submit button button-primary button-large\" value=\"Send me the link\" \/>\n\t\t\t<\/form>\n\t\t\t<\/div>\n\t<\/div>\n\t\t\t\t\t\t<\/div>\n\t\t\t\t<\/div>\n\t\t<div class=\"elementor-element elementor-element-0eaf322 e-con-full e-flex e-con e-child\" data-id=\"0eaf322\" data-element_type=\"container\" data-e-type=\"container\">\n\t\t\t\t<div class=\"elementor-element elementor-element-ae029b5 elementor-widget elementor-widget-heading\" data-id=\"ae029b5\" data-element_type=\"widget\" data-e-type=\"widget\" data-widget_type=\"heading.default\">\n\t\t\t\t<div class=\"elementor-widget-container\">\n\t\t\t\t\t<p class=\"elementor-heading-title elementor-size-default\"><a href=\"https:\/\/prixbrandstore.com\/my-account\/lost-password\/\">\u00bfHas olvidado la contrase\u00f1a?<\/a><\/p>\t\t\t\t<\/div>\n\t\t\t\t<\/div>\n\t\t\t\t<div class=\"elementor-element elementor-element-d00ba4e elementor-widget elementor-widget-button\" data-id=\"d00ba4e\" data-element_type=\"widget\" data-e-type=\"widget\" data-widget_type=\"button.default\">\n\t\t\t\t<div class=\"elementor-widget-container\">\n\t\t\t\t\t\t\t\t\t<div class=\"elementor-button-wrapper\">\n\t\t\t\t\t<a class=\"elementor-button elementor-button-link elementor-size-sm\" href=\"https:\/\/prixbrandstore.com\/es\/ponte-en-contacto-con\/\">\n\t\t\t\t\t\t<span class=\"elementor-button-content-wrapper\">\n\t\t\t\t\t\t<span class=\"elementor-button-icon\">\n\t\t\t\t<i aria-hidden=\"true\" class=\"fas fa-external-link-alt\"><\/i>\t\t\t<\/span>\n\t\t\t\t\t\t\t\t\t<span class=\"elementor-button-text\">Ayuda<\/span>\n\t\t\t\t\t<\/span>\n\t\t\t\t\t<\/a>\n\t\t\t\t<\/div>\n\t\t\t\t\t\t\t\t<\/div>\n\t\t\t\t<\/div>\n\t\t\t\t<\/div>\n\t\t\t\t<div class=\"elementor-element elementor-element-2461f2b elementor-widget elementor-widget-text-editor\" data-id=\"2461f2b\" data-element_type=\"widget\" data-e-type=\"widget\" data-widget_type=\"text-editor.default\">\n\t\t\t\t<div class=\"elementor-widget-container\">\n\t\t\t\t\t\t\t\t\t<p>Prix Brandstore est\u00e1 protegido por reCAPTCHA y la <strong><a href=\"https:\/\/policies.google.com\/privacy\">Pol\u00edtica de privacidad<\/a><\/strong> y <strong><a href=\"https:\/\/policies.google.com\/terms\">Condiciones del servicio<\/a><\/strong> aplicar.  <\/p>\t\t\t\t\t\t\t\t<\/div>\n\t\t\t\t<\/div>\n\t\t\t\t<\/div>\n\t\t<div class=\"elementor-element elementor-element-342aa78 e-con-full forgot-password e-flex e-con e-child\" data-id=\"342aa78\" data-element_type=\"container\" data-e-type=\"container\" data-settings=\"{&quot;background_background&quot;:&quot;classic&quot;}\">\n\t\t\t\t<div class=\"elementor-element elementor-element-95efb70 elementor-widget elementor-widget-heading\" data-id=\"95efb70\" data-element_type=\"widget\" data-e-type=\"widget\" data-widget_type=\"heading.default\">\n\t\t\t\t<div class=\"elementor-widget-container\">\n\t\t\t\t\t<h2 class=\"elementor-heading-title elementor-size-default\">\u00bfHas olvidado la contrase\u00f1a?<\/h2>\t\t\t\t<\/div>\n\t\t\t\t<\/div>\n\t\t\t\t<div class=\"elementor-element elementor-element-8a4ec45 e-my-account-tabs-vertical elementor-widget elementor-widget-woocommerce-my-account\" data-id=\"8a4ec45\" data-element_type=\"widget\" data-e-type=\"widget\" data-widget_type=\"woocommerce-my-account.default\">\n\t\t\t\t<div class=\"elementor-widget-container\">\n\t\t\t\t\t<div class=\"e-my-account-tab e-my-account-tab__ \">\t\t\t<div class=\"woocommerce\"><div class=\"woocommerce-notices-wrapper\"><\/div>\n\n\t\t<h2>Acceder<\/h2>\n\n\t\t<form class=\"woocommerce-form woocommerce-form-login login\" method=\"post\" novalidate>\n\n\t\t\t\n\t\t\t<p class=\"woocommerce-form-row woocommerce-form-row--wide form-row form-row-wide\">\n\t\t\t\t<label for=\"username\">Nombre de usuario o correo electr\u00f3nico&nbsp;<span class=\"required\" aria-hidden=\"true\">*<\/span><span class=\"screen-reader-text\">Obligatorio<\/span><\/label>\n\t\t\t\t<input type=\"text\" class=\"woocommerce-Input woocommerce-Input--text input-text\" name=\"username\" id=\"username\" autocomplete=\"username\" value=\"\" required aria-required=\"true\" \/>\t\t\t<\/p>\n\t\t\t<p class=\"woocommerce-form-row woocommerce-form-row--wide form-row form-row-wide\">\n\t\t\t\t<label for=\"password\">Contrase\u00f1a&nbsp;<span class=\"required\" aria-hidden=\"true\">*<\/span><span class=\"screen-reader-text\">Obligatorio<\/span><\/label>\n\t\t\t\t<input class=\"woocommerce-Input woocommerce-Input--text input-text\" type=\"password\" name=\"password\" id=\"password\" autocomplete=\"current-password\" required aria-required=\"true\" \/>\n\t\t\t<\/p>\n\n\t\t\t\n\t\t\t<p class=\"form-row\">\n\t\t\t\t<label class=\"woocommerce-form__label woocommerce-form__label-for-checkbox woocommerce-form-login__rememberme\">\n\t\t\t\t\t<input class=\"woocommerce-form__input woocommerce-form__input-checkbox\" name=\"rememberme\" type=\"checkbox\" id=\"rememberme\" value=\"forever\" \/> <span>Recu\u00e9rdame<\/span>\n\t\t\t\t<\/label>\n\t\t\t\t<input type=\"hidden\" id=\"woocommerce-login-nonce\" name=\"woocommerce-login-nonce\" value=\"5762269328\" \/><input type=\"hidden\" name=\"_wp_http_referer\" value=\"\/es\/wp-json\/wp\/v2\/pages\/926\" \/>\t\t\t\t<button type=\"submit\" class=\"woocommerce-button button woocommerce-form-login__submit\" name=\"login\" value=\"Acceso\">Acceso<\/button>\n\t\t\t<\/p>\n\t\t\t<p class=\"woocommerce-LostPassword lost_password\">\n\t\t\t\t<a href=\"https:\/\/prixbrandstore.com\/es\/mi-cuenta\/lost-password\/\">\u00bfOlvidaste la contrase\u00f1a?<\/a>\n\t\t\t<\/p>\n\n\t\t\t\n\t\t<\/form>\n\n\n<\/div>\t\t<\/div>\n\t\t\t\t\t\t<\/div>\n\t\t\t\t<\/div>\n\t\t<div class=\"elementor-element elementor-element-c5d261b e-con-full e-flex e-con e-child\" data-id=\"c5d261b\" data-element_type=\"container\" data-e-type=\"container\">\n\t\t\t\t<div class=\"elementor-element elementor-element-42ec901 elementor-widget elementor-widget-heading\" data-id=\"42ec901\" data-element_type=\"widget\" data-e-type=\"widget\" data-widget_type=\"heading.default\">\n\t\t\t\t<div class=\"elementor-widget-container\">\n\t\t\t\t\t<p class=\"elementor-heading-title elementor-size-default\"><a href=\"https:\/\/prixbrandstore.com\/my-account\/\">Volver al inicio de sesi\u00f3n<\/a><\/p>\t\t\t\t<\/div>\n\t\t\t\t<\/div>\n\t\t\t\t<div class=\"elementor-element elementor-element-24bf274 elementor-widget elementor-widget-button\" data-id=\"24bf274\" data-element_type=\"widget\" data-e-type=\"widget\" data-widget_type=\"button.default\">\n\t\t\t\t<div class=\"elementor-widget-container\">\n\t\t\t\t\t\t\t\t\t<div class=\"elementor-button-wrapper\">\n\t\t\t\t\t<a class=\"elementor-button elementor-button-link elementor-size-sm\" href=\"https:\/\/prixbrandstore.com\/es\/ponte-en-contacto-con\/\">\n\t\t\t\t\t\t<span class=\"elementor-button-content-wrapper\">\n\t\t\t\t\t\t<span class=\"elementor-button-icon\">\n\t\t\t\t<i aria-hidden=\"true\" class=\"fas fa-external-link-alt\"><\/i>\t\t\t<\/span>\n\t\t\t\t\t\t\t\t\t<span class=\"elementor-button-text\">Ayuda<\/span>\n\t\t\t\t\t<\/span>\n\t\t\t\t\t<\/a>\n\t\t\t\t<\/div>\n\t\t\t\t\t\t\t\t<\/div>\n\t\t\t\t<\/div>\n\t\t\t\t<\/div>\n\t\t\t\t<div class=\"elementor-element elementor-element-3d1a38b elementor-widget elementor-widget-text-editor\" data-id=\"3d1a38b\" data-element_type=\"widget\" data-e-type=\"widget\" data-widget_type=\"text-editor.default\">\n\t\t\t\t<div class=\"elementor-widget-container\">\n\t\t\t\t\t\t\t\t\t<p>Prix Brandstore est\u00e1 protegido por reCAPTCHA y la <strong><a href=\"https:\/\/policies.google.com\/privacy\">Pol\u00edtica de privacidad<\/a><\/strong> y <strong><a href=\"https:\/\/policies.google.com\/terms\">Condiciones del servicio<\/a><\/strong> aplicar.<\/p>\t\t\t\t\t\t\t\t<\/div>\n\t\t\t\t<\/div>\n\t\t\t\t<\/div>\n\t\t\t\t\t<\/div>\n\t\t\t\t<\/div>\n\t\t<div class=\"elementor-element elementor-element-59b7b68 e-flex e-con-boxed e-con e-child\" data-id=\"59b7b68\" data-element_type=\"container\" data-e-type=\"container\" data-settings=\"{&quot;background_background&quot;:&quot;classic&quot;}\">\n\t\t\t\t\t<div class=\"e-con-inner\">\n\t\t\t\t\t<\/div>\n\t\t\t\t<\/div>\n\t\t\t\t<\/div>\n\t\t\t\t<\/div>\n\t\t","protected":false},"excerpt":{"rendered":"<p>Inicia sesi\u00f3n \u00bfHas olvidado la contrase\u00f1a? Ayuda Prix Brandstore est\u00e1 protegido por reCAPTCHA y la Pol\u00edtica de privacidad y Condiciones del servicio aplicar. \u00bfHas olvidado la contrase\u00f1a? Cuadro de mandos Pedidos Descargas Direcciones Detalles de la cuenta Cerrar sesi\u00f3n Hello Admin (not Admin? Log out) From your account dashboard you can view your recent orders, [&hellip;]<\/p>\n","protected":false},"author":1,"featured_media":0,"parent":0,"menu_order":0,"comment_status":"closed","ping_status":"closed","template":"elementor_header_footer","meta":{"footnotes":""},"class_list":["post-926","page","type-page","status-publish","hentry"],"yoast_head":"<!-- This site is optimized with the Yoast SEO plugin v27.3 - https:\/\/yoast.com\/product\/yoast-seo-wordpress\/ -->\n<title>Mi Cuenta | Cuenta de Cliente de la Tienda de la Marca Prix d&#039;Ami<\/title>\n<meta name=\"description\" content=\"Gestiona tu cuenta de Prix d&#039;Ami: consulta el historial de pedidos, realiza un seguimiento de los env\u00edos actuales y actualiza tu informaci\u00f3n personal.\" \/>\n<meta name=\"robots\" content=\"index, follow, max-snippet:-1, max-image-preview:large, max-video-preview:-1\" \/>\n<link rel=\"canonical\" href=\"https:\/\/prixbrandstore.com\/es\/mi-cuenta\/\" \/>\n<meta property=\"og:locale\" content=\"es_ES\" \/>\n<meta property=\"og:type\" content=\"article\" \/>\n<meta property=\"og:title\" content=\"Mi Cuenta | Cuenta de Cliente de la Tienda de la Marca Prix d&#039;Ami\" \/>\n<meta property=\"og:description\" content=\"Gestiona tu cuenta de Prix d&#039;Ami: consulta el historial de pedidos, realiza un seguimiento de los env\u00edos actuales y actualiza tu informaci\u00f3n personal.\" \/>\n<meta property=\"og:url\" content=\"https:\/\/prixbrandstore.com\/es\/mi-cuenta\/\" \/>\n<meta property=\"og:site_name\" content=\"Prix Brandstore\" \/>\n<meta property=\"article:modified_time\" content=\"2025-07-25T10:52:03+00:00\" \/>\n<meta property=\"og:image\" content=\"https:\/\/prixbrandstore.com\/wp-content\/uploads\/2023\/08\/Final_PrixBS_LOGO-BLACK.png\" \/>\n\t<meta property=\"og:image:width\" content=\"1253\" \/>\n\t<meta property=\"og:image:height\" content=\"635\" \/>\n\t<meta property=\"og:image:type\" content=\"image\/png\" \/>\n<meta name=\"twitter:card\" content=\"summary_large_image\" \/>\n<meta name=\"twitter:label1\" content=\"Tiempo de lectura\" \/>\n\t<meta name=\"twitter:data1\" content=\"1 minuto\" \/>\n<script type=\"application\/ld+json\" class=\"yoast-schema-graph\">{\"@context\":\"https:\\\/\\\/schema.org\",\"@graph\":[{\"@type\":\"WebPage\",\"@id\":\"https:\\\/\\\/prixbrandstore.com\\\/es\\\/mi-cuenta\\\/\",\"url\":\"https:\\\/\\\/prixbrandstore.com\\\/es\\\/mi-cuenta\\\/\",\"name\":\"Mi Cuenta | Cuenta de Cliente de la Tienda de la Marca Prix d'Ami\",\"isPartOf\":{\"@id\":\"https:\\\/\\\/prixbrandstore.com\\\/es\\\/#website\"},\"primaryImageOfPage\":{\"@id\":\"https:\\\/\\\/prixbrandstore.com\\\/es\\\/mi-cuenta\\\/#primaryimage\"},\"image\":{\"@id\":\"https:\\\/\\\/prixbrandstore.com\\\/es\\\/mi-cuenta\\\/#primaryimage\"},\"thumbnailUrl\":\"https:\\\/\\\/prixbrandstore.com\\\/wp-content\\\/uploads\\\/2023\\\/08\\\/Final_PrixBS_LOGO-BLACK-1024x519.png\",\"datePublished\":\"2024-02-07T12:58:24+00:00\",\"dateModified\":\"2025-07-25T10:52:03+00:00\",\"description\":\"Gestiona tu cuenta de Prix d'Ami: consulta el historial de pedidos, realiza un seguimiento de los env\u00edos actuales y actualiza tu informaci\u00f3n personal.\",\"breadcrumb\":{\"@id\":\"https:\\\/\\\/prixbrandstore.com\\\/es\\\/mi-cuenta\\\/#breadcrumb\"},\"inLanguage\":\"es\",\"potentialAction\":[{\"@type\":\"ReadAction\",\"target\":[\"https:\\\/\\\/prixbrandstore.com\\\/es\\\/mi-cuenta\\\/\"]}]},{\"@type\":\"ImageObject\",\"inLanguage\":\"es\",\"@id\":\"https:\\\/\\\/prixbrandstore.com\\\/es\\\/mi-cuenta\\\/#primaryimage\",\"url\":\"https:\\\/\\\/prixbrandstore.com\\\/wp-content\\\/uploads\\\/2023\\\/08\\\/Final_PrixBS_LOGO-BLACK-1024x519.png\",\"contentUrl\":\"https:\\\/\\\/prixbrandstore.com\\\/wp-content\\\/uploads\\\/2023\\\/08\\\/Final_PrixBS_LOGO-BLACK-1024x519.png\"},{\"@type\":\"BreadcrumbList\",\"@id\":\"https:\\\/\\\/prixbrandstore.com\\\/es\\\/mi-cuenta\\\/#breadcrumb\",\"itemListElement\":[{\"@type\":\"ListItem\",\"position\":1,\"name\":\"Home\",\"item\":\"https:\\\/\\\/prixbrandstore.com\\\/es\\\/\"},{\"@type\":\"ListItem\",\"position\":2,\"name\":\"Mi cuenta\"}]},{\"@type\":\"WebSite\",\"@id\":\"https:\\\/\\\/prixbrandstore.com\\\/es\\\/#website\",\"url\":\"https:\\\/\\\/prixbrandstore.com\\\/es\\\/\",\"name\":\"Prix Brandstore\",\"description\":\"\",\"publisher\":{\"@id\":\"https:\\\/\\\/prixbrandstore.com\\\/es\\\/#organization\"},\"potentialAction\":[{\"@type\":\"SearchAction\",\"target\":{\"@type\":\"EntryPoint\",\"urlTemplate\":\"https:\\\/\\\/prixbrandstore.com\\\/es\\\/?s={search_term_string}\"},\"query-input\":{\"@type\":\"PropertyValueSpecification\",\"valueRequired\":true,\"valueName\":\"search_term_string\"}}],\"inLanguage\":\"es\"},{\"@type\":\"Organization\",\"@id\":\"https:\\\/\\\/prixbrandstore.com\\\/es\\\/#organization\",\"name\":\"Prix Brandstore\",\"url\":\"https:\\\/\\\/prixbrandstore.com\\\/es\\\/\",\"logo\":{\"@type\":\"ImageObject\",\"inLanguage\":\"es\",\"@id\":\"https:\\\/\\\/prixbrandstore.com\\\/es\\\/#\\\/schema\\\/logo\\\/image\\\/\",\"url\":\"https:\\\/\\\/prixbrandstore.com\\\/wp-content\\\/uploads\\\/2023\\\/08\\\/Final_PrixBS_LOGO-BLACK.png\",\"contentUrl\":\"https:\\\/\\\/prixbrandstore.com\\\/wp-content\\\/uploads\\\/2023\\\/08\\\/Final_PrixBS_LOGO-BLACK.png\",\"width\":1253,\"height\":635,\"caption\":\"Prix Brandstore\"},\"image\":{\"@id\":\"https:\\\/\\\/prixbrandstore.com\\\/es\\\/#\\\/schema\\\/logo\\\/image\\\/\"}}]}<\/script>\n<!-- \/ Yoast SEO plugin. -->","yoast_head_json":{"title":"Mi Cuenta | Cuenta de Cliente de la Tienda de la Marca Prix d'Ami","description":"Gestiona tu cuenta de Prix d'Ami: consulta el historial de pedidos, realiza un seguimiento de los env\u00edos actuales y actualiza tu informaci\u00f3n personal.","robots":{"index":"index","follow":"follow","max-snippet":"max-snippet:-1","max-image-preview":"max-image-preview:large","max-video-preview":"max-video-preview:-1"},"canonical":"https:\/\/prixbrandstore.com\/es\/mi-cuenta\/","og_locale":"es_ES","og_type":"article","og_title":"Mi Cuenta | Cuenta de Cliente de la Tienda de la Marca Prix d'Ami","og_description":"Gestiona tu cuenta de Prix d'Ami: consulta el historial de pedidos, realiza un seguimiento de los env\u00edos actuales y actualiza tu informaci\u00f3n personal.","og_url":"https:\/\/prixbrandstore.com\/es\/mi-cuenta\/","og_site_name":"Prix Brandstore","article_modified_time":"2025-07-25T10:52:03+00:00","og_image":[{"width":1253,"height":635,"url":"https:\/\/prixbrandstore.com\/wp-content\/uploads\/2023\/08\/Final_PrixBS_LOGO-BLACK.png","type":"image\/png"}],"twitter_card":"summary_large_image","twitter_misc":{"Tiempo de lectura":"1 minuto"},"schema":{"@context":"https:\/\/schema.org","@graph":[{"@type":"WebPage","@id":"https:\/\/prixbrandstore.com\/es\/mi-cuenta\/","url":"https:\/\/prixbrandstore.com\/es\/mi-cuenta\/","name":"Mi Cuenta | Cuenta de Cliente de la Tienda de la Marca Prix d'Ami","isPartOf":{"@id":"https:\/\/prixbrandstore.com\/es\/#website"},"primaryImageOfPage":{"@id":"https:\/\/prixbrandstore.com\/es\/mi-cuenta\/#primaryimage"},"image":{"@id":"https:\/\/prixbrandstore.com\/es\/mi-cuenta\/#primaryimage"},"thumbnailUrl":"https:\/\/prixbrandstore.com\/wp-content\/uploads\/2023\/08\/Final_PrixBS_LOGO-BLACK-1024x519.png","datePublished":"2024-02-07T12:58:24+00:00","dateModified":"2025-07-25T10:52:03+00:00","description":"Gestiona tu cuenta de Prix d'Ami: consulta el historial de pedidos, realiza un seguimiento de los env\u00edos actuales y actualiza tu informaci\u00f3n personal.","breadcrumb":{"@id":"https:\/\/prixbrandstore.com\/es\/mi-cuenta\/#breadcrumb"},"inLanguage":"es","potentialAction":[{"@type":"ReadAction","target":["https:\/\/prixbrandstore.com\/es\/mi-cuenta\/"]}]},{"@type":"ImageObject","inLanguage":"es","@id":"https:\/\/prixbrandstore.com\/es\/mi-cuenta\/#primaryimage","url":"https:\/\/prixbrandstore.com\/wp-content\/uploads\/2023\/08\/Final_PrixBS_LOGO-BLACK-1024x519.png","contentUrl":"https:\/\/prixbrandstore.com\/wp-content\/uploads\/2023\/08\/Final_PrixBS_LOGO-BLACK-1024x519.png"},{"@type":"BreadcrumbList","@id":"https:\/\/prixbrandstore.com\/es\/mi-cuenta\/#breadcrumb","itemListElement":[{"@type":"ListItem","position":1,"name":"Home","item":"https:\/\/prixbrandstore.com\/es\/"},{"@type":"ListItem","position":2,"name":"Mi cuenta"}]},{"@type":"WebSite","@id":"https:\/\/prixbrandstore.com\/es\/#website","url":"https:\/\/prixbrandstore.com\/es\/","name":"Prix Brandstore","description":"","publisher":{"@id":"https:\/\/prixbrandstore.com\/es\/#organization"},"potentialAction":[{"@type":"SearchAction","target":{"@type":"EntryPoint","urlTemplate":"https:\/\/prixbrandstore.com\/es\/?s={search_term_string}"},"query-input":{"@type":"PropertyValueSpecification","valueRequired":true,"valueName":"search_term_string"}}],"inLanguage":"es"},{"@type":"Organization","@id":"https:\/\/prixbrandstore.com\/es\/#organization","name":"Prix Brandstore","url":"https:\/\/prixbrandstore.com\/es\/","logo":{"@type":"ImageObject","inLanguage":"es","@id":"https:\/\/prixbrandstore.com\/es\/#\/schema\/logo\/image\/","url":"https:\/\/prixbrandstore.com\/wp-content\/uploads\/2023\/08\/Final_PrixBS_LOGO-BLACK.png","contentUrl":"https:\/\/prixbrandstore.com\/wp-content\/uploads\/2023\/08\/Final_PrixBS_LOGO-BLACK.png","width":1253,"height":635,"caption":"Prix Brandstore"},"image":{"@id":"https:\/\/prixbrandstore.com\/es\/#\/schema\/logo\/image\/"}}]}},"_links":{"self":[{"href":"https:\/\/prixbrandstore.com\/es\/wp-json\/wp\/v2\/pages\/926","targetHints":{"allow":["GET"]}}],"collection":[{"href":"https:\/\/prixbrandstore.com\/es\/wp-json\/wp\/v2\/pages"}],"about":[{"href":"https:\/\/prixbrandstore.com\/es\/wp-json\/wp\/v2\/types\/page"}],"author":[{"embeddable":true,"href":"https:\/\/prixbrandstore.com\/es\/wp-json\/wp\/v2\/users\/1"}],"replies":[{"embeddable":true,"href":"https:\/\/prixbrandstore.com\/es\/wp-json\/wp\/v2\/comments?post=926"}],"version-history":[{"count":3,"href":"https:\/\/prixbrandstore.com\/es\/wp-json\/wp\/v2\/pages\/926\/revisions"}],"predecessor-version":[{"id":4148,"href":"https:\/\/prixbrandstore.com\/es\/wp-json\/wp\/v2\/pages\/926\/revisions\/4148"}],"wp:attachment":[{"href":"https:\/\/prixbrandstore.com\/es\/wp-json\/wp\/v2\/media?parent=926"}],"curies":[{"name":"wp","href":"https:\/\/api.w.org\/{rel}","templated":true}]}}