{"id":3749,"date":"2025-07-24T21:24:52","date_gmt":"2025-07-24T19:24:52","guid":{"rendered":"https:\/\/prixbrandstore.com\/product\/prix-dami-college-camiseta-de-tirantes-blanco\/"},"modified":"2025-07-24T21:24:52","modified_gmt":"2025-07-24T19:24:52","slug":"prix-dami-college-camiseta-de-tirantes-blanco","status":"publish","type":"product","link":"https:\/\/prixbrandstore.com\/es\/producto\/prix-dami-college-camiseta-de-tirantes-blanco\/","title":{"rendered":"Prix d&#8217;Ami college &#8211; Camiseta de tirantes &#8211; Blanco"},"content":{"rendered":"","protected":false},"excerpt":{"rendered":"<p><b>Corte normal: recomendamos tu talla habitual. Para un look m\u00e1s oversize, sugerimos una talla m\u00e1s.   <\/b><\/p>\n<ul>\n<li>Corte recortado<\/li>\n<li>Mujer<\/li>\n<li>100% algod\u00f3n org\u00e1nico (180 g\/m\u00b2)<\/li>\n<li>Logotipo del arco del Prix d&#8217;Ami en el pecho en rosa<\/li>\n<li>Dobladillo cosido con doble hilo<\/li>\n<li>Costuras de los hombros con punto de cadeneta<\/li>\n<li>Cuello de canal\u00e9 1&#215;1<\/li>\n<li>Cinta interior en el cuello para mayor comodidad<\/li>\n<li>Disponible en dos colores<\/li>\n<li>Certificado OEKO-TEX<\/li>\n<\/ul>\n<p>&nbsp;<\/p>\n<p><strong>Instrucciones de lavado:<\/strong><\/p>\n<ul>\n<li>Lavar a 30 grados<\/li>\n<li>Lavar y planchar del rev\u00e9s<\/li>\n<li>No secar en secadora<\/li>\n<li>Lava con colores similares<\/li>\n<\/ul>\n","protected":false},"featured_media":2752,"comment_status":"open","ping_status":"closed","template":"","meta":[],"product_brand":[],"product_cat":[89,81],"product_tag":[],"class_list":{"0":"post-3749","1":"product","2":"type-product","3":"status-publish","4":"has-post-thumbnail","6":"product_cat-camisetas","7":"product_cat-moda","9":"first","10":"instock","11":"taxable","12":"shipping-taxable","13":"purchasable","14":"product-type-variable"},"yoast_head":"<!-- This site is optimized with the Yoast SEO plugin v27.3 - https:\/\/yoast.com\/product\/yoast-seo-wordpress\/ -->\n<title>Prix d&#039;Ami college - Camiseta de tirantes - Blanco - Prix Brandstore<\/title>\n<meta name=\"robots\" content=\"index, follow, max-snippet:-1, max-image-preview:large, max-video-preview:-1\" \/>\n<link rel=\"canonical\" href=\"https:\/\/prixbrandstore.com\/es\/producto\/prix-dami-college-camiseta-de-tirantes-blanco\/\" \/>\n<meta property=\"og:locale\" content=\"es_ES\" \/>\n<meta property=\"og:type\" content=\"article\" \/>\n<meta property=\"og:title\" content=\"Prix d&#039;Ami college - Camiseta de tirantes - Blanco - Prix Brandstore\" \/>\n<meta property=\"og:description\" content=\"Corte normal: recomendamos tu talla habitual. Para un look m\u00e1s oversize, sugerimos una talla m\u00e1s.    Corte recortado  Mujer  100% algod\u00f3n org\u00e1nico (180 g\/m\u00b2)  Logotipo del arco del Prix d&#039;Ami en el pecho en rosa  Dobladillo cosido con doble hilo  Costuras de los hombros con punto de cadeneta  Cuello de canal\u00e9 1x1  Cinta interior en el cuello para mayor comodidad  Disponible en dos colores  Certificado OEKO-TEX &nbsp; Instrucciones de lavado:  Lavar a 30 grados  Lavar y planchar del rev\u00e9s  No secar en secadora  Lava con colores similares\" \/>\n<meta property=\"og:url\" content=\"https:\/\/prixbrandstore.com\/es\/producto\/prix-dami-college-camiseta-de-tirantes-blanco\/\" \/>\n<meta property=\"og:site_name\" content=\"Prix Brandstore\" \/>\n<meta property=\"og:image\" content=\"https:\/\/prixbrandstore.com\/wp-content\/uploads\/2025\/07\/01-005-white-1-1803-1-scaled.jpg\" \/>\n\t<meta property=\"og:image:width\" content=\"1707\" \/>\n\t<meta property=\"og:image:height\" content=\"2560\" \/>\n\t<meta property=\"og:image:type\" content=\"image\/jpeg\" \/>\n<meta name=\"twitter:card\" content=\"summary_large_image\" \/>\n<script type=\"application\/ld+json\" class=\"yoast-schema-graph\">{\"@context\":\"https:\\\/\\\/schema.org\",\"@graph\":[{\"@type\":\"WebPage\",\"@id\":\"https:\\\/\\\/prixbrandstore.com\\\/es\\\/producto\\\/prix-dami-college-camiseta-de-tirantes-blanco\\\/\",\"url\":\"https:\\\/\\\/prixbrandstore.com\\\/es\\\/producto\\\/prix-dami-college-camiseta-de-tirantes-blanco\\\/\",\"name\":\"Prix d'Ami college - Camiseta de tirantes - Blanco - Prix Brandstore\",\"isPartOf\":{\"@id\":\"https:\\\/\\\/prixbrandstore.com\\\/es\\\/#website\"},\"primaryImageOfPage\":{\"@id\":\"https:\\\/\\\/prixbrandstore.com\\\/es\\\/producto\\\/prix-dami-college-camiseta-de-tirantes-blanco\\\/#primaryimage\"},\"image\":{\"@id\":\"https:\\\/\\\/prixbrandstore.com\\\/es\\\/producto\\\/prix-dami-college-camiseta-de-tirantes-blanco\\\/#primaryimage\"},\"thumbnailUrl\":\"https:\\\/\\\/prixbrandstore.com\\\/wp-content\\\/uploads\\\/2025\\\/07\\\/01-005-white-1-1803-1-scaled.jpg\",\"datePublished\":\"2025-07-24T19:24:52+00:00\",\"breadcrumb\":{\"@id\":\"https:\\\/\\\/prixbrandstore.com\\\/es\\\/producto\\\/prix-dami-college-camiseta-de-tirantes-blanco\\\/#breadcrumb\"},\"inLanguage\":\"es\",\"potentialAction\":[{\"@type\":\"ReadAction\",\"target\":[\"https:\\\/\\\/prixbrandstore.com\\\/es\\\/producto\\\/prix-dami-college-camiseta-de-tirantes-blanco\\\/\"]}]},{\"@type\":\"ImageObject\",\"inLanguage\":\"es\",\"@id\":\"https:\\\/\\\/prixbrandstore.com\\\/es\\\/producto\\\/prix-dami-college-camiseta-de-tirantes-blanco\\\/#primaryimage\",\"url\":\"https:\\\/\\\/prixbrandstore.com\\\/wp-content\\\/uploads\\\/2025\\\/07\\\/01-005-white-1-1803-1-scaled.jpg\",\"contentUrl\":\"https:\\\/\\\/prixbrandstore.com\\\/wp-content\\\/uploads\\\/2025\\\/07\\\/01-005-white-1-1803-1-scaled.jpg\",\"width\":1707,\"height\":2560},{\"@type\":\"BreadcrumbList\",\"@id\":\"https:\\\/\\\/prixbrandstore.com\\\/es\\\/producto\\\/prix-dami-college-camiseta-de-tirantes-blanco\\\/#breadcrumb\",\"itemListElement\":[{\"@type\":\"ListItem\",\"position\":1,\"name\":\"Home\",\"item\":\"https:\\\/\\\/prixbrandstore.com\\\/es\\\/\"},{\"@type\":\"ListItem\",\"position\":2,\"name\":\"Tienda\",\"item\":\"https:\\\/\\\/prixbrandstore.com\\\/es\\\/tienda\\\/\"},{\"@type\":\"ListItem\",\"position\":3,\"name\":\"Prix d&#8217;Ami college &#8211; Camiseta de tirantes &#8211; Blanco\"}]},{\"@type\":\"WebSite\",\"@id\":\"https:\\\/\\\/prixbrandstore.com\\\/es\\\/#website\",\"url\":\"https:\\\/\\\/prixbrandstore.com\\\/es\\\/\",\"name\":\"Prix Brandstore\",\"description\":\"\",\"publisher\":{\"@id\":\"https:\\\/\\\/prixbrandstore.com\\\/es\\\/#organization\"},\"potentialAction\":[{\"@type\":\"SearchAction\",\"target\":{\"@type\":\"EntryPoint\",\"urlTemplate\":\"https:\\\/\\\/prixbrandstore.com\\\/es\\\/?s={search_term_string}\"},\"query-input\":{\"@type\":\"PropertyValueSpecification\",\"valueRequired\":true,\"valueName\":\"search_term_string\"}}],\"inLanguage\":\"es\"},{\"@type\":\"Organization\",\"@id\":\"https:\\\/\\\/prixbrandstore.com\\\/es\\\/#organization\",\"name\":\"Prix Brandstore\",\"url\":\"https:\\\/\\\/prixbrandstore.com\\\/es\\\/\",\"logo\":{\"@type\":\"ImageObject\",\"inLanguage\":\"es\",\"@id\":\"https:\\\/\\\/prixbrandstore.com\\\/es\\\/#\\\/schema\\\/logo\\\/image\\\/\",\"url\":\"https:\\\/\\\/prixbrandstore.com\\\/wp-content\\\/uploads\\\/2023\\\/08\\\/Final_PrixBS_LOGO-BLACK.png\",\"contentUrl\":\"https:\\\/\\\/prixbrandstore.com\\\/wp-content\\\/uploads\\\/2023\\\/08\\\/Final_PrixBS_LOGO-BLACK.png\",\"width\":1253,\"height\":635,\"caption\":\"Prix Brandstore\"},\"image\":{\"@id\":\"https:\\\/\\\/prixbrandstore.com\\\/es\\\/#\\\/schema\\\/logo\\\/image\\\/\"}}]}<\/script>\n<!-- \/ Yoast SEO plugin. -->","yoast_head_json":{"title":"Prix d'Ami college - Camiseta de tirantes - Blanco - Prix Brandstore","robots":{"index":"index","follow":"follow","max-snippet":"max-snippet:-1","max-image-preview":"max-image-preview:large","max-video-preview":"max-video-preview:-1"},"canonical":"https:\/\/prixbrandstore.com\/es\/producto\/prix-dami-college-camiseta-de-tirantes-blanco\/","og_locale":"es_ES","og_type":"article","og_title":"Prix d'Ami college - Camiseta de tirantes - Blanco - Prix Brandstore","og_description":"Corte normal: recomendamos tu talla habitual. Para un look m\u00e1s oversize, sugerimos una talla m\u00e1s.    Corte recortado  Mujer  100% algod\u00f3n org\u00e1nico (180 g\/m\u00b2)  Logotipo del arco del Prix d'Ami en el pecho en rosa  Dobladillo cosido con doble hilo  Costuras de los hombros con punto de cadeneta  Cuello de canal\u00e9 1x1  Cinta interior en el cuello para mayor comodidad  Disponible en dos colores  Certificado OEKO-TEX &nbsp; Instrucciones de lavado:  Lavar a 30 grados  Lavar y planchar del rev\u00e9s  No secar en secadora  Lava con colores similares","og_url":"https:\/\/prixbrandstore.com\/es\/producto\/prix-dami-college-camiseta-de-tirantes-blanco\/","og_site_name":"Prix Brandstore","og_image":[{"width":1707,"height":2560,"url":"https:\/\/prixbrandstore.com\/wp-content\/uploads\/2025\/07\/01-005-white-1-1803-1-scaled.jpg","type":"image\/jpeg"}],"twitter_card":"summary_large_image","schema":{"@context":"https:\/\/schema.org","@graph":[{"@type":"WebPage","@id":"https:\/\/prixbrandstore.com\/es\/producto\/prix-dami-college-camiseta-de-tirantes-blanco\/","url":"https:\/\/prixbrandstore.com\/es\/producto\/prix-dami-college-camiseta-de-tirantes-blanco\/","name":"Prix d'Ami college - Camiseta de tirantes - Blanco - Prix Brandstore","isPartOf":{"@id":"https:\/\/prixbrandstore.com\/es\/#website"},"primaryImageOfPage":{"@id":"https:\/\/prixbrandstore.com\/es\/producto\/prix-dami-college-camiseta-de-tirantes-blanco\/#primaryimage"},"image":{"@id":"https:\/\/prixbrandstore.com\/es\/producto\/prix-dami-college-camiseta-de-tirantes-blanco\/#primaryimage"},"thumbnailUrl":"https:\/\/prixbrandstore.com\/wp-content\/uploads\/2025\/07\/01-005-white-1-1803-1-scaled.jpg","datePublished":"2025-07-24T19:24:52+00:00","breadcrumb":{"@id":"https:\/\/prixbrandstore.com\/es\/producto\/prix-dami-college-camiseta-de-tirantes-blanco\/#breadcrumb"},"inLanguage":"es","potentialAction":[{"@type":"ReadAction","target":["https:\/\/prixbrandstore.com\/es\/producto\/prix-dami-college-camiseta-de-tirantes-blanco\/"]}]},{"@type":"ImageObject","inLanguage":"es","@id":"https:\/\/prixbrandstore.com\/es\/producto\/prix-dami-college-camiseta-de-tirantes-blanco\/#primaryimage","url":"https:\/\/prixbrandstore.com\/wp-content\/uploads\/2025\/07\/01-005-white-1-1803-1-scaled.jpg","contentUrl":"https:\/\/prixbrandstore.com\/wp-content\/uploads\/2025\/07\/01-005-white-1-1803-1-scaled.jpg","width":1707,"height":2560},{"@type":"BreadcrumbList","@id":"https:\/\/prixbrandstore.com\/es\/producto\/prix-dami-college-camiseta-de-tirantes-blanco\/#breadcrumb","itemListElement":[{"@type":"ListItem","position":1,"name":"Home","item":"https:\/\/prixbrandstore.com\/es\/"},{"@type":"ListItem","position":2,"name":"Tienda","item":"https:\/\/prixbrandstore.com\/es\/tienda\/"},{"@type":"ListItem","position":3,"name":"Prix d&#8217;Ami college &#8211; Camiseta de tirantes &#8211; Blanco"}]},{"@type":"WebSite","@id":"https:\/\/prixbrandstore.com\/es\/#website","url":"https:\/\/prixbrandstore.com\/es\/","name":"Prix Brandstore","description":"","publisher":{"@id":"https:\/\/prixbrandstore.com\/es\/#organization"},"potentialAction":[{"@type":"SearchAction","target":{"@type":"EntryPoint","urlTemplate":"https:\/\/prixbrandstore.com\/es\/?s={search_term_string}"},"query-input":{"@type":"PropertyValueSpecification","valueRequired":true,"valueName":"search_term_string"}}],"inLanguage":"es"},{"@type":"Organization","@id":"https:\/\/prixbrandstore.com\/es\/#organization","name":"Prix Brandstore","url":"https:\/\/prixbrandstore.com\/es\/","logo":{"@type":"ImageObject","inLanguage":"es","@id":"https:\/\/prixbrandstore.com\/es\/#\/schema\/logo\/image\/","url":"https:\/\/prixbrandstore.com\/wp-content\/uploads\/2023\/08\/Final_PrixBS_LOGO-BLACK.png","contentUrl":"https:\/\/prixbrandstore.com\/wp-content\/uploads\/2023\/08\/Final_PrixBS_LOGO-BLACK.png","width":1253,"height":635,"caption":"Prix Brandstore"},"image":{"@id":"https:\/\/prixbrandstore.com\/es\/#\/schema\/logo\/image\/"}}]}},"_links":{"self":[{"href":"https:\/\/prixbrandstore.com\/es\/wp-json\/wp\/v2\/product\/3749","targetHints":{"allow":["GET"]}}],"collection":[{"href":"https:\/\/prixbrandstore.com\/es\/wp-json\/wp\/v2\/product"}],"about":[{"href":"https:\/\/prixbrandstore.com\/es\/wp-json\/wp\/v2\/types\/product"}],"replies":[{"embeddable":true,"href":"https:\/\/prixbrandstore.com\/es\/wp-json\/wp\/v2\/comments?post=3749"}],"wp:featuredmedia":[{"embeddable":true,"href":"https:\/\/prixbrandstore.com\/es\/wp-json\/wp\/v2\/media\/2752"}],"wp:attachment":[{"href":"https:\/\/prixbrandstore.com\/es\/wp-json\/wp\/v2\/media?parent=3749"}],"wp:term":[{"taxonomy":"product_brand","embeddable":true,"href":"https:\/\/prixbrandstore.com\/es\/wp-json\/wp\/v2\/product_brand?post=3749"},{"taxonomy":"product_cat","embeddable":true,"href":"https:\/\/prixbrandstore.com\/es\/wp-json\/wp\/v2\/product_cat?post=3749"},{"taxonomy":"product_tag","embeddable":true,"href":"https:\/\/prixbrandstore.com\/es\/wp-json\/wp\/v2\/product_tag?post=3749"}],"curies":[{"name":"wp","href":"https:\/\/api.w.org\/{rel}","templated":true}]}}