{"id":3761,"date":"2025-07-24T21:29:54","date_gmt":"2025-07-24T19:29:54","guid":{"rendered":"https:\/\/prixbrandstore.com\/product\/jersey-universitario-prix-dami-crudo\/"},"modified":"2025-07-30T13:48:25","modified_gmt":"2025-07-30T11:48:25","slug":"jersey-universitario-prix-dami-crudo","status":"publish","type":"product","link":"https:\/\/prixbrandstore.com\/es\/producto\/jersey-universitario-prix-dami-crudo\/","title":{"rendered":"Jersey universitario Prix d&#8217;Ami &#8211; Crudo"},"content":{"rendered":"","protected":false},"excerpt":{"rendered":"<p><b>Corte normal: recomendamos tu talla habitual. Para un look m\u00e1s oversize, te sugerimos que aumentes una talla.  <\/b><\/p>\n<ul>\n<li>Corte normal<\/li>\n<li>Unisex<\/li>\n<li>Cuello redondo (cuello R)<\/li>\n<li>Calidad superior (300 g\/m\u00b2)<\/li>\n<li>80% algod\u00f3n org\u00e1nico, 20% poli\u00e9ster reciclado<\/li>\n<li>Interior suave y cepillado<\/li>\n<li>Logotipo del arco del Prix d&#8217;Ami en el pecho<\/li>\n<li>Certificado OEKO-TEX<\/li>\n<li>Disponible en cuatro colores<\/li>\n<\/ul>\n<p>&nbsp;<\/p>\n<p><strong>Instrucciones de lavado:<\/strong><\/p>\n<ul>\n<li>Lavar a 30 grados<\/li>\n<li>Lavar y planchar del rev\u00e9s<\/li>\n<li>No secar en secadora<\/li>\n<li>Lava con colores similares<\/li>\n<\/ul>\n","protected":false},"featured_media":2873,"comment_status":"open","ping_status":"closed","template":"","meta":[],"product_brand":[],"product_cat":[81,85],"product_tag":[],"class_list":{"0":"post-3761","1":"product","2":"type-product","3":"status-publish","4":"has-post-thumbnail","6":"product_cat-moda","7":"product_cat-sudaderas","9":"first","10":"instock","11":"taxable","12":"shipping-taxable","13":"purchasable","14":"product-type-variable"},"yoast_head":"<!-- This site is optimized with the Yoast SEO plugin v27.3 - https:\/\/yoast.com\/product\/yoast-seo-wordpress\/ -->\n<title>Jersey universitario Prix d&#039;Ami - Crudo - Prix Brandstore<\/title>\n<meta name=\"robots\" content=\"index, follow, max-snippet:-1, max-image-preview:large, max-video-preview:-1\" \/>\n<link rel=\"canonical\" href=\"https:\/\/prixbrandstore.com\/es\/producto\/jersey-universitario-prix-dami-crudo\/\" \/>\n<meta property=\"og:locale\" content=\"es_ES\" \/>\n<meta property=\"og:type\" content=\"article\" \/>\n<meta property=\"og:title\" content=\"Jersey universitario Prix d&#039;Ami - Crudo - Prix Brandstore\" \/>\n<meta property=\"og:description\" content=\"Corte normal: recomendamos tu talla habitual. Para un look m\u00e1s oversize, te sugerimos que aumentes una talla.   Corte normal  Unisex  Cuello redondo (cuello R)  Calidad superior (300 g\/m\u00b2)  80% algod\u00f3n org\u00e1nico, 20% poli\u00e9ster reciclado  Interior suave y cepillado  Logotipo del arco del Prix d&#039;Ami en el pecho  Certificado OEKO-TEX  Disponible en cuatro colores &nbsp; Instrucciones de lavado:  Lavar a 30 grados  Lavar y planchar del rev\u00e9s  No secar en secadora  Lava con colores similares\" \/>\n<meta property=\"og:url\" content=\"https:\/\/prixbrandstore.com\/es\/producto\/jersey-universitario-prix-dami-crudo\/\" \/>\n<meta property=\"og:site_name\" content=\"Prix Brandstore\" \/>\n<meta property=\"article:modified_time\" content=\"2025-07-30T11:48:25+00:00\" \/>\n<meta property=\"og:image\" content=\"https:\/\/prixbrandstore.com\/wp-content\/uploads\/2025\/07\/02-001-Ecru-1-2349-1-scaled.jpg\" \/>\n\t<meta property=\"og:image:width\" content=\"1707\" \/>\n\t<meta property=\"og:image:height\" content=\"2560\" \/>\n\t<meta property=\"og:image:type\" content=\"image\/jpeg\" \/>\n<meta name=\"twitter:card\" content=\"summary_large_image\" \/>\n<script type=\"application\/ld+json\" class=\"yoast-schema-graph\">{\"@context\":\"https:\\\/\\\/schema.org\",\"@graph\":[{\"@type\":\"WebPage\",\"@id\":\"https:\\\/\\\/prixbrandstore.com\\\/es\\\/producto\\\/jersey-universitario-prix-dami-crudo\\\/\",\"url\":\"https:\\\/\\\/prixbrandstore.com\\\/es\\\/producto\\\/jersey-universitario-prix-dami-crudo\\\/\",\"name\":\"Jersey universitario Prix d'Ami - Crudo - Prix Brandstore\",\"isPartOf\":{\"@id\":\"https:\\\/\\\/prixbrandstore.com\\\/es\\\/#website\"},\"primaryImageOfPage\":{\"@id\":\"https:\\\/\\\/prixbrandstore.com\\\/es\\\/producto\\\/jersey-universitario-prix-dami-crudo\\\/#primaryimage\"},\"image\":{\"@id\":\"https:\\\/\\\/prixbrandstore.com\\\/es\\\/producto\\\/jersey-universitario-prix-dami-crudo\\\/#primaryimage\"},\"thumbnailUrl\":\"https:\\\/\\\/prixbrandstore.com\\\/wp-content\\\/uploads\\\/2025\\\/07\\\/02-001-Ecru-1-2349-1-scaled.jpg\",\"datePublished\":\"2025-07-24T19:29:54+00:00\",\"dateModified\":\"2025-07-30T11:48:25+00:00\",\"breadcrumb\":{\"@id\":\"https:\\\/\\\/prixbrandstore.com\\\/es\\\/producto\\\/jersey-universitario-prix-dami-crudo\\\/#breadcrumb\"},\"inLanguage\":\"es\",\"potentialAction\":[{\"@type\":\"ReadAction\",\"target\":[\"https:\\\/\\\/prixbrandstore.com\\\/es\\\/producto\\\/jersey-universitario-prix-dami-crudo\\\/\"]}]},{\"@type\":\"ImageObject\",\"inLanguage\":\"es\",\"@id\":\"https:\\\/\\\/prixbrandstore.com\\\/es\\\/producto\\\/jersey-universitario-prix-dami-crudo\\\/#primaryimage\",\"url\":\"https:\\\/\\\/prixbrandstore.com\\\/wp-content\\\/uploads\\\/2025\\\/07\\\/02-001-Ecru-1-2349-1-scaled.jpg\",\"contentUrl\":\"https:\\\/\\\/prixbrandstore.com\\\/wp-content\\\/uploads\\\/2025\\\/07\\\/02-001-Ecru-1-2349-1-scaled.jpg\",\"width\":1707,\"height\":2560},{\"@type\":\"BreadcrumbList\",\"@id\":\"https:\\\/\\\/prixbrandstore.com\\\/es\\\/producto\\\/jersey-universitario-prix-dami-crudo\\\/#breadcrumb\",\"itemListElement\":[{\"@type\":\"ListItem\",\"position\":1,\"name\":\"Home\",\"item\":\"https:\\\/\\\/prixbrandstore.com\\\/es\\\/\"},{\"@type\":\"ListItem\",\"position\":2,\"name\":\"Tienda\",\"item\":\"https:\\\/\\\/prixbrandstore.com\\\/es\\\/tienda\\\/\"},{\"@type\":\"ListItem\",\"position\":3,\"name\":\"Jersey universitario Prix d&#8217;Ami &#8211; Crudo\"}]},{\"@type\":\"WebSite\",\"@id\":\"https:\\\/\\\/prixbrandstore.com\\\/es\\\/#website\",\"url\":\"https:\\\/\\\/prixbrandstore.com\\\/es\\\/\",\"name\":\"Prix Brandstore\",\"description\":\"\",\"publisher\":{\"@id\":\"https:\\\/\\\/prixbrandstore.com\\\/es\\\/#organization\"},\"potentialAction\":[{\"@type\":\"SearchAction\",\"target\":{\"@type\":\"EntryPoint\",\"urlTemplate\":\"https:\\\/\\\/prixbrandstore.com\\\/es\\\/?s={search_term_string}\"},\"query-input\":{\"@type\":\"PropertyValueSpecification\",\"valueRequired\":true,\"valueName\":\"search_term_string\"}}],\"inLanguage\":\"es\"},{\"@type\":\"Organization\",\"@id\":\"https:\\\/\\\/prixbrandstore.com\\\/es\\\/#organization\",\"name\":\"Prix Brandstore\",\"url\":\"https:\\\/\\\/prixbrandstore.com\\\/es\\\/\",\"logo\":{\"@type\":\"ImageObject\",\"inLanguage\":\"es\",\"@id\":\"https:\\\/\\\/prixbrandstore.com\\\/es\\\/#\\\/schema\\\/logo\\\/image\\\/\",\"url\":\"https:\\\/\\\/prixbrandstore.com\\\/wp-content\\\/uploads\\\/2023\\\/08\\\/Final_PrixBS_LOGO-BLACK.png\",\"contentUrl\":\"https:\\\/\\\/prixbrandstore.com\\\/wp-content\\\/uploads\\\/2023\\\/08\\\/Final_PrixBS_LOGO-BLACK.png\",\"width\":1253,\"height\":635,\"caption\":\"Prix Brandstore\"},\"image\":{\"@id\":\"https:\\\/\\\/prixbrandstore.com\\\/es\\\/#\\\/schema\\\/logo\\\/image\\\/\"}}]}<\/script>\n<!-- \/ Yoast SEO plugin. -->","yoast_head_json":{"title":"Jersey universitario Prix d'Ami - Crudo - Prix Brandstore","robots":{"index":"index","follow":"follow","max-snippet":"max-snippet:-1","max-image-preview":"max-image-preview:large","max-video-preview":"max-video-preview:-1"},"canonical":"https:\/\/prixbrandstore.com\/es\/producto\/jersey-universitario-prix-dami-crudo\/","og_locale":"es_ES","og_type":"article","og_title":"Jersey universitario Prix d'Ami - Crudo - Prix Brandstore","og_description":"Corte normal: recomendamos tu talla habitual. Para un look m\u00e1s oversize, te sugerimos que aumentes una talla.   Corte normal  Unisex  Cuello redondo (cuello R)  Calidad superior (300 g\/m\u00b2)  80% algod\u00f3n org\u00e1nico, 20% poli\u00e9ster reciclado  Interior suave y cepillado  Logotipo del arco del Prix d'Ami en el pecho  Certificado OEKO-TEX  Disponible en cuatro colores &nbsp; Instrucciones de lavado:  Lavar a 30 grados  Lavar y planchar del rev\u00e9s  No secar en secadora  Lava con colores similares","og_url":"https:\/\/prixbrandstore.com\/es\/producto\/jersey-universitario-prix-dami-crudo\/","og_site_name":"Prix Brandstore","article_modified_time":"2025-07-30T11:48:25+00:00","og_image":[{"width":1707,"height":2560,"url":"https:\/\/prixbrandstore.com\/wp-content\/uploads\/2025\/07\/02-001-Ecru-1-2349-1-scaled.jpg","type":"image\/jpeg"}],"twitter_card":"summary_large_image","schema":{"@context":"https:\/\/schema.org","@graph":[{"@type":"WebPage","@id":"https:\/\/prixbrandstore.com\/es\/producto\/jersey-universitario-prix-dami-crudo\/","url":"https:\/\/prixbrandstore.com\/es\/producto\/jersey-universitario-prix-dami-crudo\/","name":"Jersey universitario Prix d'Ami - Crudo - Prix Brandstore","isPartOf":{"@id":"https:\/\/prixbrandstore.com\/es\/#website"},"primaryImageOfPage":{"@id":"https:\/\/prixbrandstore.com\/es\/producto\/jersey-universitario-prix-dami-crudo\/#primaryimage"},"image":{"@id":"https:\/\/prixbrandstore.com\/es\/producto\/jersey-universitario-prix-dami-crudo\/#primaryimage"},"thumbnailUrl":"https:\/\/prixbrandstore.com\/wp-content\/uploads\/2025\/07\/02-001-Ecru-1-2349-1-scaled.jpg","datePublished":"2025-07-24T19:29:54+00:00","dateModified":"2025-07-30T11:48:25+00:00","breadcrumb":{"@id":"https:\/\/prixbrandstore.com\/es\/producto\/jersey-universitario-prix-dami-crudo\/#breadcrumb"},"inLanguage":"es","potentialAction":[{"@type":"ReadAction","target":["https:\/\/prixbrandstore.com\/es\/producto\/jersey-universitario-prix-dami-crudo\/"]}]},{"@type":"ImageObject","inLanguage":"es","@id":"https:\/\/prixbrandstore.com\/es\/producto\/jersey-universitario-prix-dami-crudo\/#primaryimage","url":"https:\/\/prixbrandstore.com\/wp-content\/uploads\/2025\/07\/02-001-Ecru-1-2349-1-scaled.jpg","contentUrl":"https:\/\/prixbrandstore.com\/wp-content\/uploads\/2025\/07\/02-001-Ecru-1-2349-1-scaled.jpg","width":1707,"height":2560},{"@type":"BreadcrumbList","@id":"https:\/\/prixbrandstore.com\/es\/producto\/jersey-universitario-prix-dami-crudo\/#breadcrumb","itemListElement":[{"@type":"ListItem","position":1,"name":"Home","item":"https:\/\/prixbrandstore.com\/es\/"},{"@type":"ListItem","position":2,"name":"Tienda","item":"https:\/\/prixbrandstore.com\/es\/tienda\/"},{"@type":"ListItem","position":3,"name":"Jersey universitario Prix d&#8217;Ami &#8211; Crudo"}]},{"@type":"WebSite","@id":"https:\/\/prixbrandstore.com\/es\/#website","url":"https:\/\/prixbrandstore.com\/es\/","name":"Prix Brandstore","description":"","publisher":{"@id":"https:\/\/prixbrandstore.com\/es\/#organization"},"potentialAction":[{"@type":"SearchAction","target":{"@type":"EntryPoint","urlTemplate":"https:\/\/prixbrandstore.com\/es\/?s={search_term_string}"},"query-input":{"@type":"PropertyValueSpecification","valueRequired":true,"valueName":"search_term_string"}}],"inLanguage":"es"},{"@type":"Organization","@id":"https:\/\/prixbrandstore.com\/es\/#organization","name":"Prix Brandstore","url":"https:\/\/prixbrandstore.com\/es\/","logo":{"@type":"ImageObject","inLanguage":"es","@id":"https:\/\/prixbrandstore.com\/es\/#\/schema\/logo\/image\/","url":"https:\/\/prixbrandstore.com\/wp-content\/uploads\/2023\/08\/Final_PrixBS_LOGO-BLACK.png","contentUrl":"https:\/\/prixbrandstore.com\/wp-content\/uploads\/2023\/08\/Final_PrixBS_LOGO-BLACK.png","width":1253,"height":635,"caption":"Prix Brandstore"},"image":{"@id":"https:\/\/prixbrandstore.com\/es\/#\/schema\/logo\/image\/"}}]}},"_links":{"self":[{"href":"https:\/\/prixbrandstore.com\/es\/wp-json\/wp\/v2\/product\/3761","targetHints":{"allow":["GET"]}}],"collection":[{"href":"https:\/\/prixbrandstore.com\/es\/wp-json\/wp\/v2\/product"}],"about":[{"href":"https:\/\/prixbrandstore.com\/es\/wp-json\/wp\/v2\/types\/product"}],"replies":[{"embeddable":true,"href":"https:\/\/prixbrandstore.com\/es\/wp-json\/wp\/v2\/comments?post=3761"}],"wp:featuredmedia":[{"embeddable":true,"href":"https:\/\/prixbrandstore.com\/es\/wp-json\/wp\/v2\/media\/2873"}],"wp:attachment":[{"href":"https:\/\/prixbrandstore.com\/es\/wp-json\/wp\/v2\/media?parent=3761"}],"wp:term":[{"taxonomy":"product_brand","embeddable":true,"href":"https:\/\/prixbrandstore.com\/es\/wp-json\/wp\/v2\/product_brand?post=3761"},{"taxonomy":"product_cat","embeddable":true,"href":"https:\/\/prixbrandstore.com\/es\/wp-json\/wp\/v2\/product_cat?post=3761"},{"taxonomy":"product_tag","embeddable":true,"href":"https:\/\/prixbrandstore.com\/es\/wp-json\/wp\/v2\/product_tag?post=3761"}],"curies":[{"name":"wp","href":"https:\/\/api.w.org\/{rel}","templated":true}]}}