{"id":3526,"date":"2023-08-16T14:01:59","date_gmt":"2023-08-16T12:01:59","guid":{"rendered":"https:\/\/prixbrandstore.com\/privacy-policy\/"},"modified":"2025-07-25T03:23:40","modified_gmt":"2025-07-25T01:23:40","slug":"privacy-policy","status":"publish","type":"page","link":"https:\/\/prixbrandstore.com\/fr\/privacy-policy\/","title":{"rendered":"Privacy policy"},"content":{"rendered":"\t\t<div data-elementor-type=\"wp-page\" data-elementor-id=\"3526\" class=\"elementor elementor-3526 elementor-25\" data-elementor-post-type=\"page\">\n\t\t\t\t<div class=\"elementor-element elementor-element-3f79948 e-flex e-con-boxed e-con e-parent\" data-id=\"3f79948\" data-element_type=\"container\" data-e-type=\"container\" data-settings=\"{&quot;background_background&quot;:&quot;gradient&quot;}\">\n\t\t\t\t\t<div class=\"e-con-inner\">\n\t\t<div class=\"elementor-element elementor-element-565061e e-flex e-con-boxed e-con e-child\" data-id=\"565061e\" data-element_type=\"container\" data-e-type=\"container\" data-settings=\"{&quot;background_background&quot;:&quot;classic&quot;}\">\n\t\t\t\t\t<div class=\"e-con-inner\">\n\t\t\t\t<div class=\"elementor-element elementor-element-49ca91c elementor-widget elementor-widget-heading\" data-id=\"49ca91c\" data-element_type=\"widget\" data-e-type=\"widget\" data-widget_type=\"heading.default\">\n\t\t\t\t<div class=\"elementor-widget-container\">\n\t\t\t\t\t<h1 class=\"elementor-heading-title elementor-size-default\">Politique de confidentialit\u00e9<span style=\"font-size: 2.5rem\"><\/span><\/h1>\t\t\t\t<\/div>\n\t\t\t\t<\/div>\n\t\t\t\t<div class=\"elementor-element elementor-element-d1e7170 elementor-widget elementor-widget-text-editor\" data-id=\"d1e7170\" data-element_type=\"widget\" data-e-type=\"widget\" data-widget_type=\"text-editor.default\">\n\t\t\t\t<div class=\"elementor-widget-container\">\n\t\t\t\t\t\t\t\t\t<p data-start=\"56\" data-end=\"106\"><strong data-start=\"91\" data-end=\"106\">D\u00e9finitions<\/strong><\/p><p data-start=\"108\" data-end=\"384\">a. <strong data-start=\"111\" data-end=\"144\">Conditions de confidentialit\u00e9<\/strong> : les pr\u00e9sentes conditions de confidentialit\u00e9 ;<br data-start=\"192\" data-end=\"195\" \/>b. <strong data-start=\"198\" data-end=\"213\">Utilisateur<\/strong> : tout utilisateur du Site web ;<br data-start=\"246\" data-end=\"249\" \/>c. <strong data-start=\"252\" data-end=\"267\">Responsable<\/strong> : Prix Brandstore, <a class=\"cursor-pointer\" rel=\"noopener\" data-start=\"287\" data-end=\"310\">info@prixbrandstore.com<\/a> ;<br data-start=\"312\" data-end=\"315\" \/>d. <strong data-start=\"318\" data-end=\"330\">Site web<\/strong> : le site internet accessible via prixbrandstore.com.<\/p><p data-start=\"386\" data-end=\"405\"><strong>1 G\u00e9n\u00e9ralit\u00e9s<\/strong><\/p><p data-start=\"406\" data-end=\"657\">1.1 Les pr\u00e9sentes conditions de confidentialit\u00e9 d\u00e9crivent comment le Responsable traite les donn\u00e9es personnelles de ses Utilisateurs.<br data-start=\"539\" data-end=\"542\" \/>1.2 Les donn\u00e9es personnelles trait\u00e9es par le Responsable sont le nom, l&rsquo;adresse (e-mail) et le num\u00e9ro de t\u00e9l\u00e9phone.<\/p><p data-start=\"659\" data-end=\"715\"><strong>2 Collecte et utilisation des donn\u00e9es personnelles<\/strong><\/p><p data-start=\"716\" data-end=\"1694\">2.1 Le Responsable collecte les donn\u00e9es personnelles d\u2019un Utilisateur lorsque celui-ci les lui a fournies via le Site web [par exemple en contactant le Responsable pour une demande d\u2019informations sur ses services ou produits, en passant une commande aupr\u00e8s du Responsable, ou en s\u2019inscrivant \u00e0 la newsletter du Responsable].<br data-start=\"1040\" data-end=\"1043\" \/>2.2 Le Responsable utilise ces donn\u00e9es personnelles aux fins pour lesquelles l\u2019Utilisateur les a fournies :<br data-start=\"1150\" data-end=\"1153\" \/>2.2.1 Si l\u2019Utilisateur demande des informations sur les services ou produits, le Responsable traitera les donn\u00e9es personnelles pour r\u00e9pondre \u00e0 cette demande.<br data-start=\"1310\" data-end=\"1313\" \/>2.2.2 Si l\u2019Utilisateur s\u2019est inscrit \u00e0 la newsletter, le Responsable utilisera les donn\u00e9es personnelles pour lui envoyer ladite newsletter.<br data-start=\"1452\" data-end=\"1455\" \/>2.3 En outre, le Responsable peut utiliser les donn\u00e9es personnelles pour informer ses Utilisateurs sur des produits ou services susceptibles de les int\u00e9resser. Si l\u2019Utilisateur s\u2019y oppose, il ou elle peut contacter <a class=\"cursor-pointer\" rel=\"noopener\" data-start=\"1670\" data-end=\"1693\">info@prixbrandstore.com<\/a>.<\/p><p data-start=\"1696\" data-end=\"1728\"><strong>3 Transmission \u00e0 des tiers<\/strong><\/p><p data-start=\"1729\" data-end=\"2268\">3.1 Le Responsable ne transmettra pas les donn\u00e9es personnelles de ses Utilisateurs \u00e0 des tiers, sauf si :<br data-start=\"1834\" data-end=\"1837\" \/>3.1.1 la transmission est effectu\u00e9e \u00e0 un sous-traitant engag\u00e9 par le Responsable pour les finalit\u00e9s mentionn\u00e9es dans les pr\u00e9sentes conditions de confidentialit\u00e9, et avec lequel un contrat a \u00e9t\u00e9 sign\u00e9 garantissant des mesures de s\u00e9curit\u00e9 techniques et organisationnelles ad\u00e9quates concernant le traitement des donn\u00e9es ; ou<br data-start=\"2158\" data-end=\"2161\" \/>3.1.2 le Responsable est l\u00e9galement tenu de transmettre les donn\u00e9es personnelles aux autorit\u00e9s comp\u00e9tentes.<\/p><p data-start=\"2270\" data-end=\"2285\"><strong>4 Cookies<\/strong><\/p><p data-start=\"2286\" data-end=\"3162\">4.1 Le site prixbrandstore.com utilise des cookies pour optimiser la fonctionnalit\u00e9 de certaines pages du site. Les cookies sont de petits fichiers texte plac\u00e9s sur l\u2019ordinateur du visiteur par une page du site. Un tel cookie enregistre des informations telles que certaines pr\u00e9f\u00e9rences du visiteur. Cela permet \u00e0 Prix Brandstore de mieux servir le visiteur lors d\u2019une visite ult\u00e9rieure.<br data-start=\"2673\" data-end=\"2676\" \/>4.2 Le visiteur peut d\u00e9terminer lui-m\u00eame la mani\u00e8re dont les cookies sont g\u00e9r\u00e9s. Il peut configurer son navigateur pour autoriser, refuser ou autoriser partiellement les cookies. Dans ce dernier cas, il est possible de sp\u00e9cifier quels sites web peuvent placer des cookies. Cela sera interdit pour tous les autres sites web. Cette option est propos\u00e9e par la plupart des navigateurs modernes.<br data-start=\"3066\" data-end=\"3069\" \/>4.3 Les cookies peuvent toujours \u00eatre supprim\u00e9s de l\u2019ordinateur, \u00e9galement via le navigateur.<\/p><p data-start=\"3164\" data-end=\"3221\"><strong>5 Modification\/suppression des donn\u00e9es personnelles<\/strong><\/p><p data-start=\"3222\" data-end=\"3756\">5.1 L\u2019Utilisateur a le droit d\u2019acc\u00e9der, de corriger, de compl\u00e9ter, de supprimer ou de restreindre le traitement de ses donn\u00e9es personnelles, conform\u00e9ment au R\u00e8glement G\u00e9n\u00e9ral sur la Protection des Donn\u00e9es (RGPD).<br data-start=\"3434\" data-end=\"3437\" \/>5.2 Si l\u2019Utilisateur souhaite exercer l\u2019un de ces droits, ou s\u2019il a des questions concernant les pr\u00e9sentes conditions de confidentialit\u00e9, il peut contacter le Responsable \u00e0 l\u2019adresse <a class=\"cursor-pointer\" rel=\"noopener\" data-start=\"3620\" data-end=\"3643\">info@prixbrandstore.com<\/a>.<br data-start=\"3644\" data-end=\"3647\" \/>5.3 Les Utilisateurs peuvent se d\u00e9sinscrire de la newsletter en envoyant un e-mail \u00e0 <a class=\"cursor-pointer\" rel=\"noopener\" data-start=\"3732\" data-end=\"3755\">info@prixbrandstore.com<\/a>.<\/p><p data-start=\"3758\" data-end=\"3787\"><strong>6 Dur\u00e9e de conservation<\/strong><\/p><p data-start=\"3788\" data-end=\"3964\">6.1 Le Responsable conserve les donn\u00e9es personnelles pendant la p\u00e9riode qu\u2019il juge pertinente dans le cadre de ses services, sauf obligation l\u00e9gale de conservation plus longue.<\/p><p data-start=\"3966\" data-end=\"3982\"><strong>7 S\u00e9curit\u00e9<\/strong><\/p><p data-start=\"3983\" data-end=\"4217\">7.1 Le Responsable a mis en \u0153uvre des mesures techniques et organisationnelles appropri\u00e9es pour s\u00e9curiser les donn\u00e9es personnelles des Utilisateurs contre toute perte ou traitement illicite, y compris la s\u00e9curit\u00e9 SSL sur son site web.<\/p><p data-start=\"4219\" data-end=\"4274\"><strong>8 Modifications des conditions de confidentialit\u00e9<\/strong><\/p><p data-start=\"4275\" data-end=\"4554\">8.1 Le Responsable se r\u00e9serve le droit de modifier les pr\u00e9sentes conditions de confidentialit\u00e9. Toute modification sera annonc\u00e9e sur cette page. Le Responsable conseille donc \u00e0 l\u2019Utilisateur de consulter r\u00e9guli\u00e8rement cette page pour v\u00e9rifier si des changements ont \u00e9t\u00e9 apport\u00e9s.<\/p>\t\t\t\t\t\t\t\t<\/div>\n\t\t\t\t<\/div>\n\t\t\t\t\t<\/div>\n\t\t\t\t<\/div>\n\t\t\t\t\t<\/div>\n\t\t\t\t<\/div>\n\t\t\t\t<\/div>\n\t\t","protected":false},"excerpt":{"rendered":"<p>Politique de confidentialit\u00e9 D\u00e9finitions a. Conditions de confidentialit\u00e9 : les pr\u00e9sentes conditions de confidentialit\u00e9 ;b. Utilisateur : tout utilisateur du Site web ;c. Responsable : Prix Brandstore, info@prixbrandstore.com ;d. Site web : le site internet accessible via prixbrandstore.com. 1 G\u00e9n\u00e9ralit\u00e9s 1.1 Les pr\u00e9sentes conditions de confidentialit\u00e9 d\u00e9crivent comment le Responsable traite les donn\u00e9es personnelles de [&hellip;]<\/p>\n","protected":false},"author":2,"featured_media":0,"parent":0,"menu_order":38,"comment_status":"closed","ping_status":"closed","template":"elementor_header_footer","meta":{"footnotes":""},"class_list":["post-3526","page","type-page","status-publish","hentry"],"yoast_head":"<!-- This site is optimized with the Yoast SEO plugin v27.3 - https:\/\/yoast.com\/product\/yoast-seo-wordpress\/ -->\n<title>Privacy Policy | Prix d&#039;Ami Brand Store Customer Data<\/title>\n<meta name=\"description\" content=\"Learn how Prix d&#039;Ami Brand Store collects, uses and protects your personal information and shopping data. Read here...\" \/>\n<meta name=\"robots\" content=\"index, follow, max-snippet:-1, max-image-preview:large, max-video-preview:-1\" \/>\n<link rel=\"canonical\" href=\"https:\/\/prixbrandstore.com\/fr\/privacy-policy\/\" \/>\n<meta property=\"og:locale\" content=\"fr_FR\" \/>\n<meta property=\"og:type\" content=\"article\" \/>\n<meta property=\"og:title\" content=\"Privacy Policy | Prix d&#039;Ami Brand Store Customer Data\" \/>\n<meta property=\"og:description\" content=\"Learn how Prix d&#039;Ami Brand Store collects, uses and protects your personal information and shopping data. Read here...\" \/>\n<meta property=\"og:url\" content=\"https:\/\/prixbrandstore.com\/fr\/privacy-policy\/\" \/>\n<meta property=\"og:site_name\" content=\"Prix Brandstore\" \/>\n<meta property=\"article:modified_time\" content=\"2025-07-25T01:23:40+00:00\" \/>\n<meta name=\"twitter:card\" content=\"summary_large_image\" \/>\n<meta name=\"twitter:label1\" content=\"Dur\u00e9e de lecture estim\u00e9e\" \/>\n\t<meta name=\"twitter:data1\" content=\"4 minutes\" \/>\n<script type=\"application\/ld+json\" class=\"yoast-schema-graph\">{\"@context\":\"https:\\\/\\\/schema.org\",\"@graph\":[{\"@type\":\"WebPage\",\"@id\":\"https:\\\/\\\/prixbrandstore.com\\\/fr\\\/privacy-policy\\\/\",\"url\":\"https:\\\/\\\/prixbrandstore.com\\\/fr\\\/privacy-policy\\\/\",\"name\":\"Privacy Policy | Prix d'Ami Brand Store Customer Data\",\"isPartOf\":{\"@id\":\"https:\\\/\\\/prixbrandstore.com\\\/fr\\\/#website\"},\"datePublished\":\"2023-08-16T12:01:59+00:00\",\"dateModified\":\"2025-07-25T01:23:40+00:00\",\"description\":\"Learn how Prix d'Ami Brand Store collects, uses and protects your personal information and shopping data. Read here...\",\"breadcrumb\":{\"@id\":\"https:\\\/\\\/prixbrandstore.com\\\/fr\\\/privacy-policy\\\/#breadcrumb\"},\"inLanguage\":\"fr-FR\",\"potentialAction\":[{\"@type\":\"ReadAction\",\"target\":[\"https:\\\/\\\/prixbrandstore.com\\\/fr\\\/privacy-policy\\\/\"]}]},{\"@type\":\"BreadcrumbList\",\"@id\":\"https:\\\/\\\/prixbrandstore.com\\\/fr\\\/privacy-policy\\\/#breadcrumb\",\"itemListElement\":[{\"@type\":\"ListItem\",\"position\":1,\"name\":\"Home\",\"item\":\"https:\\\/\\\/prixbrandstore.com\\\/fr\\\/\"},{\"@type\":\"ListItem\",\"position\":2,\"name\":\"Privacy policy\"}]},{\"@type\":\"WebSite\",\"@id\":\"https:\\\/\\\/prixbrandstore.com\\\/fr\\\/#website\",\"url\":\"https:\\\/\\\/prixbrandstore.com\\\/fr\\\/\",\"name\":\"Prix Brandstore\",\"description\":\"\",\"publisher\":{\"@id\":\"https:\\\/\\\/prixbrandstore.com\\\/fr\\\/#organization\"},\"potentialAction\":[{\"@type\":\"SearchAction\",\"target\":{\"@type\":\"EntryPoint\",\"urlTemplate\":\"https:\\\/\\\/prixbrandstore.com\\\/fr\\\/?s={search_term_string}\"},\"query-input\":{\"@type\":\"PropertyValueSpecification\",\"valueRequired\":true,\"valueName\":\"search_term_string\"}}],\"inLanguage\":\"fr-FR\"},{\"@type\":\"Organization\",\"@id\":\"https:\\\/\\\/prixbrandstore.com\\\/fr\\\/#organization\",\"name\":\"Prix Brandstore\",\"url\":\"https:\\\/\\\/prixbrandstore.com\\\/fr\\\/\",\"logo\":{\"@type\":\"ImageObject\",\"inLanguage\":\"fr-FR\",\"@id\":\"https:\\\/\\\/prixbrandstore.com\\\/fr\\\/#\\\/schema\\\/logo\\\/image\\\/\",\"url\":\"https:\\\/\\\/prixbrandstore.com\\\/wp-content\\\/uploads\\\/2023\\\/08\\\/Final_PrixBS_LOGO-BLACK.png\",\"contentUrl\":\"https:\\\/\\\/prixbrandstore.com\\\/wp-content\\\/uploads\\\/2023\\\/08\\\/Final_PrixBS_LOGO-BLACK.png\",\"width\":1253,\"height\":635,\"caption\":\"Prix Brandstore\"},\"image\":{\"@id\":\"https:\\\/\\\/prixbrandstore.com\\\/fr\\\/#\\\/schema\\\/logo\\\/image\\\/\"}}]}<\/script>\n<!-- \/ Yoast SEO plugin. -->","yoast_head_json":{"title":"Privacy Policy | Prix d'Ami Brand Store Customer Data","description":"Learn how Prix d'Ami Brand Store collects, uses and protects your personal information and shopping data. Read here...","robots":{"index":"index","follow":"follow","max-snippet":"max-snippet:-1","max-image-preview":"max-image-preview:large","max-video-preview":"max-video-preview:-1"},"canonical":"https:\/\/prixbrandstore.com\/fr\/privacy-policy\/","og_locale":"fr_FR","og_type":"article","og_title":"Privacy Policy | Prix d'Ami Brand Store Customer Data","og_description":"Learn how Prix d'Ami Brand Store collects, uses and protects your personal information and shopping data. Read here...","og_url":"https:\/\/prixbrandstore.com\/fr\/privacy-policy\/","og_site_name":"Prix Brandstore","article_modified_time":"2025-07-25T01:23:40+00:00","twitter_card":"summary_large_image","twitter_misc":{"Dur\u00e9e de lecture estim\u00e9e":"4 minutes"},"schema":{"@context":"https:\/\/schema.org","@graph":[{"@type":"WebPage","@id":"https:\/\/prixbrandstore.com\/fr\/privacy-policy\/","url":"https:\/\/prixbrandstore.com\/fr\/privacy-policy\/","name":"Privacy Policy | Prix d'Ami Brand Store Customer Data","isPartOf":{"@id":"https:\/\/prixbrandstore.com\/fr\/#website"},"datePublished":"2023-08-16T12:01:59+00:00","dateModified":"2025-07-25T01:23:40+00:00","description":"Learn how Prix d'Ami Brand Store collects, uses and protects your personal information and shopping data. Read here...","breadcrumb":{"@id":"https:\/\/prixbrandstore.com\/fr\/privacy-policy\/#breadcrumb"},"inLanguage":"fr-FR","potentialAction":[{"@type":"ReadAction","target":["https:\/\/prixbrandstore.com\/fr\/privacy-policy\/"]}]},{"@type":"BreadcrumbList","@id":"https:\/\/prixbrandstore.com\/fr\/privacy-policy\/#breadcrumb","itemListElement":[{"@type":"ListItem","position":1,"name":"Home","item":"https:\/\/prixbrandstore.com\/fr\/"},{"@type":"ListItem","position":2,"name":"Privacy policy"}]},{"@type":"WebSite","@id":"https:\/\/prixbrandstore.com\/fr\/#website","url":"https:\/\/prixbrandstore.com\/fr\/","name":"Prix Brandstore","description":"","publisher":{"@id":"https:\/\/prixbrandstore.com\/fr\/#organization"},"potentialAction":[{"@type":"SearchAction","target":{"@type":"EntryPoint","urlTemplate":"https:\/\/prixbrandstore.com\/fr\/?s={search_term_string}"},"query-input":{"@type":"PropertyValueSpecification","valueRequired":true,"valueName":"search_term_string"}}],"inLanguage":"fr-FR"},{"@type":"Organization","@id":"https:\/\/prixbrandstore.com\/fr\/#organization","name":"Prix Brandstore","url":"https:\/\/prixbrandstore.com\/fr\/","logo":{"@type":"ImageObject","inLanguage":"fr-FR","@id":"https:\/\/prixbrandstore.com\/fr\/#\/schema\/logo\/image\/","url":"https:\/\/prixbrandstore.com\/wp-content\/uploads\/2023\/08\/Final_PrixBS_LOGO-BLACK.png","contentUrl":"https:\/\/prixbrandstore.com\/wp-content\/uploads\/2023\/08\/Final_PrixBS_LOGO-BLACK.png","width":1253,"height":635,"caption":"Prix Brandstore"},"image":{"@id":"https:\/\/prixbrandstore.com\/fr\/#\/schema\/logo\/image\/"}}]}},"_links":{"self":[{"href":"https:\/\/prixbrandstore.com\/fr\/wp-json\/wp\/v2\/pages\/3526","targetHints":{"allow":["GET"]}}],"collection":[{"href":"https:\/\/prixbrandstore.com\/fr\/wp-json\/wp\/v2\/pages"}],"about":[{"href":"https:\/\/prixbrandstore.com\/fr\/wp-json\/wp\/v2\/types\/page"}],"author":[{"embeddable":true,"href":"https:\/\/prixbrandstore.com\/fr\/wp-json\/wp\/v2\/users\/2"}],"replies":[{"embeddable":true,"href":"https:\/\/prixbrandstore.com\/fr\/wp-json\/wp\/v2\/comments?post=3526"}],"version-history":[{"count":4,"href":"https:\/\/prixbrandstore.com\/fr\/wp-json\/wp\/v2\/pages\/3526\/revisions"}],"predecessor-version":[{"id":3537,"href":"https:\/\/prixbrandstore.com\/fr\/wp-json\/wp\/v2\/pages\/3526\/revisions\/3537"}],"wp:attachment":[{"href":"https:\/\/prixbrandstore.com\/fr\/wp-json\/wp\/v2\/media?parent=3526"}],"curies":[{"name":"wp","href":"https:\/\/api.w.org\/{rel}","templated":true}]}}