{"id":910,"date":"2024-02-07T13:58:24","date_gmt":"2024-02-07T12:58:24","guid":{"rendered":"https:\/\/prixbrandstore.com\/mon-compte\/"},"modified":"2025-07-25T12:52:03","modified_gmt":"2025-07-25T10:52:03","slug":"mon-compte","status":"publish","type":"page","link":"https:\/\/prixbrandstore.com\/fr\/mon-compte\/","title":{"rendered":"Mon compte"},"content":{"rendered":"\t\t<div data-elementor-type=\"wp-page\" data-elementor-id=\"910\" class=\"elementor elementor-910 elementor-292\" data-elementor-post-type=\"page\">\n\t\t\t\t<div class=\"elementor-element elementor-element-a3fbfff e-con-full login-container e-flex e-con e-parent\" data-id=\"a3fbfff\" data-element_type=\"container\" data-e-type=\"container\">\n\t\t<div class=\"elementor-element elementor-element-a329650 e-flex e-con-boxed e-con e-child\" data-id=\"a329650\" data-element_type=\"container\" data-e-type=\"container\">\n\t\t\t\t\t<div class=\"e-con-inner\">\n\t\t<div class=\"elementor-element elementor-element-c498f18 e-con-full log-in e-flex e-con e-child\" data-id=\"c498f18\" data-element_type=\"container\" data-e-type=\"container\" data-settings=\"{&quot;background_background&quot;:&quot;classic&quot;}\">\n\t\t\t\t<div class=\"elementor-element elementor-element-bee685b elementor-widget elementor-widget-heading\" data-id=\"bee685b\" data-element_type=\"widget\" data-e-type=\"widget\" data-widget_type=\"heading.default\">\n\t\t\t\t<div class=\"elementor-widget-container\">\n\t\t\t\t\t<h1 class=\"elementor-heading-title elementor-size-default\">S'inscrire<\/h1>\t\t\t\t<\/div>\n\t\t\t\t<\/div>\n\t\t\t\t<div class=\"elementor-element elementor-element-14791ad elementor-widget elementor-widget-shortcode\" data-id=\"14791ad\" data-element_type=\"widget\" data-e-type=\"widget\" data-widget_type=\"shortcode.default\">\n\t\t\t\t<div class=\"elementor-widget-container\">\n\t\t\t\t\t\t\t<div class=\"elementor-shortcode\">\t<div id=\"magic-login-shortcode\">\n\t\t<div class=\"magic-login-form-header\">\n\t\t\t<p class=\"message\">Veuillez saisir votre nom d'utilisateur ou votre adresse \u00e9lectronique. Vous recevrez un message \u00e9lectronique pour vous connecter.<\/p>\t\t<\/div>\n\t\t\t\t\t<form name=\"magicloginform\"\n\t\t\t\t  class=\"magic-login-inline-login-form \"\n\t\t\t\t  id=\"magicloginform\"\n\t\t\t\t  action=\"\"\n\t\t\t\t  method=\"post\"\n\t\t\t\t  autocomplete=\"off\"\n\t\t\t\t  data-ajax-url=\"https:\/\/prixbrandstore.com\/wp-admin\/admin-ajax.php\"\n\t\t\t\t  data-ajax-spinner=\"https:\/\/prixbrandstore.com\/wp-admin\/images\/spinner.gif\"\n\t\t\t\t  data-ajax-sending-msg=\"Sending...\"\n\t\t\t>\n\n\t\t\t\t\t\t\t\t\t<label for=\"user_login\">Identifiant ou adresse de messagerie<\/label>\n\t\t\t\t\t\t\t\t<input type=\"text\" name=\"log\" id=\"user_login\" class=\"input\" value=\"\" size=\"20\" autocapitalize=\"off\" autocomplete=\"username\" required \/>\n\t\t\t\t\t\t\t\t\t\t\t\t\t<input type=\"hidden\" name=\"redirect_to\" value=\"https:\/\/prixbrandstore.com\/fr\/wp-json\/wp\/v2\/pages\/910\" \/>\n\t\t\t\t\t\t\t\t<input type=\"hidden\" name=\"testcookie\" value=\"1\" \/>\n\t\t\t\t\t\t\t\t<input type=\"submit\" name=\"wp-submit\" id=\"wp-submit\" class=\"magic-login-submit button button-primary button-large\" value=\"Envoyez-moi un lien\" \/>\n\t\t\t<\/form>\n\t\t\t<\/div>\n\t<\/div>\n\t\t\t\t\t\t<\/div>\n\t\t\t\t<\/div>\n\t\t<div class=\"elementor-element elementor-element-0eaf322 e-con-full e-flex e-con e-child\" data-id=\"0eaf322\" data-element_type=\"container\" data-e-type=\"container\">\n\t\t\t\t<div class=\"elementor-element elementor-element-ae029b5 elementor-widget elementor-widget-heading\" data-id=\"ae029b5\" data-element_type=\"widget\" data-e-type=\"widget\" data-widget_type=\"heading.default\">\n\t\t\t\t<div class=\"elementor-widget-container\">\n\t\t\t\t\t<p class=\"elementor-heading-title elementor-size-default\"><a href=\"https:\/\/prixbrandstore.com\/my-account\/lost-password\/\">Mot de passe oubli\u00e9 ?<\/a><\/p>\t\t\t\t<\/div>\n\t\t\t\t<\/div>\n\t\t\t\t<div class=\"elementor-element elementor-element-d00ba4e elementor-widget elementor-widget-button\" data-id=\"d00ba4e\" data-element_type=\"widget\" data-e-type=\"widget\" data-widget_type=\"button.default\">\n\t\t\t\t<div class=\"elementor-widget-container\">\n\t\t\t\t\t\t\t\t\t<div class=\"elementor-button-wrapper\">\n\t\t\t\t\t<a class=\"elementor-button elementor-button-link elementor-size-sm\" href=\"https:\/\/prixbrandstore.com\/fr\/contact\/\">\n\t\t\t\t\t\t<span class=\"elementor-button-content-wrapper\">\n\t\t\t\t\t\t<span class=\"elementor-button-icon\">\n\t\t\t\t<i aria-hidden=\"true\" class=\"fas fa-external-link-alt\"><\/i>\t\t\t<\/span>\n\t\t\t\t\t\t\t\t\t<span class=\"elementor-button-text\">Aide<\/span>\n\t\t\t\t\t<\/span>\n\t\t\t\t\t<\/a>\n\t\t\t\t<\/div>\n\t\t\t\t\t\t\t\t<\/div>\n\t\t\t\t<\/div>\n\t\t\t\t<\/div>\n\t\t\t\t<div class=\"elementor-element elementor-element-2461f2b elementor-widget elementor-widget-text-editor\" data-id=\"2461f2b\" data-element_type=\"widget\" data-e-type=\"widget\" data-widget_type=\"text-editor.default\">\n\t\t\t\t<div class=\"elementor-widget-container\">\n\t\t\t\t\t\t\t\t\t<p>Prix Brandstore est prot\u00e9g\u00e9 par reCAPTCHA et la politique de confidentialit\u00e9. <strong><a href=\"https:\/\/policies.google.com\/privacy\">Politique de confidentialit\u00e9<\/a><\/strong> et les <strong><a href=\"https:\/\/policies.google.com\/terms\">conditions d&rsquo;utilisation<\/a><\/strong> s&rsquo;appliquent.  <\/p>\t\t\t\t\t\t\t\t<\/div>\n\t\t\t\t<\/div>\n\t\t\t\t<\/div>\n\t\t<div class=\"elementor-element elementor-element-342aa78 e-con-full forgot-password e-flex e-con e-child\" data-id=\"342aa78\" data-element_type=\"container\" data-e-type=\"container\" data-settings=\"{&quot;background_background&quot;:&quot;classic&quot;}\">\n\t\t\t\t<div class=\"elementor-element elementor-element-95efb70 elementor-widget elementor-widget-heading\" data-id=\"95efb70\" data-element_type=\"widget\" data-e-type=\"widget\" data-widget_type=\"heading.default\">\n\t\t\t\t<div class=\"elementor-widget-container\">\n\t\t\t\t\t<h2 class=\"elementor-heading-title elementor-size-default\">Mot de passe oubli\u00e9<\/h2>\t\t\t\t<\/div>\n\t\t\t\t<\/div>\n\t\t\t\t<div class=\"elementor-element elementor-element-8a4ec45 e-my-account-tabs-vertical elementor-widget elementor-widget-woocommerce-my-account\" data-id=\"8a4ec45\" data-element_type=\"widget\" data-e-type=\"widget\" data-widget_type=\"woocommerce-my-account.default\">\n\t\t\t\t<div class=\"elementor-widget-container\">\n\t\t\t\t\t<div class=\"e-my-account-tab e-my-account-tab__ \">\t\t\t<div class=\"woocommerce\"><div class=\"woocommerce-notices-wrapper\"><\/div>\n\n\t\t<h2>Se connecter<\/h2>\n\n\t\t<form class=\"woocommerce-form woocommerce-form-login login\" method=\"post\" novalidate>\n\n\t\t\t\n\t\t\t<p class=\"woocommerce-form-row woocommerce-form-row--wide form-row form-row-wide\">\n\t\t\t\t<label for=\"username\">Identifiant ou e-mail&nbsp;<span class=\"required\" aria-hidden=\"true\">*<\/span><span class=\"screen-reader-text\">Obligatoire<\/span><\/label>\n\t\t\t\t<input type=\"text\" class=\"woocommerce-Input woocommerce-Input--text input-text\" name=\"username\" id=\"username\" autocomplete=\"username\" value=\"\" required aria-required=\"true\" \/>\t\t\t<\/p>\n\t\t\t<p class=\"woocommerce-form-row woocommerce-form-row--wide form-row form-row-wide\">\n\t\t\t\t<label for=\"password\">Mot de passe&nbsp;<span class=\"required\" aria-hidden=\"true\">*<\/span><span class=\"screen-reader-text\">Obligatoire<\/span><\/label>\n\t\t\t\t<input class=\"woocommerce-Input woocommerce-Input--text input-text\" type=\"password\" name=\"password\" id=\"password\" autocomplete=\"current-password\" required aria-required=\"true\" \/>\n\t\t\t<\/p>\n\n\t\t\t\n\t\t\t<p class=\"form-row\">\n\t\t\t\t<label class=\"woocommerce-form__label woocommerce-form__label-for-checkbox woocommerce-form-login__rememberme\">\n\t\t\t\t\t<input class=\"woocommerce-form__input woocommerce-form__input-checkbox\" name=\"rememberme\" type=\"checkbox\" id=\"rememberme\" value=\"forever\" \/> <span>Se souvenir de moi<\/span>\n\t\t\t\t<\/label>\n\t\t\t\t<input type=\"hidden\" id=\"woocommerce-login-nonce\" name=\"woocommerce-login-nonce\" value=\"cfde2fe468\" \/><input type=\"hidden\" name=\"_wp_http_referer\" value=\"\/fr\/wp-json\/wp\/v2\/pages\/910\" \/>\t\t\t\t<button type=\"submit\" class=\"woocommerce-button button woocommerce-form-login__submit\" name=\"login\" value=\"Se connecter\">Se connecter<\/button>\n\t\t\t<\/p>\n\t\t\t<p class=\"woocommerce-LostPassword lost_password\">\n\t\t\t\t<a href=\"https:\/\/prixbrandstore.com\/fr\/mon-compte\/lost-password\/\">Mot de passe perdu\u00a0?<\/a>\n\t\t\t<\/p>\n\n\t\t\t\n\t\t<\/form>\n\n\n<\/div>\t\t<\/div>\n\t\t\t\t\t\t<\/div>\n\t\t\t\t<\/div>\n\t\t<div class=\"elementor-element elementor-element-c5d261b e-con-full e-flex e-con e-child\" data-id=\"c5d261b\" data-element_type=\"container\" data-e-type=\"container\">\n\t\t\t\t<div class=\"elementor-element elementor-element-42ec901 elementor-widget elementor-widget-heading\" data-id=\"42ec901\" data-element_type=\"widget\" data-e-type=\"widget\" data-widget_type=\"heading.default\">\n\t\t\t\t<div class=\"elementor-widget-container\">\n\t\t\t\t\t<p class=\"elementor-heading-title elementor-size-default\"><a href=\"https:\/\/prixbrandstore.com\/my-account\/\">Retour \u00e0 la connexion<\/a><\/p>\t\t\t\t<\/div>\n\t\t\t\t<\/div>\n\t\t\t\t<div class=\"elementor-element elementor-element-24bf274 elementor-widget elementor-widget-button\" data-id=\"24bf274\" data-element_type=\"widget\" data-e-type=\"widget\" data-widget_type=\"button.default\">\n\t\t\t\t<div class=\"elementor-widget-container\">\n\t\t\t\t\t\t\t\t\t<div class=\"elementor-button-wrapper\">\n\t\t\t\t\t<a class=\"elementor-button elementor-button-link elementor-size-sm\" href=\"https:\/\/prixbrandstore.com\/fr\/contact\/\">\n\t\t\t\t\t\t<span class=\"elementor-button-content-wrapper\">\n\t\t\t\t\t\t<span class=\"elementor-button-icon\">\n\t\t\t\t<i aria-hidden=\"true\" class=\"fas fa-external-link-alt\"><\/i>\t\t\t<\/span>\n\t\t\t\t\t\t\t\t\t<span class=\"elementor-button-text\">Aide<\/span>\n\t\t\t\t\t<\/span>\n\t\t\t\t\t<\/a>\n\t\t\t\t<\/div>\n\t\t\t\t\t\t\t\t<\/div>\n\t\t\t\t<\/div>\n\t\t\t\t<\/div>\n\t\t\t\t<div class=\"elementor-element elementor-element-3d1a38b elementor-widget elementor-widget-text-editor\" data-id=\"3d1a38b\" data-element_type=\"widget\" data-e-type=\"widget\" data-widget_type=\"text-editor.default\">\n\t\t\t\t<div class=\"elementor-widget-container\">\n\t\t\t\t\t\t\t\t\t<p>Prix Brandstore est prot\u00e9g\u00e9 par reCAPTCHA et la politique de confidentialit\u00e9. <strong><a href=\"https:\/\/policies.google.com\/privacy\">Politique de confidentialit\u00e9<\/a><\/strong> et les <strong><a href=\"https:\/\/policies.google.com\/terms\">conditions d&rsquo;utilisation<\/a><\/strong> s&rsquo;appliquent.<\/p>\t\t\t\t\t\t\t\t<\/div>\n\t\t\t\t<\/div>\n\t\t\t\t<\/div>\n\t\t\t\t\t<\/div>\n\t\t\t\t<\/div>\n\t\t<div class=\"elementor-element elementor-element-59b7b68 e-flex e-con-boxed e-con e-child\" data-id=\"59b7b68\" data-element_type=\"container\" data-e-type=\"container\" data-settings=\"{&quot;background_background&quot;:&quot;classic&quot;}\">\n\t\t\t\t\t<div class=\"e-con-inner\">\n\t\t\t\t\t<\/div>\n\t\t\t\t<\/div>\n\t\t\t\t<\/div>\n\t\t\t\t<\/div>\n\t\t","protected":false},"excerpt":{"rendered":"<p>S&rsquo;inscrire Mot de passe oubli\u00e9 ? Aide Prix Brandstore est prot\u00e9g\u00e9 par reCAPTCHA et la politique de confidentialit\u00e9. Politique de confidentialit\u00e9 et les conditions d&rsquo;utilisation s&rsquo;appliquent. Mot de passe oubli\u00e9 Tableau de bord Commandes T\u00e9l\u00e9chargements Adresses D\u00e9tails du compte D\u00e9connexion Hello Admin (not Admin? Log out) From your account dashboard you can view your recent [&hellip;]<\/p>\n","protected":false},"author":1,"featured_media":0,"parent":0,"menu_order":0,"comment_status":"closed","ping_status":"closed","template":"elementor_header_footer","meta":{"footnotes":""},"class_list":["post-910","page","type-page","status-publish","hentry"],"yoast_head":"<!-- This site is optimized with the Yoast SEO plugin v27.4 - https:\/\/yoast.com\/product\/yoast-seo-wordpress\/ -->\n<title>Mon compte | Prix d&#039;Ami Brand Store Compte client<\/title>\n<meta name=\"description\" content=\"G\u00e9rez votre compte Prix d&#039;Ami - consultez l&#039;historique de vos commandes, suivez les envois en cours et mettez \u00e0 jour vos informations personnelles.\" \/>\n<meta name=\"robots\" content=\"index, follow, max-snippet:-1, max-image-preview:large, max-video-preview:-1\" \/>\n<link rel=\"canonical\" href=\"https:\/\/prixbrandstore.com\/fr\/mon-compte\/\" \/>\n<meta property=\"og:locale\" content=\"fr_FR\" \/>\n<meta property=\"og:type\" content=\"article\" \/>\n<meta property=\"og:title\" content=\"Mon compte | Prix d&#039;Ami Brand Store Compte client\" \/>\n<meta property=\"og:description\" content=\"G\u00e9rez votre compte Prix d&#039;Ami - consultez l&#039;historique de vos commandes, suivez les envois en cours et mettez \u00e0 jour vos informations personnelles.\" \/>\n<meta property=\"og:url\" content=\"https:\/\/prixbrandstore.com\/fr\/mon-compte\/\" \/>\n<meta property=\"og:site_name\" content=\"Prix Brandstore\" \/>\n<meta property=\"article:modified_time\" content=\"2025-07-25T10:52:03+00:00\" \/>\n<meta property=\"og:image\" content=\"https:\/\/prixbrandstore.com\/wp-content\/uploads\/2023\/08\/Final_PrixBS_LOGO-BLACK.png\" \/>\n\t<meta property=\"og:image:width\" content=\"1253\" \/>\n\t<meta property=\"og:image:height\" content=\"635\" \/>\n\t<meta property=\"og:image:type\" content=\"image\/png\" \/>\n<meta name=\"twitter:card\" content=\"summary_large_image\" \/>\n<meta name=\"twitter:label1\" content=\"Dur\u00e9e de lecture estim\u00e9e\" \/>\n\t<meta name=\"twitter:data1\" content=\"1 minute\" \/>\n<script type=\"application\/ld+json\" class=\"yoast-schema-graph\">{\"@context\":\"https:\\\/\\\/schema.org\",\"@graph\":[{\"@type\":\"WebPage\",\"@id\":\"https:\\\/\\\/prixbrandstore.com\\\/fr\\\/mon-compte\\\/\",\"url\":\"https:\\\/\\\/prixbrandstore.com\\\/fr\\\/mon-compte\\\/\",\"name\":\"Mon compte | Prix d'Ami Brand Store Compte client\",\"isPartOf\":{\"@id\":\"https:\\\/\\\/prixbrandstore.com\\\/fr\\\/#website\"},\"primaryImageOfPage\":{\"@id\":\"https:\\\/\\\/prixbrandstore.com\\\/fr\\\/mon-compte\\\/#primaryimage\"},\"image\":{\"@id\":\"https:\\\/\\\/prixbrandstore.com\\\/fr\\\/mon-compte\\\/#primaryimage\"},\"thumbnailUrl\":\"https:\\\/\\\/prixbrandstore.com\\\/wp-content\\\/uploads\\\/2023\\\/08\\\/Final_PrixBS_LOGO-BLACK-1024x519.png\",\"datePublished\":\"2024-02-07T12:58:24+00:00\",\"dateModified\":\"2025-07-25T10:52:03+00:00\",\"description\":\"G\u00e9rez votre compte Prix d'Ami - consultez l'historique de vos commandes, suivez les envois en cours et mettez \u00e0 jour vos informations personnelles.\",\"breadcrumb\":{\"@id\":\"https:\\\/\\\/prixbrandstore.com\\\/fr\\\/mon-compte\\\/#breadcrumb\"},\"inLanguage\":\"fr-FR\",\"potentialAction\":[{\"@type\":\"ReadAction\",\"target\":[\"https:\\\/\\\/prixbrandstore.com\\\/fr\\\/mon-compte\\\/\"]}]},{\"@type\":\"ImageObject\",\"inLanguage\":\"fr-FR\",\"@id\":\"https:\\\/\\\/prixbrandstore.com\\\/fr\\\/mon-compte\\\/#primaryimage\",\"url\":\"https:\\\/\\\/prixbrandstore.com\\\/wp-content\\\/uploads\\\/2023\\\/08\\\/Final_PrixBS_LOGO-BLACK-1024x519.png\",\"contentUrl\":\"https:\\\/\\\/prixbrandstore.com\\\/wp-content\\\/uploads\\\/2023\\\/08\\\/Final_PrixBS_LOGO-BLACK-1024x519.png\"},{\"@type\":\"BreadcrumbList\",\"@id\":\"https:\\\/\\\/prixbrandstore.com\\\/fr\\\/mon-compte\\\/#breadcrumb\",\"itemListElement\":[{\"@type\":\"ListItem\",\"position\":1,\"name\":\"Home\",\"item\":\"https:\\\/\\\/prixbrandstore.com\\\/fr\\\/\"},{\"@type\":\"ListItem\",\"position\":2,\"name\":\"Mon compte\"}]},{\"@type\":\"WebSite\",\"@id\":\"https:\\\/\\\/prixbrandstore.com\\\/fr\\\/#website\",\"url\":\"https:\\\/\\\/prixbrandstore.com\\\/fr\\\/\",\"name\":\"Prix Brandstore\",\"description\":\"\",\"publisher\":{\"@id\":\"https:\\\/\\\/prixbrandstore.com\\\/fr\\\/#organization\"},\"potentialAction\":[{\"@type\":\"SearchAction\",\"target\":{\"@type\":\"EntryPoint\",\"urlTemplate\":\"https:\\\/\\\/prixbrandstore.com\\\/fr\\\/?s={search_term_string}\"},\"query-input\":{\"@type\":\"PropertyValueSpecification\",\"valueRequired\":true,\"valueName\":\"search_term_string\"}}],\"inLanguage\":\"fr-FR\"},{\"@type\":\"Organization\",\"@id\":\"https:\\\/\\\/prixbrandstore.com\\\/fr\\\/#organization\",\"name\":\"Prix Brandstore\",\"url\":\"https:\\\/\\\/prixbrandstore.com\\\/fr\\\/\",\"logo\":{\"@type\":\"ImageObject\",\"inLanguage\":\"fr-FR\",\"@id\":\"https:\\\/\\\/prixbrandstore.com\\\/fr\\\/#\\\/schema\\\/logo\\\/image\\\/\",\"url\":\"https:\\\/\\\/prixbrandstore.com\\\/wp-content\\\/uploads\\\/2023\\\/08\\\/Final_PrixBS_LOGO-BLACK.png\",\"contentUrl\":\"https:\\\/\\\/prixbrandstore.com\\\/wp-content\\\/uploads\\\/2023\\\/08\\\/Final_PrixBS_LOGO-BLACK.png\",\"width\":1253,\"height\":635,\"caption\":\"Prix Brandstore\"},\"image\":{\"@id\":\"https:\\\/\\\/prixbrandstore.com\\\/fr\\\/#\\\/schema\\\/logo\\\/image\\\/\"}}]}<\/script>\n<!-- \/ Yoast SEO plugin. -->","yoast_head_json":{"title":"Mon compte | Prix d'Ami Brand Store Compte client","description":"G\u00e9rez votre compte Prix d'Ami - consultez l'historique de vos commandes, suivez les envois en cours et mettez \u00e0 jour vos informations personnelles.","robots":{"index":"index","follow":"follow","max-snippet":"max-snippet:-1","max-image-preview":"max-image-preview:large","max-video-preview":"max-video-preview:-1"},"canonical":"https:\/\/prixbrandstore.com\/fr\/mon-compte\/","og_locale":"fr_FR","og_type":"article","og_title":"Mon compte | Prix d'Ami Brand Store Compte client","og_description":"G\u00e9rez votre compte Prix d'Ami - consultez l'historique de vos commandes, suivez les envois en cours et mettez \u00e0 jour vos informations personnelles.","og_url":"https:\/\/prixbrandstore.com\/fr\/mon-compte\/","og_site_name":"Prix Brandstore","article_modified_time":"2025-07-25T10:52:03+00:00","og_image":[{"width":1253,"height":635,"url":"https:\/\/prixbrandstore.com\/wp-content\/uploads\/2023\/08\/Final_PrixBS_LOGO-BLACK.png","type":"image\/png"}],"twitter_card":"summary_large_image","twitter_misc":{"Dur\u00e9e de lecture estim\u00e9e":"1 minute"},"schema":{"@context":"https:\/\/schema.org","@graph":[{"@type":"WebPage","@id":"https:\/\/prixbrandstore.com\/fr\/mon-compte\/","url":"https:\/\/prixbrandstore.com\/fr\/mon-compte\/","name":"Mon compte | Prix d'Ami Brand Store Compte client","isPartOf":{"@id":"https:\/\/prixbrandstore.com\/fr\/#website"},"primaryImageOfPage":{"@id":"https:\/\/prixbrandstore.com\/fr\/mon-compte\/#primaryimage"},"image":{"@id":"https:\/\/prixbrandstore.com\/fr\/mon-compte\/#primaryimage"},"thumbnailUrl":"https:\/\/prixbrandstore.com\/wp-content\/uploads\/2023\/08\/Final_PrixBS_LOGO-BLACK-1024x519.png","datePublished":"2024-02-07T12:58:24+00:00","dateModified":"2025-07-25T10:52:03+00:00","description":"G\u00e9rez votre compte Prix d'Ami - consultez l'historique de vos commandes, suivez les envois en cours et mettez \u00e0 jour vos informations personnelles.","breadcrumb":{"@id":"https:\/\/prixbrandstore.com\/fr\/mon-compte\/#breadcrumb"},"inLanguage":"fr-FR","potentialAction":[{"@type":"ReadAction","target":["https:\/\/prixbrandstore.com\/fr\/mon-compte\/"]}]},{"@type":"ImageObject","inLanguage":"fr-FR","@id":"https:\/\/prixbrandstore.com\/fr\/mon-compte\/#primaryimage","url":"https:\/\/prixbrandstore.com\/wp-content\/uploads\/2023\/08\/Final_PrixBS_LOGO-BLACK-1024x519.png","contentUrl":"https:\/\/prixbrandstore.com\/wp-content\/uploads\/2023\/08\/Final_PrixBS_LOGO-BLACK-1024x519.png"},{"@type":"BreadcrumbList","@id":"https:\/\/prixbrandstore.com\/fr\/mon-compte\/#breadcrumb","itemListElement":[{"@type":"ListItem","position":1,"name":"Home","item":"https:\/\/prixbrandstore.com\/fr\/"},{"@type":"ListItem","position":2,"name":"Mon compte"}]},{"@type":"WebSite","@id":"https:\/\/prixbrandstore.com\/fr\/#website","url":"https:\/\/prixbrandstore.com\/fr\/","name":"Prix Brandstore","description":"","publisher":{"@id":"https:\/\/prixbrandstore.com\/fr\/#organization"},"potentialAction":[{"@type":"SearchAction","target":{"@type":"EntryPoint","urlTemplate":"https:\/\/prixbrandstore.com\/fr\/?s={search_term_string}"},"query-input":{"@type":"PropertyValueSpecification","valueRequired":true,"valueName":"search_term_string"}}],"inLanguage":"fr-FR"},{"@type":"Organization","@id":"https:\/\/prixbrandstore.com\/fr\/#organization","name":"Prix Brandstore","url":"https:\/\/prixbrandstore.com\/fr\/","logo":{"@type":"ImageObject","inLanguage":"fr-FR","@id":"https:\/\/prixbrandstore.com\/fr\/#\/schema\/logo\/image\/","url":"https:\/\/prixbrandstore.com\/wp-content\/uploads\/2023\/08\/Final_PrixBS_LOGO-BLACK.png","contentUrl":"https:\/\/prixbrandstore.com\/wp-content\/uploads\/2023\/08\/Final_PrixBS_LOGO-BLACK.png","width":1253,"height":635,"caption":"Prix Brandstore"},"image":{"@id":"https:\/\/prixbrandstore.com\/fr\/#\/schema\/logo\/image\/"}}]}},"_links":{"self":[{"href":"https:\/\/prixbrandstore.com\/fr\/wp-json\/wp\/v2\/pages\/910","targetHints":{"allow":["GET"]}}],"collection":[{"href":"https:\/\/prixbrandstore.com\/fr\/wp-json\/wp\/v2\/pages"}],"about":[{"href":"https:\/\/prixbrandstore.com\/fr\/wp-json\/wp\/v2\/types\/page"}],"author":[{"embeddable":true,"href":"https:\/\/prixbrandstore.com\/fr\/wp-json\/wp\/v2\/users\/1"}],"replies":[{"embeddable":true,"href":"https:\/\/prixbrandstore.com\/fr\/wp-json\/wp\/v2\/comments?post=910"}],"version-history":[{"count":3,"href":"https:\/\/prixbrandstore.com\/fr\/wp-json\/wp\/v2\/pages\/910\/revisions"}],"predecessor-version":[{"id":4146,"href":"https:\/\/prixbrandstore.com\/fr\/wp-json\/wp\/v2\/pages\/910\/revisions\/4146"}],"wp:attachment":[{"href":"https:\/\/prixbrandstore.com\/fr\/wp-json\/wp\/v2\/media?parent=910"}],"curies":[{"name":"wp","href":"https:\/\/api.w.org\/{rel}","templated":true}]}}