{"id":3784,"date":"2025-07-24T21:20:11","date_gmt":"2025-07-24T19:20:11","guid":{"rendered":"https:\/\/prixbrandstore.com\/product\/prix-dami-college-t-shirt-coupe-reguliere-rosin-green\/"},"modified":"2025-07-24T21:20:11","modified_gmt":"2025-07-24T19:20:11","slug":"prix-dami-college-t-shirt-coupe-reguliere-rosin-green","status":"publish","type":"product","link":"https:\/\/prixbrandstore.com\/fr\/produit\/prix-dami-college-t-shirt-coupe-reguliere-rosin-green\/","title":{"rendered":"Prix d&rsquo;Ami college t-shirt &#8211; Coupe r\u00e9guli\u00e8re &#8211; Rosin Green"},"content":{"rendered":"","protected":false},"excerpt":{"rendered":"<p><b>Coupe r\u00e9guli\u00e8re &#8211; nous vous recommandons de prendre votre taille habituelle. Pour un look plus surdimensionn\u00e9, nous vous sugg\u00e9rons de prendre une taille au-dessus.   <\/b><\/p>\n<ul>\n<li>Coupe r\u00e9guli\u00e8re<\/li>\n<li>Unisexe<\/li>\n<li>100% coton biologique (180 g\/m\u00b2)<\/li>\n<li>Tissu doux en jersey simple<\/li>\n<li>Grand logo du Prix d&rsquo;Ami sur la poitrine<\/li>\n<li>Col rond, manches courtes<\/li>\n<li>Coutures lat\u00e9rales pour un maintien durable<\/li>\n<li>Finition \u00e0 double piq\u00fbre sur la manche et l&rsquo;ourlet<\/li>\n<li>Certifi\u00e9 OEKO-TEX<\/li>\n<li>Disponible en deux couleurs<\/li>\n<\/ul>\n<p>&nbsp;<\/p>\n<p><strong>Instructions de lavage :<\/strong><\/p>\n<ul>\n<li>Lavage \u00e0 30 degr\u00e9s<\/li>\n<li>Lavez et repassez \u00e0 l&rsquo;envers<\/li>\n<li>Ne pas s\u00e9cher au s\u00e8che-linge<\/li>\n<li>Laver avec des couleurs similaires<\/li>\n<\/ul>\n","protected":false},"featured_media":2710,"comment_status":"open","ping_status":"closed","template":"","meta":[],"product_brand":[],"product_cat":[79,87],"product_tag":[],"class_list":{"0":"post-3784","1":"product","2":"type-product","3":"status-publish","4":"has-post-thumbnail","6":"product_cat-mode-fr","7":"product_cat-t-shirts-fr","9":"first","10":"instock","11":"taxable","12":"shipping-taxable","13":"purchasable","14":"product-type-variable"},"yoast_head":"<!-- This site is optimized with the Yoast SEO plugin v27.3 - https:\/\/yoast.com\/product\/yoast-seo-wordpress\/ -->\n<title>Prix d&#039;Ami college t-shirt - Coupe r\u00e9guli\u00e8re - Rosin Green - Prix Brandstore<\/title>\n<meta name=\"robots\" content=\"index, follow, max-snippet:-1, max-image-preview:large, max-video-preview:-1\" \/>\n<link rel=\"canonical\" href=\"https:\/\/prixbrandstore.com\/fr\/produit\/prix-dami-college-t-shirt-coupe-reguliere-rosin-green\/\" \/>\n<meta property=\"og:locale\" content=\"fr_FR\" \/>\n<meta property=\"og:type\" content=\"article\" \/>\n<meta property=\"og:title\" content=\"Prix d&#039;Ami college t-shirt - Coupe r\u00e9guli\u00e8re - Rosin Green - Prix Brandstore\" \/>\n<meta property=\"og:description\" content=\"Coupe r\u00e9guli\u00e8re - nous vous recommandons de prendre votre taille habituelle. Pour un look plus surdimensionn\u00e9, nous vous sugg\u00e9rons de prendre une taille au-dessus.    Coupe r\u00e9guli\u00e8re  Unisexe  100% coton biologique (180 g\/m\u00b2)  Tissu doux en jersey simple  Grand logo du Prix d&#039;Ami sur la poitrine  Col rond, manches courtes  Coutures lat\u00e9rales pour un maintien durable  Finition \u00e0 double piq\u00fbre sur la manche et l&#039;ourlet  Certifi\u00e9 OEKO-TEX  Disponible en deux couleurs &nbsp; Instructions de lavage :  Lavage \u00e0 30 degr\u00e9s  Lavez et repassez \u00e0 l&#039;envers  Ne pas s\u00e9cher au s\u00e8che-linge  Laver avec des couleurs similaires\" \/>\n<meta property=\"og:url\" content=\"https:\/\/prixbrandstore.com\/fr\/produit\/prix-dami-college-t-shirt-coupe-reguliere-rosin-green\/\" \/>\n<meta property=\"og:site_name\" content=\"Prix Brandstore\" \/>\n<meta property=\"og:image\" content=\"https:\/\/prixbrandstore.com\/wp-content\/uploads\/2025\/07\/01-004-RosinGrey-1-28901-1-scaled.jpg\" \/>\n\t<meta property=\"og:image:width\" content=\"1707\" \/>\n\t<meta property=\"og:image:height\" content=\"2560\" \/>\n\t<meta property=\"og:image:type\" content=\"image\/jpeg\" \/>\n<meta name=\"twitter:card\" content=\"summary_large_image\" \/>\n<script type=\"application\/ld+json\" class=\"yoast-schema-graph\">{\"@context\":\"https:\\\/\\\/schema.org\",\"@graph\":[{\"@type\":\"WebPage\",\"@id\":\"https:\\\/\\\/prixbrandstore.com\\\/fr\\\/produit\\\/prix-dami-college-t-shirt-coupe-reguliere-rosin-green\\\/\",\"url\":\"https:\\\/\\\/prixbrandstore.com\\\/fr\\\/produit\\\/prix-dami-college-t-shirt-coupe-reguliere-rosin-green\\\/\",\"name\":\"Prix d'Ami college t-shirt - Coupe r\u00e9guli\u00e8re - Rosin Green - Prix Brandstore\",\"isPartOf\":{\"@id\":\"https:\\\/\\\/prixbrandstore.com\\\/fr\\\/#website\"},\"primaryImageOfPage\":{\"@id\":\"https:\\\/\\\/prixbrandstore.com\\\/fr\\\/produit\\\/prix-dami-college-t-shirt-coupe-reguliere-rosin-green\\\/#primaryimage\"},\"image\":{\"@id\":\"https:\\\/\\\/prixbrandstore.com\\\/fr\\\/produit\\\/prix-dami-college-t-shirt-coupe-reguliere-rosin-green\\\/#primaryimage\"},\"thumbnailUrl\":\"https:\\\/\\\/prixbrandstore.com\\\/wp-content\\\/uploads\\\/2025\\\/07\\\/01-004-RosinGrey-1-28901-1-scaled.jpg\",\"datePublished\":\"2025-07-24T19:20:11+00:00\",\"breadcrumb\":{\"@id\":\"https:\\\/\\\/prixbrandstore.com\\\/fr\\\/produit\\\/prix-dami-college-t-shirt-coupe-reguliere-rosin-green\\\/#breadcrumb\"},\"inLanguage\":\"fr-FR\",\"potentialAction\":[{\"@type\":\"ReadAction\",\"target\":[\"https:\\\/\\\/prixbrandstore.com\\\/fr\\\/produit\\\/prix-dami-college-t-shirt-coupe-reguliere-rosin-green\\\/\"]}]},{\"@type\":\"ImageObject\",\"inLanguage\":\"fr-FR\",\"@id\":\"https:\\\/\\\/prixbrandstore.com\\\/fr\\\/produit\\\/prix-dami-college-t-shirt-coupe-reguliere-rosin-green\\\/#primaryimage\",\"url\":\"https:\\\/\\\/prixbrandstore.com\\\/wp-content\\\/uploads\\\/2025\\\/07\\\/01-004-RosinGrey-1-28901-1-scaled.jpg\",\"contentUrl\":\"https:\\\/\\\/prixbrandstore.com\\\/wp-content\\\/uploads\\\/2025\\\/07\\\/01-004-RosinGrey-1-28901-1-scaled.jpg\",\"width\":1707,\"height\":2560},{\"@type\":\"BreadcrumbList\",\"@id\":\"https:\\\/\\\/prixbrandstore.com\\\/fr\\\/produit\\\/prix-dami-college-t-shirt-coupe-reguliere-rosin-green\\\/#breadcrumb\",\"itemListElement\":[{\"@type\":\"ListItem\",\"position\":1,\"name\":\"Home\",\"item\":\"https:\\\/\\\/prixbrandstore.com\\\/fr\\\/\"},{\"@type\":\"ListItem\",\"position\":2,\"name\":\"Boutique\",\"item\":\"https:\\\/\\\/prixbrandstore.com\\\/fr\\\/shop\\\/\"},{\"@type\":\"ListItem\",\"position\":3,\"name\":\"Prix d&#8217;Ami college t-shirt &#8211; Coupe r\u00e9guli\u00e8re &#8211; Rosin Green\"}]},{\"@type\":\"WebSite\",\"@id\":\"https:\\\/\\\/prixbrandstore.com\\\/fr\\\/#website\",\"url\":\"https:\\\/\\\/prixbrandstore.com\\\/fr\\\/\",\"name\":\"Prix Brandstore\",\"description\":\"\",\"publisher\":{\"@id\":\"https:\\\/\\\/prixbrandstore.com\\\/fr\\\/#organization\"},\"potentialAction\":[{\"@type\":\"SearchAction\",\"target\":{\"@type\":\"EntryPoint\",\"urlTemplate\":\"https:\\\/\\\/prixbrandstore.com\\\/fr\\\/?s={search_term_string}\"},\"query-input\":{\"@type\":\"PropertyValueSpecification\",\"valueRequired\":true,\"valueName\":\"search_term_string\"}}],\"inLanguage\":\"fr-FR\"},{\"@type\":\"Organization\",\"@id\":\"https:\\\/\\\/prixbrandstore.com\\\/fr\\\/#organization\",\"name\":\"Prix Brandstore\",\"url\":\"https:\\\/\\\/prixbrandstore.com\\\/fr\\\/\",\"logo\":{\"@type\":\"ImageObject\",\"inLanguage\":\"fr-FR\",\"@id\":\"https:\\\/\\\/prixbrandstore.com\\\/fr\\\/#\\\/schema\\\/logo\\\/image\\\/\",\"url\":\"https:\\\/\\\/prixbrandstore.com\\\/wp-content\\\/uploads\\\/2023\\\/08\\\/Final_PrixBS_LOGO-BLACK.png\",\"contentUrl\":\"https:\\\/\\\/prixbrandstore.com\\\/wp-content\\\/uploads\\\/2023\\\/08\\\/Final_PrixBS_LOGO-BLACK.png\",\"width\":1253,\"height\":635,\"caption\":\"Prix Brandstore\"},\"image\":{\"@id\":\"https:\\\/\\\/prixbrandstore.com\\\/fr\\\/#\\\/schema\\\/logo\\\/image\\\/\"}}]}<\/script>\n<!-- \/ Yoast SEO plugin. -->","yoast_head_json":{"title":"Prix d'Ami college t-shirt - Coupe r\u00e9guli\u00e8re - Rosin Green - Prix Brandstore","robots":{"index":"index","follow":"follow","max-snippet":"max-snippet:-1","max-image-preview":"max-image-preview:large","max-video-preview":"max-video-preview:-1"},"canonical":"https:\/\/prixbrandstore.com\/fr\/produit\/prix-dami-college-t-shirt-coupe-reguliere-rosin-green\/","og_locale":"fr_FR","og_type":"article","og_title":"Prix d'Ami college t-shirt - Coupe r\u00e9guli\u00e8re - Rosin Green - Prix Brandstore","og_description":"Coupe r\u00e9guli\u00e8re - nous vous recommandons de prendre votre taille habituelle. Pour un look plus surdimensionn\u00e9, nous vous sugg\u00e9rons de prendre une taille au-dessus.    Coupe r\u00e9guli\u00e8re  Unisexe  100% coton biologique (180 g\/m\u00b2)  Tissu doux en jersey simple  Grand logo du Prix d'Ami sur la poitrine  Col rond, manches courtes  Coutures lat\u00e9rales pour un maintien durable  Finition \u00e0 double piq\u00fbre sur la manche et l'ourlet  Certifi\u00e9 OEKO-TEX  Disponible en deux couleurs &nbsp; Instructions de lavage :  Lavage \u00e0 30 degr\u00e9s  Lavez et repassez \u00e0 l'envers  Ne pas s\u00e9cher au s\u00e8che-linge  Laver avec des couleurs similaires","og_url":"https:\/\/prixbrandstore.com\/fr\/produit\/prix-dami-college-t-shirt-coupe-reguliere-rosin-green\/","og_site_name":"Prix Brandstore","og_image":[{"width":1707,"height":2560,"url":"https:\/\/prixbrandstore.com\/wp-content\/uploads\/2025\/07\/01-004-RosinGrey-1-28901-1-scaled.jpg","type":"image\/jpeg"}],"twitter_card":"summary_large_image","schema":{"@context":"https:\/\/schema.org","@graph":[{"@type":"WebPage","@id":"https:\/\/prixbrandstore.com\/fr\/produit\/prix-dami-college-t-shirt-coupe-reguliere-rosin-green\/","url":"https:\/\/prixbrandstore.com\/fr\/produit\/prix-dami-college-t-shirt-coupe-reguliere-rosin-green\/","name":"Prix d'Ami college t-shirt - Coupe r\u00e9guli\u00e8re - Rosin Green - Prix Brandstore","isPartOf":{"@id":"https:\/\/prixbrandstore.com\/fr\/#website"},"primaryImageOfPage":{"@id":"https:\/\/prixbrandstore.com\/fr\/produit\/prix-dami-college-t-shirt-coupe-reguliere-rosin-green\/#primaryimage"},"image":{"@id":"https:\/\/prixbrandstore.com\/fr\/produit\/prix-dami-college-t-shirt-coupe-reguliere-rosin-green\/#primaryimage"},"thumbnailUrl":"https:\/\/prixbrandstore.com\/wp-content\/uploads\/2025\/07\/01-004-RosinGrey-1-28901-1-scaled.jpg","datePublished":"2025-07-24T19:20:11+00:00","breadcrumb":{"@id":"https:\/\/prixbrandstore.com\/fr\/produit\/prix-dami-college-t-shirt-coupe-reguliere-rosin-green\/#breadcrumb"},"inLanguage":"fr-FR","potentialAction":[{"@type":"ReadAction","target":["https:\/\/prixbrandstore.com\/fr\/produit\/prix-dami-college-t-shirt-coupe-reguliere-rosin-green\/"]}]},{"@type":"ImageObject","inLanguage":"fr-FR","@id":"https:\/\/prixbrandstore.com\/fr\/produit\/prix-dami-college-t-shirt-coupe-reguliere-rosin-green\/#primaryimage","url":"https:\/\/prixbrandstore.com\/wp-content\/uploads\/2025\/07\/01-004-RosinGrey-1-28901-1-scaled.jpg","contentUrl":"https:\/\/prixbrandstore.com\/wp-content\/uploads\/2025\/07\/01-004-RosinGrey-1-28901-1-scaled.jpg","width":1707,"height":2560},{"@type":"BreadcrumbList","@id":"https:\/\/prixbrandstore.com\/fr\/produit\/prix-dami-college-t-shirt-coupe-reguliere-rosin-green\/#breadcrumb","itemListElement":[{"@type":"ListItem","position":1,"name":"Home","item":"https:\/\/prixbrandstore.com\/fr\/"},{"@type":"ListItem","position":2,"name":"Boutique","item":"https:\/\/prixbrandstore.com\/fr\/shop\/"},{"@type":"ListItem","position":3,"name":"Prix d&#8217;Ami college t-shirt &#8211; Coupe r\u00e9guli\u00e8re &#8211; Rosin Green"}]},{"@type":"WebSite","@id":"https:\/\/prixbrandstore.com\/fr\/#website","url":"https:\/\/prixbrandstore.com\/fr\/","name":"Prix Brandstore","description":"","publisher":{"@id":"https:\/\/prixbrandstore.com\/fr\/#organization"},"potentialAction":[{"@type":"SearchAction","target":{"@type":"EntryPoint","urlTemplate":"https:\/\/prixbrandstore.com\/fr\/?s={search_term_string}"},"query-input":{"@type":"PropertyValueSpecification","valueRequired":true,"valueName":"search_term_string"}}],"inLanguage":"fr-FR"},{"@type":"Organization","@id":"https:\/\/prixbrandstore.com\/fr\/#organization","name":"Prix Brandstore","url":"https:\/\/prixbrandstore.com\/fr\/","logo":{"@type":"ImageObject","inLanguage":"fr-FR","@id":"https:\/\/prixbrandstore.com\/fr\/#\/schema\/logo\/image\/","url":"https:\/\/prixbrandstore.com\/wp-content\/uploads\/2023\/08\/Final_PrixBS_LOGO-BLACK.png","contentUrl":"https:\/\/prixbrandstore.com\/wp-content\/uploads\/2023\/08\/Final_PrixBS_LOGO-BLACK.png","width":1253,"height":635,"caption":"Prix Brandstore"},"image":{"@id":"https:\/\/prixbrandstore.com\/fr\/#\/schema\/logo\/image\/"}}]}},"_links":{"self":[{"href":"https:\/\/prixbrandstore.com\/fr\/wp-json\/wp\/v2\/product\/3784","targetHints":{"allow":["GET"]}}],"collection":[{"href":"https:\/\/prixbrandstore.com\/fr\/wp-json\/wp\/v2\/product"}],"about":[{"href":"https:\/\/prixbrandstore.com\/fr\/wp-json\/wp\/v2\/types\/product"}],"replies":[{"embeddable":true,"href":"https:\/\/prixbrandstore.com\/fr\/wp-json\/wp\/v2\/comments?post=3784"}],"wp:featuredmedia":[{"embeddable":true,"href":"https:\/\/prixbrandstore.com\/fr\/wp-json\/wp\/v2\/media\/2710"}],"wp:attachment":[{"href":"https:\/\/prixbrandstore.com\/fr\/wp-json\/wp\/v2\/media?parent=3784"}],"wp:term":[{"taxonomy":"product_brand","embeddable":true,"href":"https:\/\/prixbrandstore.com\/fr\/wp-json\/wp\/v2\/product_brand?post=3784"},{"taxonomy":"product_cat","embeddable":true,"href":"https:\/\/prixbrandstore.com\/fr\/wp-json\/wp\/v2\/product_cat?post=3784"},{"taxonomy":"product_tag","embeddable":true,"href":"https:\/\/prixbrandstore.com\/fr\/wp-json\/wp\/v2\/product_tag?post=3784"}],"curies":[{"name":"wp","href":"https:\/\/api.w.org\/{rel}","templated":true}]}}