{"id":3828,"date":"2025-07-24T21:09:24","date_gmt":"2025-07-24T19:09:24","guid":{"rendered":"https:\/\/prixbrandstore.com\/product\/smoke-and-fly-vert-armee\/"},"modified":"2025-07-24T21:09:24","modified_gmt":"2025-07-24T19:09:24","slug":"smoke-and-fly-vert-armee","status":"publish","type":"product","link":"https:\/\/prixbrandstore.com\/fr\/produit\/smoke-and-fly-vert-armee\/","title":{"rendered":"Smoke and Fly &#8211; Vert arm\u00e9e"},"content":{"rendered":"","protected":false},"excerpt":{"rendered":"<p><b>Coupe surdimensionn\u00e9e &#8211; nous vous recommandons de prendre votre taille habituelle. Pour un look plus ajust\u00e9, nous vous recommandons de prendre 1 \u00e0 2 tailles en dessous.   <\/b><\/p>\n<ul>\n<li>Coupe oversize<\/li>\n<li>Qualit\u00e9 douce et lourde (240 g\/m\u00b2)<\/li>\n<li>100% coton jersey<\/li>\n<li>Impression sur la poitrine et le dos \u00ab\u00a0\u00a0\u00bbSmoke and Fly &#8211; Amsterdam XXX\u00a0\u00bb\u00a0\u00bb<\/li>\n<li>\u00c9paules tombantes<\/li>\n<li>Col rond<\/li>\n<li>Disponible en deux couleurs<\/li>\n<li>Unisexe<\/li>\n<li>Certifi\u00e9 OEKO-TEX<\/li>\n<\/ul>\n<p>&nbsp;<\/p>\n<p><strong>Instructions de lavage :<\/strong><\/p>\n<ul>\n<li>Lavage \u00e0 30 degr\u00e9s<\/li>\n<li>Lavez et repassez \u00e0 l&rsquo;envers<\/li>\n<li>Ne pas s\u00e9cher au s\u00e8che-linge<\/li>\n<li>Laver avec des couleurs similaires<\/li>\n<\/ul>\n","protected":false},"featured_media":2463,"comment_status":"open","ping_status":"closed","template":"","meta":[],"product_brand":[],"product_cat":[79,87],"product_tag":[],"class_list":{"0":"post-3828","1":"product","2":"type-product","3":"status-publish","4":"has-post-thumbnail","6":"product_cat-mode-fr","7":"product_cat-t-shirts-fr","9":"first","10":"instock","11":"taxable","12":"shipping-taxable","13":"purchasable","14":"product-type-variable"},"yoast_head":"<!-- This site is optimized with the Yoast SEO plugin v27.3 - https:\/\/yoast.com\/product\/yoast-seo-wordpress\/ -->\n<title>Smoke and Fly - Vert arm\u00e9e - Prix Brandstore<\/title>\n<meta name=\"robots\" content=\"index, follow, max-snippet:-1, max-image-preview:large, max-video-preview:-1\" \/>\n<link rel=\"canonical\" href=\"https:\/\/prixbrandstore.com\/fr\/produit\/smoke-and-fly-vert-armee\/\" \/>\n<meta property=\"og:locale\" content=\"fr_FR\" \/>\n<meta property=\"og:type\" content=\"article\" \/>\n<meta property=\"og:title\" content=\"Smoke and Fly - Vert arm\u00e9e - Prix Brandstore\" \/>\n<meta property=\"og:description\" content=\"Coupe surdimensionn\u00e9e - nous vous recommandons de prendre votre taille habituelle. Pour un look plus ajust\u00e9, nous vous recommandons de prendre 1 \u00e0 2 tailles en dessous.    Coupe oversize  Qualit\u00e9 douce et lourde (240 g\/m\u00b2)  100% coton jersey  Impression sur la poitrine et le dos &quot;&quot;Smoke and Fly - Amsterdam XXX&quot;&quot;  \u00c9paules tombantes  Col rond  Disponible en deux couleurs  Unisexe  Certifi\u00e9 OEKO-TEX &nbsp; Instructions de lavage :  Lavage \u00e0 30 degr\u00e9s  Lavez et repassez \u00e0 l&#039;envers  Ne pas s\u00e9cher au s\u00e8che-linge  Laver avec des couleurs similaires\" \/>\n<meta property=\"og:url\" content=\"https:\/\/prixbrandstore.com\/fr\/produit\/smoke-and-fly-vert-armee\/\" \/>\n<meta property=\"og:site_name\" content=\"Prix Brandstore\" \/>\n<meta property=\"og:image\" content=\"https:\/\/prixbrandstore.com\/wp-content\/uploads\/2025\/07\/01-002-ArmyGreen-1-2866.jpg\" \/>\n\t<meta property=\"og:image:width\" content=\"667\" \/>\n\t<meta property=\"og:image:height\" content=\"1000\" \/>\n\t<meta property=\"og:image:type\" content=\"image\/jpeg\" \/>\n<meta name=\"twitter:card\" content=\"summary_large_image\" \/>\n<script type=\"application\/ld+json\" class=\"yoast-schema-graph\">{\"@context\":\"https:\\\/\\\/schema.org\",\"@graph\":[{\"@type\":\"WebPage\",\"@id\":\"https:\\\/\\\/prixbrandstore.com\\\/fr\\\/produit\\\/smoke-and-fly-vert-armee\\\/\",\"url\":\"https:\\\/\\\/prixbrandstore.com\\\/fr\\\/produit\\\/smoke-and-fly-vert-armee\\\/\",\"name\":\"Smoke and Fly - Vert arm\u00e9e - Prix Brandstore\",\"isPartOf\":{\"@id\":\"https:\\\/\\\/prixbrandstore.com\\\/fr\\\/#website\"},\"primaryImageOfPage\":{\"@id\":\"https:\\\/\\\/prixbrandstore.com\\\/fr\\\/produit\\\/smoke-and-fly-vert-armee\\\/#primaryimage\"},\"image\":{\"@id\":\"https:\\\/\\\/prixbrandstore.com\\\/fr\\\/produit\\\/smoke-and-fly-vert-armee\\\/#primaryimage\"},\"thumbnailUrl\":\"https:\\\/\\\/prixbrandstore.com\\\/wp-content\\\/uploads\\\/2025\\\/07\\\/01-002-ArmyGreen-3-2945.jpg\",\"datePublished\":\"2025-07-24T19:09:24+00:00\",\"breadcrumb\":{\"@id\":\"https:\\\/\\\/prixbrandstore.com\\\/fr\\\/produit\\\/smoke-and-fly-vert-armee\\\/#breadcrumb\"},\"inLanguage\":\"fr-FR\",\"potentialAction\":[{\"@type\":\"ReadAction\",\"target\":[\"https:\\\/\\\/prixbrandstore.com\\\/fr\\\/produit\\\/smoke-and-fly-vert-armee\\\/\"]}]},{\"@type\":\"ImageObject\",\"inLanguage\":\"fr-FR\",\"@id\":\"https:\\\/\\\/prixbrandstore.com\\\/fr\\\/produit\\\/smoke-and-fly-vert-armee\\\/#primaryimage\",\"url\":\"https:\\\/\\\/prixbrandstore.com\\\/wp-content\\\/uploads\\\/2025\\\/07\\\/01-002-ArmyGreen-3-2945.jpg\",\"contentUrl\":\"https:\\\/\\\/prixbrandstore.com\\\/wp-content\\\/uploads\\\/2025\\\/07\\\/01-002-ArmyGreen-3-2945.jpg\",\"width\":644,\"height\":1000},{\"@type\":\"BreadcrumbList\",\"@id\":\"https:\\\/\\\/prixbrandstore.com\\\/fr\\\/produit\\\/smoke-and-fly-vert-armee\\\/#breadcrumb\",\"itemListElement\":[{\"@type\":\"ListItem\",\"position\":1,\"name\":\"Home\",\"item\":\"https:\\\/\\\/prixbrandstore.com\\\/fr\\\/\"},{\"@type\":\"ListItem\",\"position\":2,\"name\":\"Boutique\",\"item\":\"https:\\\/\\\/prixbrandstore.com\\\/fr\\\/shop\\\/\"},{\"@type\":\"ListItem\",\"position\":3,\"name\":\"Smoke and Fly &#8211; Vert arm\u00e9e\"}]},{\"@type\":\"WebSite\",\"@id\":\"https:\\\/\\\/prixbrandstore.com\\\/fr\\\/#website\",\"url\":\"https:\\\/\\\/prixbrandstore.com\\\/fr\\\/\",\"name\":\"Prix Brandstore\",\"description\":\"\",\"publisher\":{\"@id\":\"https:\\\/\\\/prixbrandstore.com\\\/fr\\\/#organization\"},\"potentialAction\":[{\"@type\":\"SearchAction\",\"target\":{\"@type\":\"EntryPoint\",\"urlTemplate\":\"https:\\\/\\\/prixbrandstore.com\\\/fr\\\/?s={search_term_string}\"},\"query-input\":{\"@type\":\"PropertyValueSpecification\",\"valueRequired\":true,\"valueName\":\"search_term_string\"}}],\"inLanguage\":\"fr-FR\"},{\"@type\":\"Organization\",\"@id\":\"https:\\\/\\\/prixbrandstore.com\\\/fr\\\/#organization\",\"name\":\"Prix Brandstore\",\"url\":\"https:\\\/\\\/prixbrandstore.com\\\/fr\\\/\",\"logo\":{\"@type\":\"ImageObject\",\"inLanguage\":\"fr-FR\",\"@id\":\"https:\\\/\\\/prixbrandstore.com\\\/fr\\\/#\\\/schema\\\/logo\\\/image\\\/\",\"url\":\"https:\\\/\\\/prixbrandstore.com\\\/wp-content\\\/uploads\\\/2023\\\/08\\\/Final_PrixBS_LOGO-BLACK.png\",\"contentUrl\":\"https:\\\/\\\/prixbrandstore.com\\\/wp-content\\\/uploads\\\/2023\\\/08\\\/Final_PrixBS_LOGO-BLACK.png\",\"width\":1253,\"height\":635,\"caption\":\"Prix Brandstore\"},\"image\":{\"@id\":\"https:\\\/\\\/prixbrandstore.com\\\/fr\\\/#\\\/schema\\\/logo\\\/image\\\/\"}}]}<\/script>\n<!-- \/ Yoast SEO plugin. -->","yoast_head_json":{"title":"Smoke and Fly - Vert arm\u00e9e - Prix Brandstore","robots":{"index":"index","follow":"follow","max-snippet":"max-snippet:-1","max-image-preview":"max-image-preview:large","max-video-preview":"max-video-preview:-1"},"canonical":"https:\/\/prixbrandstore.com\/fr\/produit\/smoke-and-fly-vert-armee\/","og_locale":"fr_FR","og_type":"article","og_title":"Smoke and Fly - Vert arm\u00e9e - Prix Brandstore","og_description":"Coupe surdimensionn\u00e9e - nous vous recommandons de prendre votre taille habituelle. Pour un look plus ajust\u00e9, nous vous recommandons de prendre 1 \u00e0 2 tailles en dessous.    Coupe oversize  Qualit\u00e9 douce et lourde (240 g\/m\u00b2)  100% coton jersey  Impression sur la poitrine et le dos \"\"Smoke and Fly - Amsterdam XXX\"\"  \u00c9paules tombantes  Col rond  Disponible en deux couleurs  Unisexe  Certifi\u00e9 OEKO-TEX &nbsp; Instructions de lavage :  Lavage \u00e0 30 degr\u00e9s  Lavez et repassez \u00e0 l'envers  Ne pas s\u00e9cher au s\u00e8che-linge  Laver avec des couleurs similaires","og_url":"https:\/\/prixbrandstore.com\/fr\/produit\/smoke-and-fly-vert-armee\/","og_site_name":"Prix Brandstore","og_image":[{"width":667,"height":1000,"url":"https:\/\/prixbrandstore.com\/wp-content\/uploads\/2025\/07\/01-002-ArmyGreen-1-2866.jpg","type":"image\/jpeg"}],"twitter_card":"summary_large_image","schema":{"@context":"https:\/\/schema.org","@graph":[{"@type":"WebPage","@id":"https:\/\/prixbrandstore.com\/fr\/produit\/smoke-and-fly-vert-armee\/","url":"https:\/\/prixbrandstore.com\/fr\/produit\/smoke-and-fly-vert-armee\/","name":"Smoke and Fly - Vert arm\u00e9e - Prix Brandstore","isPartOf":{"@id":"https:\/\/prixbrandstore.com\/fr\/#website"},"primaryImageOfPage":{"@id":"https:\/\/prixbrandstore.com\/fr\/produit\/smoke-and-fly-vert-armee\/#primaryimage"},"image":{"@id":"https:\/\/prixbrandstore.com\/fr\/produit\/smoke-and-fly-vert-armee\/#primaryimage"},"thumbnailUrl":"https:\/\/prixbrandstore.com\/wp-content\/uploads\/2025\/07\/01-002-ArmyGreen-3-2945.jpg","datePublished":"2025-07-24T19:09:24+00:00","breadcrumb":{"@id":"https:\/\/prixbrandstore.com\/fr\/produit\/smoke-and-fly-vert-armee\/#breadcrumb"},"inLanguage":"fr-FR","potentialAction":[{"@type":"ReadAction","target":["https:\/\/prixbrandstore.com\/fr\/produit\/smoke-and-fly-vert-armee\/"]}]},{"@type":"ImageObject","inLanguage":"fr-FR","@id":"https:\/\/prixbrandstore.com\/fr\/produit\/smoke-and-fly-vert-armee\/#primaryimage","url":"https:\/\/prixbrandstore.com\/wp-content\/uploads\/2025\/07\/01-002-ArmyGreen-3-2945.jpg","contentUrl":"https:\/\/prixbrandstore.com\/wp-content\/uploads\/2025\/07\/01-002-ArmyGreen-3-2945.jpg","width":644,"height":1000},{"@type":"BreadcrumbList","@id":"https:\/\/prixbrandstore.com\/fr\/produit\/smoke-and-fly-vert-armee\/#breadcrumb","itemListElement":[{"@type":"ListItem","position":1,"name":"Home","item":"https:\/\/prixbrandstore.com\/fr\/"},{"@type":"ListItem","position":2,"name":"Boutique","item":"https:\/\/prixbrandstore.com\/fr\/shop\/"},{"@type":"ListItem","position":3,"name":"Smoke and Fly &#8211; Vert arm\u00e9e"}]},{"@type":"WebSite","@id":"https:\/\/prixbrandstore.com\/fr\/#website","url":"https:\/\/prixbrandstore.com\/fr\/","name":"Prix Brandstore","description":"","publisher":{"@id":"https:\/\/prixbrandstore.com\/fr\/#organization"},"potentialAction":[{"@type":"SearchAction","target":{"@type":"EntryPoint","urlTemplate":"https:\/\/prixbrandstore.com\/fr\/?s={search_term_string}"},"query-input":{"@type":"PropertyValueSpecification","valueRequired":true,"valueName":"search_term_string"}}],"inLanguage":"fr-FR"},{"@type":"Organization","@id":"https:\/\/prixbrandstore.com\/fr\/#organization","name":"Prix Brandstore","url":"https:\/\/prixbrandstore.com\/fr\/","logo":{"@type":"ImageObject","inLanguage":"fr-FR","@id":"https:\/\/prixbrandstore.com\/fr\/#\/schema\/logo\/image\/","url":"https:\/\/prixbrandstore.com\/wp-content\/uploads\/2023\/08\/Final_PrixBS_LOGO-BLACK.png","contentUrl":"https:\/\/prixbrandstore.com\/wp-content\/uploads\/2023\/08\/Final_PrixBS_LOGO-BLACK.png","width":1253,"height":635,"caption":"Prix Brandstore"},"image":{"@id":"https:\/\/prixbrandstore.com\/fr\/#\/schema\/logo\/image\/"}}]}},"_links":{"self":[{"href":"https:\/\/prixbrandstore.com\/fr\/wp-json\/wp\/v2\/product\/3828","targetHints":{"allow":["GET"]}}],"collection":[{"href":"https:\/\/prixbrandstore.com\/fr\/wp-json\/wp\/v2\/product"}],"about":[{"href":"https:\/\/prixbrandstore.com\/fr\/wp-json\/wp\/v2\/types\/product"}],"replies":[{"embeddable":true,"href":"https:\/\/prixbrandstore.com\/fr\/wp-json\/wp\/v2\/comments?post=3828"}],"wp:featuredmedia":[{"embeddable":true,"href":"https:\/\/prixbrandstore.com\/fr\/wp-json\/wp\/v2\/media\/2463"}],"wp:attachment":[{"href":"https:\/\/prixbrandstore.com\/fr\/wp-json\/wp\/v2\/media?parent=3828"}],"wp:term":[{"taxonomy":"product_brand","embeddable":true,"href":"https:\/\/prixbrandstore.com\/fr\/wp-json\/wp\/v2\/product_brand?post=3828"},{"taxonomy":"product_cat","embeddable":true,"href":"https:\/\/prixbrandstore.com\/fr\/wp-json\/wp\/v2\/product_cat?post=3828"},{"taxonomy":"product_tag","embeddable":true,"href":"https:\/\/prixbrandstore.com\/fr\/wp-json\/wp\/v2\/product_tag?post=3828"}],"curies":[{"name":"wp","href":"https:\/\/api.w.org\/{rel}","templated":true}]}}