{"id":3958,"date":"2025-07-24T16:05:30","date_gmt":"2025-07-24T14:05:30","guid":{"rendered":"https:\/\/prixbrandstore.com\/product\/tee-shirt-a-logo-prix-dami-coupe-reguliere-bordeaux\/"},"modified":"2025-07-24T16:05:30","modified_gmt":"2025-07-24T14:05:30","slug":"tee-shirt-a-logo-prix-dami-coupe-reguliere-bordeaux","status":"publish","type":"product","link":"https:\/\/prixbrandstore.com\/fr\/produit\/tee-shirt-a-logo-prix-dami-coupe-reguliere-bordeaux\/","title":{"rendered":"Tee-shirt \u00e0 logo Prix d&rsquo;Ami &#8211; Coupe r\u00e9guli\u00e8re &#8211; Bordeaux"},"content":{"rendered":"","protected":false},"excerpt":{"rendered":"<p><b>Coupe r\u00e9guli\u00e8re &#8211; nous vous recommandons de prendre votre taille habituelle. Pour un look plus surdimensionn\u00e9, nous vous sugg\u00e9rons de prendre une taille au-dessus.   <\/b><\/p>\n<ul>\n<li>Coupe r\u00e9guli\u00e8re<\/li>\n<li>Unisexe<\/li>\n<li>100% coton biologique (180 g\/m\u00b2)<\/li>\n<li>Tissu en jersey souple de premi\u00e8re qualit\u00e9<\/li>\n<li>Texte du Prix d&rsquo;Ami sur la poitrine et le dos<\/li>\n<li>Col rond, manches courtes<\/li>\n<li>Coutures lat\u00e9rales pour un maintien durable<\/li>\n<li>Ourlet et bord des manches doublement cousus<\/li>\n<li>Certifi\u00e9 OEKO-TEX<\/li>\n<\/ul>\n<p><\/p>\n<p><strong>Instructions de lavage :<\/strong><\/p>\n<ul>\n<li>Lavage \u00e0 30 degr\u00e9s<\/li>\n<li>Lavez et repassez \u00e0 l&rsquo;envers<\/li>\n<li>Ne pas s\u00e9cher au s\u00e8che-linge<\/li>\n<li>Laver avec des couleurs similaires<\/li>\n<\/ul>\n","protected":false},"featured_media":2785,"comment_status":"open","ping_status":"closed","template":"","meta":[],"product_brand":[],"product_cat":[79,87],"product_tag":[],"class_list":{"0":"post-3958","1":"product","2":"type-product","3":"status-publish","4":"has-post-thumbnail","6":"product_cat-mode-fr","7":"product_cat-t-shirts-fr","9":"first","10":"instock","11":"taxable","12":"shipping-taxable","13":"purchasable","14":"product-type-variable"},"yoast_head":"<!-- This site is optimized with the Yoast SEO plugin v27.4 - https:\/\/yoast.com\/product\/yoast-seo-wordpress\/ -->\n<title>Tee-shirt \u00e0 logo Prix d&#039;Ami - Coupe r\u00e9guli\u00e8re - Bordeaux - Prix Brandstore<\/title>\n<meta name=\"robots\" content=\"index, follow, max-snippet:-1, max-image-preview:large, max-video-preview:-1\" \/>\n<link rel=\"canonical\" href=\"https:\/\/prixbrandstore.com\/fr\/produit\/tee-shirt-a-logo-prix-dami-coupe-reguliere-bordeaux\/\" \/>\n<meta property=\"og:locale\" content=\"fr_FR\" \/>\n<meta property=\"og:type\" content=\"article\" \/>\n<meta property=\"og:title\" content=\"Tee-shirt \u00e0 logo Prix d&#039;Ami - Coupe r\u00e9guli\u00e8re - Bordeaux - Prix Brandstore\" \/>\n<meta property=\"og:description\" content=\"Coupe r\u00e9guli\u00e8re - nous vous recommandons de prendre votre taille habituelle. Pour un look plus surdimensionn\u00e9, nous vous sugg\u00e9rons de prendre une taille au-dessus.   Coupe r\u00e9guli\u00e8re Unisexe 100% coton biologique (180 g\/m\u00b2) Tissu en jersey souple de premi\u00e8re qualit\u00e9 Texte du Prix d&#039;Ami sur la poitrine et le dos Col rond, manches courtes Coutures lat\u00e9rales pour un maintien durable Ourlet et bord des manches doublement cousus Certifi\u00e9 OEKO-TEX Instructions de lavage : Lavage \u00e0 30 degr\u00e9s Lavez et repassez \u00e0 l&#039;envers Ne pas s\u00e9cher au s\u00e8che-linge Laver avec des couleurs similaires\" \/>\n<meta property=\"og:url\" content=\"https:\/\/prixbrandstore.com\/fr\/produit\/tee-shirt-a-logo-prix-dami-coupe-reguliere-bordeaux\/\" \/>\n<meta property=\"og:site_name\" content=\"Prix Brandstore\" \/>\n<meta property=\"og:image\" content=\"https:\/\/prixbrandstore.com\/wp-content\/uploads\/2025\/07\/01-006-Bordeaux-1-2964-1-scaled.jpg\" \/>\n\t<meta property=\"og:image:width\" content=\"1707\" \/>\n\t<meta property=\"og:image:height\" content=\"2560\" \/>\n\t<meta property=\"og:image:type\" content=\"image\/jpeg\" \/>\n<meta name=\"twitter:card\" content=\"summary_large_image\" \/>\n<script type=\"application\/ld+json\" class=\"yoast-schema-graph\">{\"@context\":\"https:\\\/\\\/schema.org\",\"@graph\":[{\"@type\":\"WebPage\",\"@id\":\"https:\\\/\\\/prixbrandstore.com\\\/fr\\\/produit\\\/tee-shirt-a-logo-prix-dami-coupe-reguliere-bordeaux\\\/\",\"url\":\"https:\\\/\\\/prixbrandstore.com\\\/fr\\\/produit\\\/tee-shirt-a-logo-prix-dami-coupe-reguliere-bordeaux\\\/\",\"name\":\"Tee-shirt \u00e0 logo Prix d'Ami - Coupe r\u00e9guli\u00e8re - Bordeaux - Prix Brandstore\",\"isPartOf\":{\"@id\":\"https:\\\/\\\/prixbrandstore.com\\\/fr\\\/#website\"},\"primaryImageOfPage\":{\"@id\":\"https:\\\/\\\/prixbrandstore.com\\\/fr\\\/produit\\\/tee-shirt-a-logo-prix-dami-coupe-reguliere-bordeaux\\\/#primaryimage\"},\"image\":{\"@id\":\"https:\\\/\\\/prixbrandstore.com\\\/fr\\\/produit\\\/tee-shirt-a-logo-prix-dami-coupe-reguliere-bordeaux\\\/#primaryimage\"},\"thumbnailUrl\":\"https:\\\/\\\/prixbrandstore.com\\\/wp-content\\\/uploads\\\/2025\\\/07\\\/01-006-Bordeaux-3-2741-1-scaled.jpg\",\"datePublished\":\"2025-07-24T14:05:30+00:00\",\"breadcrumb\":{\"@id\":\"https:\\\/\\\/prixbrandstore.com\\\/fr\\\/produit\\\/tee-shirt-a-logo-prix-dami-coupe-reguliere-bordeaux\\\/#breadcrumb\"},\"inLanguage\":\"fr-FR\",\"potentialAction\":[{\"@type\":\"ReadAction\",\"target\":[\"https:\\\/\\\/prixbrandstore.com\\\/fr\\\/produit\\\/tee-shirt-a-logo-prix-dami-coupe-reguliere-bordeaux\\\/\"]}]},{\"@type\":\"ImageObject\",\"inLanguage\":\"fr-FR\",\"@id\":\"https:\\\/\\\/prixbrandstore.com\\\/fr\\\/produit\\\/tee-shirt-a-logo-prix-dami-coupe-reguliere-bordeaux\\\/#primaryimage\",\"url\":\"https:\\\/\\\/prixbrandstore.com\\\/wp-content\\\/uploads\\\/2025\\\/07\\\/01-006-Bordeaux-3-2741-1-scaled.jpg\",\"contentUrl\":\"https:\\\/\\\/prixbrandstore.com\\\/wp-content\\\/uploads\\\/2025\\\/07\\\/01-006-Bordeaux-3-2741-1-scaled.jpg\",\"width\":1707,\"height\":2560},{\"@type\":\"BreadcrumbList\",\"@id\":\"https:\\\/\\\/prixbrandstore.com\\\/fr\\\/produit\\\/tee-shirt-a-logo-prix-dami-coupe-reguliere-bordeaux\\\/#breadcrumb\",\"itemListElement\":[{\"@type\":\"ListItem\",\"position\":1,\"name\":\"Home\",\"item\":\"https:\\\/\\\/prixbrandstore.com\\\/fr\\\/\"},{\"@type\":\"ListItem\",\"position\":2,\"name\":\"Boutique\",\"item\":\"https:\\\/\\\/prixbrandstore.com\\\/fr\\\/shop\\\/\"},{\"@type\":\"ListItem\",\"position\":3,\"name\":\"Tee-shirt \u00e0 logo Prix d&#8217;Ami &#8211; Coupe r\u00e9guli\u00e8re &#8211; Bordeaux\"}]},{\"@type\":\"WebSite\",\"@id\":\"https:\\\/\\\/prixbrandstore.com\\\/fr\\\/#website\",\"url\":\"https:\\\/\\\/prixbrandstore.com\\\/fr\\\/\",\"name\":\"Prix Brandstore\",\"description\":\"\",\"publisher\":{\"@id\":\"https:\\\/\\\/prixbrandstore.com\\\/fr\\\/#organization\"},\"potentialAction\":[{\"@type\":\"SearchAction\",\"target\":{\"@type\":\"EntryPoint\",\"urlTemplate\":\"https:\\\/\\\/prixbrandstore.com\\\/fr\\\/?s={search_term_string}\"},\"query-input\":{\"@type\":\"PropertyValueSpecification\",\"valueRequired\":true,\"valueName\":\"search_term_string\"}}],\"inLanguage\":\"fr-FR\"},{\"@type\":\"Organization\",\"@id\":\"https:\\\/\\\/prixbrandstore.com\\\/fr\\\/#organization\",\"name\":\"Prix Brandstore\",\"url\":\"https:\\\/\\\/prixbrandstore.com\\\/fr\\\/\",\"logo\":{\"@type\":\"ImageObject\",\"inLanguage\":\"fr-FR\",\"@id\":\"https:\\\/\\\/prixbrandstore.com\\\/fr\\\/#\\\/schema\\\/logo\\\/image\\\/\",\"url\":\"https:\\\/\\\/prixbrandstore.com\\\/wp-content\\\/uploads\\\/2023\\\/08\\\/Final_PrixBS_LOGO-BLACK.png\",\"contentUrl\":\"https:\\\/\\\/prixbrandstore.com\\\/wp-content\\\/uploads\\\/2023\\\/08\\\/Final_PrixBS_LOGO-BLACK.png\",\"width\":1253,\"height\":635,\"caption\":\"Prix Brandstore\"},\"image\":{\"@id\":\"https:\\\/\\\/prixbrandstore.com\\\/fr\\\/#\\\/schema\\\/logo\\\/image\\\/\"}}]}<\/script>\n<!-- \/ Yoast SEO plugin. -->","yoast_head_json":{"title":"Tee-shirt \u00e0 logo Prix d'Ami - Coupe r\u00e9guli\u00e8re - Bordeaux - Prix Brandstore","robots":{"index":"index","follow":"follow","max-snippet":"max-snippet:-1","max-image-preview":"max-image-preview:large","max-video-preview":"max-video-preview:-1"},"canonical":"https:\/\/prixbrandstore.com\/fr\/produit\/tee-shirt-a-logo-prix-dami-coupe-reguliere-bordeaux\/","og_locale":"fr_FR","og_type":"article","og_title":"Tee-shirt \u00e0 logo Prix d'Ami - Coupe r\u00e9guli\u00e8re - Bordeaux - Prix Brandstore","og_description":"Coupe r\u00e9guli\u00e8re - nous vous recommandons de prendre votre taille habituelle. Pour un look plus surdimensionn\u00e9, nous vous sugg\u00e9rons de prendre une taille au-dessus.   Coupe r\u00e9guli\u00e8re Unisexe 100% coton biologique (180 g\/m\u00b2) Tissu en jersey souple de premi\u00e8re qualit\u00e9 Texte du Prix d'Ami sur la poitrine et le dos Col rond, manches courtes Coutures lat\u00e9rales pour un maintien durable Ourlet et bord des manches doublement cousus Certifi\u00e9 OEKO-TEX Instructions de lavage : Lavage \u00e0 30 degr\u00e9s Lavez et repassez \u00e0 l'envers Ne pas s\u00e9cher au s\u00e8che-linge Laver avec des couleurs similaires","og_url":"https:\/\/prixbrandstore.com\/fr\/produit\/tee-shirt-a-logo-prix-dami-coupe-reguliere-bordeaux\/","og_site_name":"Prix Brandstore","og_image":[{"width":1707,"height":2560,"url":"https:\/\/prixbrandstore.com\/wp-content\/uploads\/2025\/07\/01-006-Bordeaux-1-2964-1-scaled.jpg","type":"image\/jpeg"}],"twitter_card":"summary_large_image","schema":{"@context":"https:\/\/schema.org","@graph":[{"@type":"WebPage","@id":"https:\/\/prixbrandstore.com\/fr\/produit\/tee-shirt-a-logo-prix-dami-coupe-reguliere-bordeaux\/","url":"https:\/\/prixbrandstore.com\/fr\/produit\/tee-shirt-a-logo-prix-dami-coupe-reguliere-bordeaux\/","name":"Tee-shirt \u00e0 logo Prix d'Ami - Coupe r\u00e9guli\u00e8re - Bordeaux - Prix Brandstore","isPartOf":{"@id":"https:\/\/prixbrandstore.com\/fr\/#website"},"primaryImageOfPage":{"@id":"https:\/\/prixbrandstore.com\/fr\/produit\/tee-shirt-a-logo-prix-dami-coupe-reguliere-bordeaux\/#primaryimage"},"image":{"@id":"https:\/\/prixbrandstore.com\/fr\/produit\/tee-shirt-a-logo-prix-dami-coupe-reguliere-bordeaux\/#primaryimage"},"thumbnailUrl":"https:\/\/prixbrandstore.com\/wp-content\/uploads\/2025\/07\/01-006-Bordeaux-3-2741-1-scaled.jpg","datePublished":"2025-07-24T14:05:30+00:00","breadcrumb":{"@id":"https:\/\/prixbrandstore.com\/fr\/produit\/tee-shirt-a-logo-prix-dami-coupe-reguliere-bordeaux\/#breadcrumb"},"inLanguage":"fr-FR","potentialAction":[{"@type":"ReadAction","target":["https:\/\/prixbrandstore.com\/fr\/produit\/tee-shirt-a-logo-prix-dami-coupe-reguliere-bordeaux\/"]}]},{"@type":"ImageObject","inLanguage":"fr-FR","@id":"https:\/\/prixbrandstore.com\/fr\/produit\/tee-shirt-a-logo-prix-dami-coupe-reguliere-bordeaux\/#primaryimage","url":"https:\/\/prixbrandstore.com\/wp-content\/uploads\/2025\/07\/01-006-Bordeaux-3-2741-1-scaled.jpg","contentUrl":"https:\/\/prixbrandstore.com\/wp-content\/uploads\/2025\/07\/01-006-Bordeaux-3-2741-1-scaled.jpg","width":1707,"height":2560},{"@type":"BreadcrumbList","@id":"https:\/\/prixbrandstore.com\/fr\/produit\/tee-shirt-a-logo-prix-dami-coupe-reguliere-bordeaux\/#breadcrumb","itemListElement":[{"@type":"ListItem","position":1,"name":"Home","item":"https:\/\/prixbrandstore.com\/fr\/"},{"@type":"ListItem","position":2,"name":"Boutique","item":"https:\/\/prixbrandstore.com\/fr\/shop\/"},{"@type":"ListItem","position":3,"name":"Tee-shirt \u00e0 logo Prix d&#8217;Ami &#8211; Coupe r\u00e9guli\u00e8re &#8211; Bordeaux"}]},{"@type":"WebSite","@id":"https:\/\/prixbrandstore.com\/fr\/#website","url":"https:\/\/prixbrandstore.com\/fr\/","name":"Prix Brandstore","description":"","publisher":{"@id":"https:\/\/prixbrandstore.com\/fr\/#organization"},"potentialAction":[{"@type":"SearchAction","target":{"@type":"EntryPoint","urlTemplate":"https:\/\/prixbrandstore.com\/fr\/?s={search_term_string}"},"query-input":{"@type":"PropertyValueSpecification","valueRequired":true,"valueName":"search_term_string"}}],"inLanguage":"fr-FR"},{"@type":"Organization","@id":"https:\/\/prixbrandstore.com\/fr\/#organization","name":"Prix Brandstore","url":"https:\/\/prixbrandstore.com\/fr\/","logo":{"@type":"ImageObject","inLanguage":"fr-FR","@id":"https:\/\/prixbrandstore.com\/fr\/#\/schema\/logo\/image\/","url":"https:\/\/prixbrandstore.com\/wp-content\/uploads\/2023\/08\/Final_PrixBS_LOGO-BLACK.png","contentUrl":"https:\/\/prixbrandstore.com\/wp-content\/uploads\/2023\/08\/Final_PrixBS_LOGO-BLACK.png","width":1253,"height":635,"caption":"Prix Brandstore"},"image":{"@id":"https:\/\/prixbrandstore.com\/fr\/#\/schema\/logo\/image\/"}}]}},"_links":{"self":[{"href":"https:\/\/prixbrandstore.com\/fr\/wp-json\/wp\/v2\/product\/3958","targetHints":{"allow":["GET"]}}],"collection":[{"href":"https:\/\/prixbrandstore.com\/fr\/wp-json\/wp\/v2\/product"}],"about":[{"href":"https:\/\/prixbrandstore.com\/fr\/wp-json\/wp\/v2\/types\/product"}],"replies":[{"embeddable":true,"href":"https:\/\/prixbrandstore.com\/fr\/wp-json\/wp\/v2\/comments?post=3958"}],"wp:featuredmedia":[{"embeddable":true,"href":"https:\/\/prixbrandstore.com\/fr\/wp-json\/wp\/v2\/media\/2785"}],"wp:attachment":[{"href":"https:\/\/prixbrandstore.com\/fr\/wp-json\/wp\/v2\/media?parent=3958"}],"wp:term":[{"taxonomy":"product_brand","embeddable":true,"href":"https:\/\/prixbrandstore.com\/fr\/wp-json\/wp\/v2\/product_brand?post=3958"},{"taxonomy":"product_cat","embeddable":true,"href":"https:\/\/prixbrandstore.com\/fr\/wp-json\/wp\/v2\/product_cat?post=3958"},{"taxonomy":"product_tag","embeddable":true,"href":"https:\/\/prixbrandstore.com\/fr\/wp-json\/wp\/v2\/product_tag?post=3958"}],"curies":[{"name":"wp","href":"https:\/\/api.w.org\/{rel}","templated":true}]}}