{"id":4001,"date":"2025-07-24T15:58:59","date_gmt":"2025-07-24T13:58:59","guid":{"rendered":"https:\/\/prixbrandstore.com\/product\/prix-dami-college-t-shirt-court-noir\/"},"modified":"2025-07-24T15:58:59","modified_gmt":"2025-07-24T13:58:59","slug":"prix-dami-college-t-shirt-court-noir","status":"publish","type":"product","link":"https:\/\/prixbrandstore.com\/fr\/produit\/prix-dami-college-t-shirt-court-noir\/","title":{"rendered":"Prix d&rsquo;Ami college &#8211; T-shirt court &#8211; Noir"},"content":{"rendered":"","protected":false},"excerpt":{"rendered":"<p><b>Coupe r\u00e9guli\u00e8re &#8211; nous vous recommandons de prendre votre taille habituelle. Pour un look plus surdimensionn\u00e9, nous vous sugg\u00e9rons de prendre une taille au-dessus.   <\/b><\/p>\n<ul>\n<li>Coupe courte<\/li>\n<li>Femmes<\/li>\n<li>100% coton biologique (180 g\/m\u00b2)<\/li>\n<li>Logo de l&rsquo;arche du Prix d&rsquo;Ami sur la poitrine en rose<\/li>\n<li>Ourlet cousu \u00e0 double fil<\/li>\n<li>Coutures d&rsquo;\u00e9paule au point de cha\u00eenette<\/li>\n<li>Col en c\u00f4tes 1&#215;1<\/li>\n<li>Bande de propret\u00e9 int\u00e9rieure pour plus de confort<\/li>\n<li>Disponible en deux couleurs<\/li>\n<li>Certifi\u00e9 OEKO-TEX<\/li>\n<\/ul>\n<p>&nbsp;<\/p>\n<p><strong>Instructions de lavage :<\/strong><\/p>\n<ul>\n<li>Lavage \u00e0 30 degr\u00e9s<\/li>\n<li>Lavez et repassez \u00e0 l&rsquo;envers<\/li>\n<li>Ne pas s\u00e9cher au s\u00e8che-linge<\/li>\n<li>Laver avec des couleurs similaires<\/li>\n<\/ul>\n","protected":false},"featured_media":2760,"comment_status":"open","ping_status":"closed","template":"","meta":[],"product_brand":[],"product_cat":[79,87],"product_tag":[],"class_list":{"0":"post-4001","1":"product","2":"type-product","3":"status-publish","4":"has-post-thumbnail","6":"product_cat-mode-fr","7":"product_cat-t-shirts-fr","9":"first","10":"instock","11":"taxable","12":"shipping-taxable","13":"purchasable","14":"product-type-variable"},"yoast_head":"<!-- This site is optimized with the Yoast SEO plugin v27.3 - https:\/\/yoast.com\/product\/yoast-seo-wordpress\/ -->\n<title>Prix d&#039;Ami college - T-shirt court - Noir - Prix Brandstore<\/title>\n<meta name=\"robots\" content=\"index, follow, max-snippet:-1, max-image-preview:large, max-video-preview:-1\" \/>\n<link rel=\"canonical\" href=\"https:\/\/prixbrandstore.com\/fr\/produit\/prix-dami-college-t-shirt-court-noir\/\" \/>\n<meta property=\"og:locale\" content=\"fr_FR\" \/>\n<meta property=\"og:type\" content=\"article\" \/>\n<meta property=\"og:title\" content=\"Prix d&#039;Ami college - T-shirt court - Noir - Prix Brandstore\" \/>\n<meta property=\"og:description\" content=\"Coupe r\u00e9guli\u00e8re - nous vous recommandons de prendre votre taille habituelle. Pour un look plus surdimensionn\u00e9, nous vous sugg\u00e9rons de prendre une taille au-dessus.    Coupe courte  Femmes  100% coton biologique (180 g\/m\u00b2)  Logo de l&#039;arche du Prix d&#039;Ami sur la poitrine en rose  Ourlet cousu \u00e0 double fil  Coutures d&#039;\u00e9paule au point de cha\u00eenette  Col en c\u00f4tes 1x1  Bande de propret\u00e9 int\u00e9rieure pour plus de confort  Disponible en deux couleurs  Certifi\u00e9 OEKO-TEX &nbsp; Instructions de lavage :  Lavage \u00e0 30 degr\u00e9s  Lavez et repassez \u00e0 l&#039;envers  Ne pas s\u00e9cher au s\u00e8che-linge  Laver avec des couleurs similaires\" \/>\n<meta property=\"og:url\" content=\"https:\/\/prixbrandstore.com\/fr\/produit\/prix-dami-college-t-shirt-court-noir\/\" \/>\n<meta property=\"og:site_name\" content=\"Prix Brandstore\" \/>\n<meta property=\"og:image\" content=\"https:\/\/prixbrandstore.com\/wp-content\/uploads\/2025\/07\/01-005-Black-4-2696-1-scaled.jpg\" \/>\n\t<meta property=\"og:image:width\" content=\"1659\" \/>\n\t<meta property=\"og:image:height\" content=\"2560\" \/>\n\t<meta property=\"og:image:type\" content=\"image\/jpeg\" \/>\n<meta name=\"twitter:card\" content=\"summary_large_image\" \/>\n<script type=\"application\/ld+json\" class=\"yoast-schema-graph\">{\"@context\":\"https:\\\/\\\/schema.org\",\"@graph\":[{\"@type\":\"WebPage\",\"@id\":\"https:\\\/\\\/prixbrandstore.com\\\/fr\\\/produit\\\/prix-dami-college-t-shirt-court-noir\\\/\",\"url\":\"https:\\\/\\\/prixbrandstore.com\\\/fr\\\/produit\\\/prix-dami-college-t-shirt-court-noir\\\/\",\"name\":\"Prix d'Ami college - T-shirt court - Noir - Prix Brandstore\",\"isPartOf\":{\"@id\":\"https:\\\/\\\/prixbrandstore.com\\\/fr\\\/#website\"},\"primaryImageOfPage\":{\"@id\":\"https:\\\/\\\/prixbrandstore.com\\\/fr\\\/produit\\\/prix-dami-college-t-shirt-court-noir\\\/#primaryimage\"},\"image\":{\"@id\":\"https:\\\/\\\/prixbrandstore.com\\\/fr\\\/produit\\\/prix-dami-college-t-shirt-court-noir\\\/#primaryimage\"},\"thumbnailUrl\":\"https:\\\/\\\/prixbrandstore.com\\\/wp-content\\\/uploads\\\/2025\\\/07\\\/01-005-Black-4-2696-1-scaled.jpg\",\"datePublished\":\"2025-07-24T13:58:59+00:00\",\"breadcrumb\":{\"@id\":\"https:\\\/\\\/prixbrandstore.com\\\/fr\\\/produit\\\/prix-dami-college-t-shirt-court-noir\\\/#breadcrumb\"},\"inLanguage\":\"fr-FR\",\"potentialAction\":[{\"@type\":\"ReadAction\",\"target\":[\"https:\\\/\\\/prixbrandstore.com\\\/fr\\\/produit\\\/prix-dami-college-t-shirt-court-noir\\\/\"]}]},{\"@type\":\"ImageObject\",\"inLanguage\":\"fr-FR\",\"@id\":\"https:\\\/\\\/prixbrandstore.com\\\/fr\\\/produit\\\/prix-dami-college-t-shirt-court-noir\\\/#primaryimage\",\"url\":\"https:\\\/\\\/prixbrandstore.com\\\/wp-content\\\/uploads\\\/2025\\\/07\\\/01-005-Black-4-2696-1-scaled.jpg\",\"contentUrl\":\"https:\\\/\\\/prixbrandstore.com\\\/wp-content\\\/uploads\\\/2025\\\/07\\\/01-005-Black-4-2696-1-scaled.jpg\",\"width\":1659,\"height\":2560},{\"@type\":\"BreadcrumbList\",\"@id\":\"https:\\\/\\\/prixbrandstore.com\\\/fr\\\/produit\\\/prix-dami-college-t-shirt-court-noir\\\/#breadcrumb\",\"itemListElement\":[{\"@type\":\"ListItem\",\"position\":1,\"name\":\"Home\",\"item\":\"https:\\\/\\\/prixbrandstore.com\\\/fr\\\/\"},{\"@type\":\"ListItem\",\"position\":2,\"name\":\"Boutique\",\"item\":\"https:\\\/\\\/prixbrandstore.com\\\/fr\\\/shop\\\/\"},{\"@type\":\"ListItem\",\"position\":3,\"name\":\"Prix d&#8217;Ami college &#8211; T-shirt court &#8211; Noir\"}]},{\"@type\":\"WebSite\",\"@id\":\"https:\\\/\\\/prixbrandstore.com\\\/fr\\\/#website\",\"url\":\"https:\\\/\\\/prixbrandstore.com\\\/fr\\\/\",\"name\":\"Prix Brandstore\",\"description\":\"\",\"publisher\":{\"@id\":\"https:\\\/\\\/prixbrandstore.com\\\/fr\\\/#organization\"},\"potentialAction\":[{\"@type\":\"SearchAction\",\"target\":{\"@type\":\"EntryPoint\",\"urlTemplate\":\"https:\\\/\\\/prixbrandstore.com\\\/fr\\\/?s={search_term_string}\"},\"query-input\":{\"@type\":\"PropertyValueSpecification\",\"valueRequired\":true,\"valueName\":\"search_term_string\"}}],\"inLanguage\":\"fr-FR\"},{\"@type\":\"Organization\",\"@id\":\"https:\\\/\\\/prixbrandstore.com\\\/fr\\\/#organization\",\"name\":\"Prix Brandstore\",\"url\":\"https:\\\/\\\/prixbrandstore.com\\\/fr\\\/\",\"logo\":{\"@type\":\"ImageObject\",\"inLanguage\":\"fr-FR\",\"@id\":\"https:\\\/\\\/prixbrandstore.com\\\/fr\\\/#\\\/schema\\\/logo\\\/image\\\/\",\"url\":\"https:\\\/\\\/prixbrandstore.com\\\/wp-content\\\/uploads\\\/2023\\\/08\\\/Final_PrixBS_LOGO-BLACK.png\",\"contentUrl\":\"https:\\\/\\\/prixbrandstore.com\\\/wp-content\\\/uploads\\\/2023\\\/08\\\/Final_PrixBS_LOGO-BLACK.png\",\"width\":1253,\"height\":635,\"caption\":\"Prix Brandstore\"},\"image\":{\"@id\":\"https:\\\/\\\/prixbrandstore.com\\\/fr\\\/#\\\/schema\\\/logo\\\/image\\\/\"}}]}<\/script>\n<!-- \/ Yoast SEO plugin. -->","yoast_head_json":{"title":"Prix d'Ami college - T-shirt court - Noir - Prix Brandstore","robots":{"index":"index","follow":"follow","max-snippet":"max-snippet:-1","max-image-preview":"max-image-preview:large","max-video-preview":"max-video-preview:-1"},"canonical":"https:\/\/prixbrandstore.com\/fr\/produit\/prix-dami-college-t-shirt-court-noir\/","og_locale":"fr_FR","og_type":"article","og_title":"Prix d'Ami college - T-shirt court - Noir - Prix Brandstore","og_description":"Coupe r\u00e9guli\u00e8re - nous vous recommandons de prendre votre taille habituelle. Pour un look plus surdimensionn\u00e9, nous vous sugg\u00e9rons de prendre une taille au-dessus.    Coupe courte  Femmes  100% coton biologique (180 g\/m\u00b2)  Logo de l'arche du Prix d'Ami sur la poitrine en rose  Ourlet cousu \u00e0 double fil  Coutures d'\u00e9paule au point de cha\u00eenette  Col en c\u00f4tes 1x1  Bande de propret\u00e9 int\u00e9rieure pour plus de confort  Disponible en deux couleurs  Certifi\u00e9 OEKO-TEX &nbsp; Instructions de lavage :  Lavage \u00e0 30 degr\u00e9s  Lavez et repassez \u00e0 l'envers  Ne pas s\u00e9cher au s\u00e8che-linge  Laver avec des couleurs similaires","og_url":"https:\/\/prixbrandstore.com\/fr\/produit\/prix-dami-college-t-shirt-court-noir\/","og_site_name":"Prix Brandstore","og_image":[{"width":1659,"height":2560,"url":"https:\/\/prixbrandstore.com\/wp-content\/uploads\/2025\/07\/01-005-Black-4-2696-1-scaled.jpg","type":"image\/jpeg"}],"twitter_card":"summary_large_image","schema":{"@context":"https:\/\/schema.org","@graph":[{"@type":"WebPage","@id":"https:\/\/prixbrandstore.com\/fr\/produit\/prix-dami-college-t-shirt-court-noir\/","url":"https:\/\/prixbrandstore.com\/fr\/produit\/prix-dami-college-t-shirt-court-noir\/","name":"Prix d'Ami college - T-shirt court - Noir - Prix Brandstore","isPartOf":{"@id":"https:\/\/prixbrandstore.com\/fr\/#website"},"primaryImageOfPage":{"@id":"https:\/\/prixbrandstore.com\/fr\/produit\/prix-dami-college-t-shirt-court-noir\/#primaryimage"},"image":{"@id":"https:\/\/prixbrandstore.com\/fr\/produit\/prix-dami-college-t-shirt-court-noir\/#primaryimage"},"thumbnailUrl":"https:\/\/prixbrandstore.com\/wp-content\/uploads\/2025\/07\/01-005-Black-4-2696-1-scaled.jpg","datePublished":"2025-07-24T13:58:59+00:00","breadcrumb":{"@id":"https:\/\/prixbrandstore.com\/fr\/produit\/prix-dami-college-t-shirt-court-noir\/#breadcrumb"},"inLanguage":"fr-FR","potentialAction":[{"@type":"ReadAction","target":["https:\/\/prixbrandstore.com\/fr\/produit\/prix-dami-college-t-shirt-court-noir\/"]}]},{"@type":"ImageObject","inLanguage":"fr-FR","@id":"https:\/\/prixbrandstore.com\/fr\/produit\/prix-dami-college-t-shirt-court-noir\/#primaryimage","url":"https:\/\/prixbrandstore.com\/wp-content\/uploads\/2025\/07\/01-005-Black-4-2696-1-scaled.jpg","contentUrl":"https:\/\/prixbrandstore.com\/wp-content\/uploads\/2025\/07\/01-005-Black-4-2696-1-scaled.jpg","width":1659,"height":2560},{"@type":"BreadcrumbList","@id":"https:\/\/prixbrandstore.com\/fr\/produit\/prix-dami-college-t-shirt-court-noir\/#breadcrumb","itemListElement":[{"@type":"ListItem","position":1,"name":"Home","item":"https:\/\/prixbrandstore.com\/fr\/"},{"@type":"ListItem","position":2,"name":"Boutique","item":"https:\/\/prixbrandstore.com\/fr\/shop\/"},{"@type":"ListItem","position":3,"name":"Prix d&#8217;Ami college &#8211; T-shirt court &#8211; Noir"}]},{"@type":"WebSite","@id":"https:\/\/prixbrandstore.com\/fr\/#website","url":"https:\/\/prixbrandstore.com\/fr\/","name":"Prix Brandstore","description":"","publisher":{"@id":"https:\/\/prixbrandstore.com\/fr\/#organization"},"potentialAction":[{"@type":"SearchAction","target":{"@type":"EntryPoint","urlTemplate":"https:\/\/prixbrandstore.com\/fr\/?s={search_term_string}"},"query-input":{"@type":"PropertyValueSpecification","valueRequired":true,"valueName":"search_term_string"}}],"inLanguage":"fr-FR"},{"@type":"Organization","@id":"https:\/\/prixbrandstore.com\/fr\/#organization","name":"Prix Brandstore","url":"https:\/\/prixbrandstore.com\/fr\/","logo":{"@type":"ImageObject","inLanguage":"fr-FR","@id":"https:\/\/prixbrandstore.com\/fr\/#\/schema\/logo\/image\/","url":"https:\/\/prixbrandstore.com\/wp-content\/uploads\/2023\/08\/Final_PrixBS_LOGO-BLACK.png","contentUrl":"https:\/\/prixbrandstore.com\/wp-content\/uploads\/2023\/08\/Final_PrixBS_LOGO-BLACK.png","width":1253,"height":635,"caption":"Prix Brandstore"},"image":{"@id":"https:\/\/prixbrandstore.com\/fr\/#\/schema\/logo\/image\/"}}]}},"_links":{"self":[{"href":"https:\/\/prixbrandstore.com\/fr\/wp-json\/wp\/v2\/product\/4001","targetHints":{"allow":["GET"]}}],"collection":[{"href":"https:\/\/prixbrandstore.com\/fr\/wp-json\/wp\/v2\/product"}],"about":[{"href":"https:\/\/prixbrandstore.com\/fr\/wp-json\/wp\/v2\/types\/product"}],"replies":[{"embeddable":true,"href":"https:\/\/prixbrandstore.com\/fr\/wp-json\/wp\/v2\/comments?post=4001"}],"wp:featuredmedia":[{"embeddable":true,"href":"https:\/\/prixbrandstore.com\/fr\/wp-json\/wp\/v2\/media\/2760"}],"wp:attachment":[{"href":"https:\/\/prixbrandstore.com\/fr\/wp-json\/wp\/v2\/media?parent=4001"}],"wp:term":[{"taxonomy":"product_brand","embeddable":true,"href":"https:\/\/prixbrandstore.com\/fr\/wp-json\/wp\/v2\/product_brand?post=4001"},{"taxonomy":"product_cat","embeddable":true,"href":"https:\/\/prixbrandstore.com\/fr\/wp-json\/wp\/v2\/product_cat?post=4001"},{"taxonomy":"product_tag","embeddable":true,"href":"https:\/\/prixbrandstore.com\/fr\/wp-json\/wp\/v2\/product_tag?post=4001"}],"curies":[{"name":"wp","href":"https:\/\/api.w.org\/{rel}","templated":true}]}}